{"id":197758,"date":"2026-01-14T10:03:49","date_gmt":"2026-01-14T10:03:49","guid":{"rendered":"https:\/\/moto-oprema.com\/?post_type=product&#038;p=197758"},"modified":"2026-01-14T10:10:22","modified_gmt":"2026-01-14T10:10:22","slug":"alpinestars-t-jaws-v4-wp-jakna-crna-fl-crvena-tamno-crvena-kopija","status":"publish","type":"product","link":"https:\/\/moto-oprema.com\/hr\/Artikel\/alpinestars-t-jaws-v4-wp-jakna-crna-fl-crvena-tamno-crvena-kopija\/","title":{"rendered":"ALPINESTARS T-JAWS V4 WP JAKNA CRNA LEDENO SIVA TAMNO SIVA"},"content":{"rendered":"<div id=\"tw-target-text-container\" class=\"tw-ta-container tw-nfl\">\n<p id=\"tw-target-text\" class=\"tw-data-text tw-text-large tw-ta\" dir=\"ltr\" style=\"text-align: left;\"><span lang=\"sl\">Alpinestars T-Jaws V4 jakna je vodootporna i otporna na vodu. Izra\u0111ena od tkanine otporne na habanje s uklonjivom termo i mre\u017eastom podstavom. Jakna je certificirana prema europskim standardima.    <\/span><\/p>\n<p>Vanjska konstrukcija jakne vi\u0161e gusto\u0107e izra\u0111ena je od napredne polietilenske tkanine 600D i 450D te rastezljivog softshella na ramenima za ve\u0107u slobodu kretanja i udobnost voza\u010da. Izdr\u017eljiva vodootporna membrana osigurava za\u0161titu i performanse u svim vremenskim uvjetima.<br \/>\n Uklonjiva termalna podstava s flisom, tijelo 100 g, rukavi 80 g, za optimalnu toplinu, pristajanje i udobnost.<br \/>\n Izravni otvori za ventilaciju s patentnim zatvara\u010dima, strate\u0161ki postavljeni s obje strane torza, osiguravaju optimalnu cirkulaciju zraka u svim slojevima kada su otvoreni, a ujedno prozra\u010duju i fiksnu WP membranu. <\/p>\n<p>Zna\u010dajke:<\/p>\n<ul>\n<li>Spremno za tech-Air\u00ae tehnologiju.<\/li>\n<li>Nucleon Flex Plus \u0161titnici za laktove i ramena za u\u010dinkovitu za\u0161titu od udara.<\/li>\n<li>GP Lite oja\u010danja za ramena za dodatnu za\u0161titu od udara.<\/li>\n<li>Prema europskom zakonodavstvu, CE oznaka je uvjet sukladnosti za stavljanje ovog proizvoda na tr\u017ei\u0161te. Za ovaj proizvod primjenjuju se sljede\u0107i standardi:<\/li>\n<li>Uredba o osobnoj za\u0161titnoj opremi CE kategorije II EN 17092 &#8211; Klasa A.<\/li>\n<li>CE razina 1 EN1621-1:2012 Alpinestars Nucleon Flex Plus \u0161titnici za laktove i ramena.<\/li>\n<\/ul>\n<p>Sastav sirovine<\/p>\n<p>100% poliester<\/p>\n<\/div>\n<div id=\"z6maec\" class=\"tw-ta-container tw-nfl\"><\/div>\n","protected":false},"excerpt":{"rendered":"<p>Boja: crna &#8211; fluorescentno crvena &#8211; tamno crvena<\/p>\n","protected":false},"featured_media":197778,"comment_status":"open","ping_status":"closed","template":"","meta":{"_acf_changed":false},"brand":[2748],"gender":[2167],"product_brand":[],"product_cat":[2759,1356,2761],"product_tag":[],"class_list":{"0":"post-197758","1":"product","2":"type-product","3":"status-publish","4":"has-post-thumbnail","6":"brand-alpinestars-hr","7":"gender-moski-en","8":"product_cat-jakne-hr","9":"product_cat-motociklisticka-oprema","10":"product_cat-tekstilne-jakne-hr","11":"pa_size-l-hr","12":"pa_size-m-hr","13":"pa_size-s-hr","14":"pa_size-xl-hr","15":"pa_size-xxl-hr","17":"first","18":"onbackorder","19":"sale","20":"taxable","21":"shipping-taxable","22":"purchasable","23":"product-type-variable"},"acf":[],"_links":{"self":[{"href":"https:\/\/moto-oprema.com\/hr\/wp-json\/wp\/v2\/product\/197758","targetHints":{"allow":["GET"]}}],"collection":[{"href":"https:\/\/moto-oprema.com\/hr\/wp-json\/wp\/v2\/product"}],"about":[{"href":"https:\/\/moto-oprema.com\/hr\/wp-json\/wp\/v2\/types\/product"}],"replies":[{"embeddable":true,"href":"https:\/\/moto-oprema.com\/hr\/wp-json\/wp\/v2\/comments?post=197758"}],"wp:featuredmedia":[{"embeddable":true,"href":"https:\/\/moto-oprema.com\/hr\/wp-json\/wp\/v2\/media\/197778"}],"wp:attachment":[{"href":"https:\/\/moto-oprema.com\/hr\/wp-json\/wp\/v2\/media?parent=197758"}],"wp:term":[{"taxonomy":"brand","embeddable":true,"href":"https:\/\/moto-oprema.com\/hr\/wp-json\/wp\/v2\/brand?post=197758"},{"taxonomy":"gender","embeddable":true,"href":"https:\/\/moto-oprema.com\/hr\/wp-json\/wp\/v2\/gender?post=197758"},{"taxonomy":"product_brand","embeddable":true,"href":"https:\/\/moto-oprema.com\/hr\/wp-json\/wp\/v2\/product_brand?post=197758"},{"taxonomy":"product_cat","embeddable":true,"href":"https:\/\/moto-oprema.com\/hr\/wp-json\/wp\/v2\/product_cat?post=197758"},{"taxonomy":"product_tag","embeddable":true,"href":"https:\/\/moto-oprema.com\/hr\/wp-json\/wp\/v2\/product_tag?post=197758"}],"curies":[{"name":"wp","href":"https:\/\/api.w.org\/{rel}","templated":true}]}}