{"id":196966,"date":"2026-01-14T08:03:39","date_gmt":"2026-01-14T08:03:39","guid":{"rendered":"https:\/\/moto-oprema.com\/?post_type=product&#038;p=196966"},"modified":"2026-01-14T08:21:03","modified_gmt":"2026-01-14T08:21:03","slug":"alpinestars-xt-3-drystar-izolirane-rukavice-crne-kopija-2","status":"publish","type":"product","link":"https:\/\/moto-oprema.com\/hr\/Artikel\/alpinestars-xt-3-drystar-izolirane-rukavice-crne-kopija-2\/","title":{"rendered":"ALPINESTARS WT-1 DRYSTAR IZOLIRANE RUKAVICE CRNE"},"content":{"rendered":"<p>Alpinestars WT-1 Drystar vodootporne termalne motociklisti\u010dke rukavice<\/p>\n<p>Motociklisti\u010dke rukavice WT-1 Drystar\u00ae dizajnirane su za putovanje na posao i vo\u017enju po hladnom i vla\u017enom vremenu. Napredna Drystar\u00ae Performance membrana pru\u017ea pouzdanu za\u0161titu od vremenskih uvjeta i visoku prozra\u010dnost. 100 grama toplinske izolacije pru\u017ea ugodnu toplinu, dok mekani PU \u0161titnici za prste i oja\u010dani materijali osiguravaju optimalno prianjanje, udobnost i sigurnost.  <\/p>\n<p>Zna\u010dajke:<\/p>\n<ul>\n<li>Drystar\u00ae membrana \u2013 vodootporna i prozra\u010dna<\/li>\n<li>100 g izolacije za tople ruke<\/li>\n<li>Man\u017eete srednje duljine \u2013 mogu se nositi preko ili ispod jakne<\/li>\n<li>Izdr\u017eljiva tekstilna stra\u017enja strana rukava za za\u0161titu i fleksibilnost<\/li>\n<li>Oja\u010dana unutarnja ko\u017ena navlaka za prianjanje i izdr\u017eljivost<\/li>\n<li>Podesivi sustav pri\u010dvr\u0161\u0107ivanja \u010di\u010dkom za sigurno prianjanje<\/li>\n<\/ul>\n<p>Tehni\u010dki podaci:<\/p>\n<ul>\n<li>Za\u0161titne rukavice za motocikliste EN 13594:2015<\/li>\n<li>Ergonomski mekani PU \u0161titnici za prste za bolju za\u0161titu od udaraca i ogrebotina<\/li>\n<li>Provodljivi vrhovi prstiju za kori\u0161tenje zaslona osjetljivog na dodir<\/li>\n<li>Dodatne informacije o proizvodu<\/li>\n<li>Funkcije<\/li>\n<li>Oblo\u017eeno<\/li>\n<li>Mogu\u0107e je upravljanje zaslonom osjetljivim na dodir<\/li>\n<li>Vodootporno<\/li>\n<\/ul>\n<p>Klasa za\u0161tite<br \/>\n Razina 1<\/p>\n","protected":false},"excerpt":{"rendered":"<p>Alpinestars WT-1 Drystar vodootporne termalne motociklisti\u010dke rukavice Motociklisti\u010dke rukavice WT-1 Drystar\u00ae dizajnirane su za putovanje na&#8230;<\/p>\n","protected":false},"featured_media":197010,"comment_status":"open","ping_status":"closed","template":"","meta":{"_acf_changed":false},"brand":[2748],"gender":[1313],"product_brand":[],"product_cat":[1356,2816,2822],"product_tag":[],"class_list":{"0":"post-196966","1":"product","2":"type-product","3":"status-publish","4":"has-post-thumbnail","6":"brand-alpinestars-hr","7":"gender-moski","8":"product_cat-motociklisticka-oprema","9":"product_cat-rukavice","10":"product_cat-tekstilne-rukavice","11":"pa_velikost-rokovice-l-hr","12":"pa_velikost-rokovice-m-hr","13":"pa_velikost-rokovice-s-hr","14":"pa_velikost-rokovice-xl-hr","15":"pa_velikost-rokovice-xxl-hr","16":"pa_velikost-rokovice-xxxl-hr","18":"first","19":"instock","20":"sale","21":"taxable","22":"shipping-taxable","23":"purchasable","24":"product-type-variable"},"acf":[],"_links":{"self":[{"href":"https:\/\/moto-oprema.com\/hr\/wp-json\/wp\/v2\/product\/196966","targetHints":{"allow":["GET"]}}],"collection":[{"href":"https:\/\/moto-oprema.com\/hr\/wp-json\/wp\/v2\/product"}],"about":[{"href":"https:\/\/moto-oprema.com\/hr\/wp-json\/wp\/v2\/types\/product"}],"replies":[{"embeddable":true,"href":"https:\/\/moto-oprema.com\/hr\/wp-json\/wp\/v2\/comments?post=196966"}],"wp:featuredmedia":[{"embeddable":true,"href":"https:\/\/moto-oprema.com\/hr\/wp-json\/wp\/v2\/media\/197010"}],"wp:attachment":[{"href":"https:\/\/moto-oprema.com\/hr\/wp-json\/wp\/v2\/media?parent=196966"}],"wp:term":[{"taxonomy":"brand","embeddable":true,"href":"https:\/\/moto-oprema.com\/hr\/wp-json\/wp\/v2\/brand?post=196966"},{"taxonomy":"gender","embeddable":true,"href":"https:\/\/moto-oprema.com\/hr\/wp-json\/wp\/v2\/gender?post=196966"},{"taxonomy":"product_brand","embeddable":true,"href":"https:\/\/moto-oprema.com\/hr\/wp-json\/wp\/v2\/product_brand?post=196966"},{"taxonomy":"product_cat","embeddable":true,"href":"https:\/\/moto-oprema.com\/hr\/wp-json\/wp\/v2\/product_cat?post=196966"},{"taxonomy":"product_tag","embeddable":true,"href":"https:\/\/moto-oprema.com\/hr\/wp-json\/wp\/v2\/product_tag?post=196966"}],"curies":[{"name":"wp","href":"https:\/\/api.w.org\/{rel}","templated":true}]}}