{"id":196699,"date":"2026-01-13T11:17:48","date_gmt":"2026-01-13T11:17:48","guid":{"rendered":"https:\/\/moto-oprema.com\/?post_type=product&#038;p=196699"},"modified":"2026-01-13T11:35:31","modified_gmt":"2026-01-13T11:35:31","slug":"alpinestars-belize-v3-drystar-rukavice-crne-kopija-2","status":"publish","type":"product","link":"https:\/\/moto-oprema.com\/hr\/Artikel\/alpinestars-belize-v3-drystar-rukavice-crne-kopija-2\/","title":{"rendered":"ALPINESTARS XT-3 DRYSTAR IZOLIRANE RUKAVICE CRNE"},"content":{"rendered":"<p>Rukavice XT-3 Drystar\u00ae posebno su razvijene za avanturisti\u010dku vo\u017enju u svim vremenskim uvjetima i laganu vo\u017enju izvan ceste. S naprednom Drystar\u00ae membranom, visokokvalitetnom izolacijom i promi\u0161ljenim za\u0161titnim detaljima, nude optimalnu udobnost, toplinu i kontrolu &#8211; idealne za hladne i mokre uvjete. <\/p>\n<p>Zna\u010dajke:<\/p>\n<ul>\n<li>Integrirana Drystar\u00ae Performance membrana osigurava 100% vodootpornost i visoku prozra\u010dnost \u2013 idealno za promjenjive vremenske uvjete.<\/li>\n<li>80 g PrimaLoft\u00ae Gold izolacije odr\u017eava va\u0161e ruke toplima, a istovremeno odvodi vi\u0161ak topline i vlage.<\/li>\n<li>Ergonomski dizajnirani, mekani PU \u0161titnici za prste prilago\u0111avaju se prirodnom pokretu prstiju i pru\u017eaju izravan osje\u0107aj kontrole.<\/li>\n<li>Man\u017eete srednje duljine omogu\u0107uju vam no\u0161enje preko ili ispod jakne \u2013 za individualnu toplinu i udobnost.<\/li>\n<li>Provodljivi vrhovi prstiju omogu\u0107uju vam kori\u0161tenje zaslona osjetljivih na dodir bez skidanja rukavica.<\/li>\n<li>Dvoslojna rastezljiva \u0161koljka pru\u017ea udoban i fleksibilan hvat.<\/li>\n<li>Tekstilna oja\u010danja na nadlanici pove\u0107avaju izdr\u017eljivost.<\/li>\n<li>Ko\u017eni dlan s oja\u010danjem na prekriva\u010du nudi izvrstan prihvat i otpornost na habanje.<\/li>\n<li>Vi\u0161eslojna, podstavljena konstrukcija za dodatnu za\u0161titu na kriti\u010dnim podru\u010djima.<\/li>\n<\/ul>\n<p>Tehni\u010dki podaci:<\/p>\n<ul>\n<li>Za\u0161titne rukavice za motocikliste \u2013 EN 13594:2015, razina za\u0161tite 1 KP<\/li>\n<li>Ergonomski dizajniran, izlo\u017eeni \u0161titnik za prste pru\u017ea u\u010dinkovitu za\u0161titu od udaraca i ogrebotina<\/li>\n<li>Strate\u0161ki postavljena podloga i oja\u010danja na dlanu, nadlanici i bo\u010dnim stranama ruke pove\u0107avaju za\u0161titu u slu\u010daju pada<\/li>\n<li>Klizni dijelovi na dlanu pobolj\u0161avaju otpornost na habanje i osiguravaju dugi vijek trajanja.<\/li>\n<\/ul>\n<p>Dodatne informacije o proizvodu<\/p>\n<p>Materijal: 41% poliamid, 33% poliester, 23% poliuretan, 3% polivinilklorid<\/p>\n<p>Funkcije<br \/>\n Mogu\u0107nost upravljanja telefonom (zaslon osjetljiv na dodir)<br \/>\n Vodootporno<br \/>\n Klasa za\u0161tite: Razina 1<\/p>\n","protected":false},"excerpt":{"rendered":"<p>Rukavice XT-3 Drystar\u00ae posebno su razvijene za avanturisti\u010dku vo\u017enju u svim vremenskim uvjetima i laganu vo\u017enju&#8230;<\/p>\n","protected":false},"featured_media":196753,"comment_status":"open","ping_status":"closed","template":"","meta":{"_acf_changed":false},"brand":[2748],"gender":[2167],"product_brand":[],"product_cat":[1356,2816,2822],"product_tag":[],"class_list":{"0":"post-196699","1":"product","2":"type-product","3":"status-publish","4":"has-post-thumbnail","6":"brand-alpinestars-hr","7":"gender-moski-en","8":"product_cat-motociklisticka-oprema","9":"product_cat-rukavice","10":"product_cat-tekstilne-rukavice","11":"pa_velikost-rokovice-l-hr","12":"pa_velikost-rokovice-m-hr","13":"pa_velikost-rokovice-s-hr","14":"pa_velikost-rokovice-xl-hr","15":"pa_velikost-rokovice-xxl-hr","16":"pa_velikost-rokovice-xxxl-hr","18":"first","19":"instock","20":"sale","21":"taxable","22":"shipping-taxable","23":"purchasable","24":"product-type-variable"},"acf":[],"_links":{"self":[{"href":"https:\/\/moto-oprema.com\/hr\/wp-json\/wp\/v2\/product\/196699","targetHints":{"allow":["GET"]}}],"collection":[{"href":"https:\/\/moto-oprema.com\/hr\/wp-json\/wp\/v2\/product"}],"about":[{"href":"https:\/\/moto-oprema.com\/hr\/wp-json\/wp\/v2\/types\/product"}],"replies":[{"embeddable":true,"href":"https:\/\/moto-oprema.com\/hr\/wp-json\/wp\/v2\/comments?post=196699"}],"wp:featuredmedia":[{"embeddable":true,"href":"https:\/\/moto-oprema.com\/hr\/wp-json\/wp\/v2\/media\/196753"}],"wp:attachment":[{"href":"https:\/\/moto-oprema.com\/hr\/wp-json\/wp\/v2\/media?parent=196699"}],"wp:term":[{"taxonomy":"brand","embeddable":true,"href":"https:\/\/moto-oprema.com\/hr\/wp-json\/wp\/v2\/brand?post=196699"},{"taxonomy":"gender","embeddable":true,"href":"https:\/\/moto-oprema.com\/hr\/wp-json\/wp\/v2\/gender?post=196699"},{"taxonomy":"product_brand","embeddable":true,"href":"https:\/\/moto-oprema.com\/hr\/wp-json\/wp\/v2\/product_brand?post=196699"},{"taxonomy":"product_cat","embeddable":true,"href":"https:\/\/moto-oprema.com\/hr\/wp-json\/wp\/v2\/product_cat?post=196699"},{"taxonomy":"product_tag","embeddable":true,"href":"https:\/\/moto-oprema.com\/hr\/wp-json\/wp\/v2\/product_tag?post=196699"}],"curies":[{"name":"wp","href":"https:\/\/api.w.org\/{rel}","templated":true}]}}