{"id":196678,"date":"2026-01-13T10:58:02","date_gmt":"2026-01-13T10:58:02","guid":{"rendered":"https:\/\/moto-oprema.com\/?post_type=product&#038;p=196678"},"modified":"2026-01-13T11:10:07","modified_gmt":"2026-01-13T11:10:07","slug":"hjc-smart-sena-11b-komunikacija-kopija","status":"publish","type":"product","link":"https:\/\/moto-oprema.com\/hr\/Artikel\/hjc-smart-sena-11b-komunikacija-kopija\/","title":{"rendered":"HJC SMART 11BE KOMUNIKACIJA"},"content":{"rendered":"<p>HJC Smart 11Be komunikacijski sustav za jednu kacigu<\/p>\n<p>Komunikacijski sustav SMART HJC 2. generacije u osnovnoj verziji impresionira potpuno integriranim dizajnom &#8220;sve u jednom&#8221; koji osigurava optimalnu raspodjelu te\u017eine i aerodinami\u010dke performanse tijekom vo\u017enje. Zahvaljuju\u0107i modernom Bluetooth 5.2 Ultra-Low-Power sustavu i funkciji dvosmjernog interkoma, sustav nudi brojna pobolj\u0161anja, uklju\u010duju\u0107i vi\u0161estruke veze i pobolj\u0161ano suzbijanje buke za jasniju komunikaciju. Osim toga, SMART HJC 11Be opremljen je HD zvu\u010dnicima koji reproduciraju srednje i niske frekvencije s ve\u0107om puno\u0107om i detaljima.   <\/p>\n<p>Zna\u010dajke:<\/p>\n<ul>\n<li>Sve-u-jednom dizajn za optimalnu raspodjelu te\u017eine i aerodinami\u010dke performanse<\/li>\n<li>Pobolj\u0161ano poni\u0161tavanje buke za optimalnu kvalitetu govora<\/li>\n<li>Pomo\u0107u aplikacije za pametne telefone mo\u017eete brzo i jednostavno upravljati raznim funkcijama komunikacijskog sustava<\/li>\n<li>Do otprilike 12 sati razgovora\/rada<\/li>\n<li>Univerzalni interfon s dometom do 20 m<\/li>\n<\/ul>\n<p>Tehni\u010dke zna\u010dajke:<\/p>\n<ul>\n<li>Dvosmjerni interfon<\/li>\n<li>HD+ zvu\u010dnici<\/li>\n<li>Tandemski interfon<\/li>\n<li>Kontrola buke<\/li>\n<li>Mobilna aplikacija<\/li>\n<\/ul>\n<p>Bluetooth:<\/p>\n<p>Bluetooth\u00ae 5.2<\/p>\n<p>Upravlja\u010dka jedinica:<\/p>\n<ul>\n<li>Uklju\u010divanje\/isklju\u010divanje, odgovaranje\/prekidanje poziva, glasno\u0107a +\/-, interfon, glasovno upravljanje uparivanjem<br \/>\n Glavna jedinica:<\/li>\n<li>Dugotrajna u\u010dinkovitost (do 12 sati)<br \/>\n Baterijska jedinica i PCB jedinica<br \/>\n Mikrofon:<\/li>\n<li>Pro\u0161ireni tip mikrofona: pogodan za modularne i JET kacige<br \/>\n Vrsta \u017eice: pogodno za kacige koje pokrivaju cijelo lice<\/li>\n<\/ul>\n<p>Kompatibilno s:<\/p>\n<ul>\n<li>F31<\/li>\n<li>i91<\/li>\n<\/ul>\n<p>Sadr\u017eaj paketa:<\/p>\n<p>1x glavna jedinica za slu\u0161alice<br \/>\n 1x upravlja\u010dka jedinica<br \/>\n 1x mikrofon<\/p>\n","protected":false},"excerpt":{"rendered":"<p>HJC Smart Sena 11B je Bluetooth komunikacijski ure\u0111aj razvijen posebno za HJC kacige.<\/p>\n","protected":false},"featured_media":196680,"comment_status":"open","ping_status":"closed","template":"","meta":{"_acf_changed":false},"brand":[2130],"gender":[],"product_brand":[],"product_cat":[1358,2757,1356],"product_tag":[],"class_list":{"0":"post-196678","1":"product","2":"type-product","3":"status-publish","4":"has-post-thumbnail","6":"brand-hjc-hr","7":"product_cat-kacige","8":"product_cat-komunikacije-hr","9":"product_cat-motociklisticka-oprema","11":"first","12":"onbackorder","13":"sale","14":"taxable","15":"shipping-taxable","16":"purchasable","17":"product-type-simple"},"acf":[],"_links":{"self":[{"href":"https:\/\/moto-oprema.com\/hr\/wp-json\/wp\/v2\/product\/196678","targetHints":{"allow":["GET"]}}],"collection":[{"href":"https:\/\/moto-oprema.com\/hr\/wp-json\/wp\/v2\/product"}],"about":[{"href":"https:\/\/moto-oprema.com\/hr\/wp-json\/wp\/v2\/types\/product"}],"replies":[{"embeddable":true,"href":"https:\/\/moto-oprema.com\/hr\/wp-json\/wp\/v2\/comments?post=196678"}],"wp:featuredmedia":[{"embeddable":true,"href":"https:\/\/moto-oprema.com\/hr\/wp-json\/wp\/v2\/media\/196680"}],"wp:attachment":[{"href":"https:\/\/moto-oprema.com\/hr\/wp-json\/wp\/v2\/media?parent=196678"}],"wp:term":[{"taxonomy":"brand","embeddable":true,"href":"https:\/\/moto-oprema.com\/hr\/wp-json\/wp\/v2\/brand?post=196678"},{"taxonomy":"gender","embeddable":true,"href":"https:\/\/moto-oprema.com\/hr\/wp-json\/wp\/v2\/gender?post=196678"},{"taxonomy":"product_brand","embeddable":true,"href":"https:\/\/moto-oprema.com\/hr\/wp-json\/wp\/v2\/product_brand?post=196678"},{"taxonomy":"product_cat","embeddable":true,"href":"https:\/\/moto-oprema.com\/hr\/wp-json\/wp\/v2\/product_cat?post=196678"},{"taxonomy":"product_tag","embeddable":true,"href":"https:\/\/moto-oprema.com\/hr\/wp-json\/wp\/v2\/product_tag?post=196678"}],"curies":[{"name":"wp","href":"https:\/\/api.w.org\/{rel}","templated":true}]}}