{"id":196309,"date":"2026-01-13T09:17:58","date_gmt":"2026-01-13T09:17:58","guid":{"rendered":"https:\/\/moto-oprema.com\/?post_type=product&#038;p=196309"},"modified":"2026-01-13T09:39:34","modified_gmt":"2026-01-13T09:39:34","slug":"hjc-sklopivna-avanturisticka-kaciga-i80-bijela-kopija","status":"publish","type":"product","link":"https:\/\/moto-oprema.com\/hr\/Artikel\/hjc-sklopivna-avanturisticka-kaciga-i80-bijela-kopija\/","title":{"rendered":"HJC C50 MX KACIGA \u010cISTO CRNA MAT"},"content":{"rendered":"<p>HJC C50 kaciga za motokros<\/p>\n<p>C50 je HJC-ova napredna MX kaciga, dizajnirana za maksimalne performanse u zahtjevnim uvjetima. Njena lagana, ali robusna \u0161koljka od polikarbonatnog kompozita pru\u017ea izvrsnu za\u0161titu i stabilnost. S u\u010dinkovitim ACS sustavom ventilacije i aerodinami\u010dki optimiziranim vizirom bez alata, C50 pru\u017ea visoku udobnost no\u0161enja i pouzdane performanse na svakoj vo\u017enji.  <\/p>\n<p>Zna\u010dajke:<\/p>\n<ul>\n<li>Napredna polikarbonatna kompozitna \u0161koljka: lagana, \u010dvrsta i otporna na udarce<\/li>\n<li>\u0160koljka testirana u aerotunelu za pobolj\u0161anu aerodinamiku<\/li>\n<li>Napredni ventilacijski sustav (ACS): Protok zraka od naprijed prema natrag uklanja toplinu i vlagu<\/li>\n<li>Optimizirana ugradnja \u0161tita bez alata: CFD pode\u0161en za stabilnost i smanjeni otpor zraka, jednostavna ugradnja i uklanjanje ru\u010dno<\/li>\n<li>Uklonjivi poklopac usnika: jednostavno \u010di\u0161\u0107enje nakon intenzivnih vo\u017enji<\/li>\n<li>Unutarnje zna\u010dajke: odvo\u0111enje vlage i brzo su\u0161enje<\/li>\n<li>\u017dljebovi za nao\u010dale za pove\u0107anu udobnost za nositelje nao\u010dala<\/li>\n<\/ul>\n<p>Tehni\u010dke specifikacije:<\/p>\n<p>Materijal: mje\u0161avina polikarbonata<br \/>\n Standard: ECE 22.06, DOT<br \/>\n Zatvaranje: dvostruki D-prsten<\/p>\n<p>Veli\u010dina kacige \/ jastu\u010di\u0107a za obraze \/ jastu\u010di\u0107a za glavu:<\/p>\n<p>XS (53-54 cm) \/ 50 mm \/ 18 mm<br \/>\n S (55-56 cm) \/ 45 mm \/ 15 mm<br \/>\n M (57-58 cm) \/ 40 mm \/ 12 mm<br \/>\n D (59-60 cm) \/ 45 mm \/ 15 mm<br \/>\n XL (61-62 cm) \/ 40 mm \/ 12 mm<br \/>\n 2XL (63-64 cm) \/ 35 mm \/ 9 mm<\/p>\n<p>Sadr\u017eaj paketa:<\/p>\n<p>1\u00d7 HJC C50 motokros kaciga<br \/>\n 1\u00d7 torba za kacigu<\/p>\n","protected":false},"excerpt":{"rendered":"<p>Boja: mat crna<\/p>\n","protected":false},"featured_media":196347,"comment_status":"open","ping_status":"closed","template":"","meta":{"_acf_changed":false},"brand":[2130],"gender":[2172],"product_brand":[],"product_cat":[2764,2733],"product_tag":[],"class_list":{"0":"post-196309","1":"product","2":"type-product","3":"status-publish","4":"has-post-thumbnail","6":"brand-hjc-hr","7":"gender-unisex-hr","8":"product_cat-mx-kacige","9":"product_cat-oprema-za-motokros","10":"pa_size-l-hr","11":"pa_size-m-hr","12":"pa_size-s-hr","13":"pa_size-xl-hr","14":"pa_size-xs-hr","15":"pa_size-xxl-hr","17":"first","18":"onbackorder","19":"sale","20":"taxable","21":"shipping-taxable","22":"purchasable","23":"product-type-variable"},"acf":[],"_links":{"self":[{"href":"https:\/\/moto-oprema.com\/hr\/wp-json\/wp\/v2\/product\/196309","targetHints":{"allow":["GET"]}}],"collection":[{"href":"https:\/\/moto-oprema.com\/hr\/wp-json\/wp\/v2\/product"}],"about":[{"href":"https:\/\/moto-oprema.com\/hr\/wp-json\/wp\/v2\/types\/product"}],"replies":[{"embeddable":true,"href":"https:\/\/moto-oprema.com\/hr\/wp-json\/wp\/v2\/comments?post=196309"}],"wp:featuredmedia":[{"embeddable":true,"href":"https:\/\/moto-oprema.com\/hr\/wp-json\/wp\/v2\/media\/196347"}],"wp:attachment":[{"href":"https:\/\/moto-oprema.com\/hr\/wp-json\/wp\/v2\/media?parent=196309"}],"wp:term":[{"taxonomy":"brand","embeddable":true,"href":"https:\/\/moto-oprema.com\/hr\/wp-json\/wp\/v2\/brand?post=196309"},{"taxonomy":"gender","embeddable":true,"href":"https:\/\/moto-oprema.com\/hr\/wp-json\/wp\/v2\/gender?post=196309"},{"taxonomy":"product_brand","embeddable":true,"href":"https:\/\/moto-oprema.com\/hr\/wp-json\/wp\/v2\/product_brand?post=196309"},{"taxonomy":"product_cat","embeddable":true,"href":"https:\/\/moto-oprema.com\/hr\/wp-json\/wp\/v2\/product_cat?post=196309"},{"taxonomy":"product_tag","embeddable":true,"href":"https:\/\/moto-oprema.com\/hr\/wp-json\/wp\/v2\/product_tag?post=196309"}],"curies":[{"name":"wp","href":"https:\/\/api.w.org\/{rel}","templated":true}]}}