{"id":194721,"date":"2026-01-08T10:11:17","date_gmt":"2026-01-08T10:11:17","guid":{"rendered":"https:\/\/moto-oprema.com\/?post_type=product&#038;p=194721"},"modified":"2026-01-08T10:24:13","modified_gmt":"2026-01-08T10:24:13","slug":"alpinestars-full-bore-v2-mx-rukavice-narancaste-kopija","status":"publish","type":"product","link":"https:\/\/moto-oprema.com\/hr\/Artikel\/alpinestars-full-bore-v2-mx-rukavice-narancaste-kopija\/","title":{"rendered":"ALPINESTARS STELLA FULL BORE V2 MX RUKAVICE ROZE"},"content":{"rendered":"<p>\u017denske rukavice Stella Full Bore v2 nude savr\u0161enu ravnote\u017eu performansi, za\u0161tite i prozra\u010dnosti &#8211; posebno dizajnirane za zahtjevne voza\u010dice motokrosa. Kombiniraju\u0107i napredni, oja\u010dani, prozra\u010dni rastezljivi materijal s ergonomski postavljenim TPR \u0161titnicima za prste, ove rukavice ne samo da pru\u017eaju iznimno pristajanje, ve\u0107 i visoku udobnost voza\u010dice. Idealne su za sve koji tra\u017ee izdr\u017eljive i za\u0161titne rukavice za intenzivnu vo\u017enju motokrosa.  <\/p>\n<p>TPR \u0161titnici za prste pru\u017eaju izvrsnu za\u0161titu od padova, a istovremeno pru\u017eaju optimalnu fleksibilnost za kretanje tijekom vo\u017enje, odr\u017eavaju\u0107i rukavice udobnima i funkcionalnima \u010dak i u najzahtjevnijim uvjetima vo\u017enje. <\/p>\n<p>Oja\u010dana sinteti\u010dka ko\u017ea osigurava izvrsno prianjanje i dug vijek trajanja, tako da uvijek mo\u017eete sigurno upravljati svojim motociklom &#8211; \u010dak i tijekom intenzivne vo\u017enje.<\/p>\n<p>Prozra\u010dni gornji materijal Flex i ventilirani elasti\u010dni umetci osiguravaju izvrsnu cirkulaciju zraka, tako da va\u0161e ruke ostaju ugodno hladne i suhe \u010dak i tijekom vru\u0107ih i znojnih vo\u017enji.<\/p>\n<p>Sastav sirovina: 48% poliester, 28% sinteti\u010dka ko\u017ea, 14% neopren, 12% poliamid<\/p>\n","protected":false},"excerpt":{"rendered":"","protected":false},"featured_media":194737,"comment_status":"open","ping_status":"closed","template":"","meta":{"_acf_changed":false},"brand":[2748],"gender":[2169],"product_brand":[],"product_cat":[2754,2733],"product_tag":[],"class_list":{"0":"post-194721","1":"product","2":"type-product","3":"status-publish","4":"has-post-thumbnail","6":"brand-alpinestars-hr","7":"gender-zenska-en","8":"product_cat-mx-rukavice","9":"product_cat-oprema-za-motokros","10":"pa_size-l-hr","11":"pa_size-m-hr","12":"pa_size-s-hr","13":"pa_size-xl-hr","14":"pa_size-xxl-hr","15":"pa_size-xxxl-hr","16":"pa_size-xxxxl-hr","18":"first","19":"onbackorder","20":"sale","21":"taxable","22":"shipping-taxable","23":"purchasable","24":"product-type-variable"},"acf":[],"_links":{"self":[{"href":"https:\/\/moto-oprema.com\/hr\/wp-json\/wp\/v2\/product\/194721","targetHints":{"allow":["GET"]}}],"collection":[{"href":"https:\/\/moto-oprema.com\/hr\/wp-json\/wp\/v2\/product"}],"about":[{"href":"https:\/\/moto-oprema.com\/hr\/wp-json\/wp\/v2\/types\/product"}],"replies":[{"embeddable":true,"href":"https:\/\/moto-oprema.com\/hr\/wp-json\/wp\/v2\/comments?post=194721"}],"wp:featuredmedia":[{"embeddable":true,"href":"https:\/\/moto-oprema.com\/hr\/wp-json\/wp\/v2\/media\/194737"}],"wp:attachment":[{"href":"https:\/\/moto-oprema.com\/hr\/wp-json\/wp\/v2\/media?parent=194721"}],"wp:term":[{"taxonomy":"brand","embeddable":true,"href":"https:\/\/moto-oprema.com\/hr\/wp-json\/wp\/v2\/brand?post=194721"},{"taxonomy":"gender","embeddable":true,"href":"https:\/\/moto-oprema.com\/hr\/wp-json\/wp\/v2\/gender?post=194721"},{"taxonomy":"product_brand","embeddable":true,"href":"https:\/\/moto-oprema.com\/hr\/wp-json\/wp\/v2\/product_brand?post=194721"},{"taxonomy":"product_cat","embeddable":true,"href":"https:\/\/moto-oprema.com\/hr\/wp-json\/wp\/v2\/product_cat?post=194721"},{"taxonomy":"product_tag","embeddable":true,"href":"https:\/\/moto-oprema.com\/hr\/wp-json\/wp\/v2\/product_tag?post=194721"}],"curies":[{"name":"wp","href":"https:\/\/api.w.org\/{rel}","templated":true}]}}