{"id":194658,"date":"2026-01-07T11:33:30","date_gmt":"2026-01-07T11:33:30","guid":{"rendered":"https:\/\/moto-oprema.com\/?post_type=product&#038;p=194658"},"modified":"2026-01-08T10:10:56","modified_gmt":"2026-01-08T10:10:56","slug":"alpinestars-full-bore-v2-mx-rukavice-crvene-kopija-2","status":"publish","type":"product","link":"https:\/\/moto-oprema.com\/hr\/Artikel\/alpinestars-full-bore-v2-mx-rukavice-crvene-kopija-2\/","title":{"rendered":"ALPINESTARS FULL BORE V2 MX RUKAVICE NARAN\u010cASTE"},"content":{"rendered":"<p>Rukavice Full Bore v2 nude savr\u0161enu ravnote\u017eu performansi, za\u0161tite i prozra\u010dnosti, razvijene za motokros voza\u010de koji \u017eele posti\u0107i vrhunske rezultate u svakoj vo\u017enji. S modernim, oja\u010danim rastezljivim materijalom i ergonomskim TPR \u0161titnicima za prste, ove rukavice nude iznimno pristajanje i visoku udobnost &#8211; idealne za intenzivne MX avanture. <\/p>\n<p>Novorazvijeni TPR \u0161titnici za prste pru\u017eaju u\u010dinkovitu za\u0161titu od padova, a istovremeno pru\u017eaju visoku fleksibilnost, tako da kretanje na biciklu nije ograni\u010deno. Idealno za zahtjevne vo\u017enje gdje su brzina i preciznost va\u017eni. <\/p>\n<p>Oja\u010dani dlan od sinteti\u010dke ko\u017ee osigurava dug vijek trajanja i dobar prihvat. To zna\u010di da uvijek mo\u017eete sigurno upravljati svojim motociklom, \u010dak i tijekom intenzivnih vo\u017enji, bez tro\u0161enja ili neudobnosti rukavica. <\/p>\n<p>Prozra\u010dni Flex gornji materijal i ventilirani elasti\u010dni umetci omogu\u0107uju izvrsnu cirkulaciju zraka, odr\u017eavaju\u0107i va\u0161e ruke hladnim i suhim, \u010dak i tijekom posebno vru\u0107ih ili znojnih MX sesija. <\/p>\n<p>Sastav sirovina: 48% poliester, 28% sinteti\u010dka ko\u017ea, 14% neopren, 12% poliamid<\/p>\n","protected":false},"excerpt":{"rendered":"","protected":false},"featured_media":194397,"comment_status":"open","ping_status":"closed","template":"","meta":{"_acf_changed":false},"brand":[2748],"gender":[2167],"product_brand":[],"product_cat":[2754,2733],"product_tag":[],"class_list":{"0":"post-194658","1":"product","2":"type-product","3":"status-publish","4":"has-post-thumbnail","6":"brand-alpinestars-hr","7":"gender-moski-en","8":"product_cat-mx-rukavice","9":"product_cat-oprema-za-motokros","10":"pa_size-l-hr","11":"pa_size-m-hr","12":"pa_size-s-hr","13":"pa_size-xl-hr","14":"pa_size-xxl-hr","15":"pa_size-xxxl-hr","16":"pa_size-xxxxl-hr","18":"first","19":"onbackorder","20":"sale","21":"taxable","22":"shipping-taxable","23":"purchasable","24":"product-type-variable"},"acf":[],"_links":{"self":[{"href":"https:\/\/moto-oprema.com\/hr\/wp-json\/wp\/v2\/product\/194658","targetHints":{"allow":["GET"]}}],"collection":[{"href":"https:\/\/moto-oprema.com\/hr\/wp-json\/wp\/v2\/product"}],"about":[{"href":"https:\/\/moto-oprema.com\/hr\/wp-json\/wp\/v2\/types\/product"}],"replies":[{"embeddable":true,"href":"https:\/\/moto-oprema.com\/hr\/wp-json\/wp\/v2\/comments?post=194658"}],"wp:featuredmedia":[{"embeddable":true,"href":"https:\/\/moto-oprema.com\/hr\/wp-json\/wp\/v2\/media\/194397"}],"wp:attachment":[{"href":"https:\/\/moto-oprema.com\/hr\/wp-json\/wp\/v2\/media?parent=194658"}],"wp:term":[{"taxonomy":"brand","embeddable":true,"href":"https:\/\/moto-oprema.com\/hr\/wp-json\/wp\/v2\/brand?post=194658"},{"taxonomy":"gender","embeddable":true,"href":"https:\/\/moto-oprema.com\/hr\/wp-json\/wp\/v2\/gender?post=194658"},{"taxonomy":"product_brand","embeddable":true,"href":"https:\/\/moto-oprema.com\/hr\/wp-json\/wp\/v2\/product_brand?post=194658"},{"taxonomy":"product_cat","embeddable":true,"href":"https:\/\/moto-oprema.com\/hr\/wp-json\/wp\/v2\/product_cat?post=194658"},{"taxonomy":"product_tag","embeddable":true,"href":"https:\/\/moto-oprema.com\/hr\/wp-json\/wp\/v2\/product_tag?post=194658"}],"curies":[{"name":"wp","href":"https:\/\/api.w.org\/{rel}","templated":true}]}}