{"id":193816,"date":"2025-12-23T09:22:51","date_gmt":"2025-12-23T09:22:51","guid":{"rendered":"https:\/\/moto-oprema.com\/?post_type=product&#038;p=193816"},"modified":"2025-12-23T09:26:49","modified_gmt":"2025-12-23T09:26:49","slug":"scorpion-exo-491-mat-antracit-kopija","status":"publish","type":"product","link":"https:\/\/moto-oprema.com\/hr\/Artikel\/scorpion-exo-491-mat-antracit-kopija\/","title":{"rendered":"SCORPION EXO-491 BIJELI"},"content":{"rendered":"<p>Scorpion Exo-491 kaciga s punim licem<\/p>\n<p>Ako tra\u017eite modernu i inovativnu kacigu za cijelo lice u po\u010detnom segmentu, EXO-491 je odli\u010dan izbor. Provjerena \u0161koljka kacige od polikarbonatnog kompozita i u\u010dinkovit RAM-AIR sustav ventilacije osiguravaju visoku sigurnost i udobnost. Osim toga, visokokvalitetna, uklonjiva i periva KwikWick podstava i integrirani \u0161titnik za sunce nude jo\u0161 vi\u0161e udobnosti i funkcionalnosti. Sve ove zna\u010dajke \u010dine EXO-491 posebno atraktivnom u svom cjenovnom rangu.   <\/p>\n<p>Zna\u010dajke:<\/p>\n<ul>\n<li>\u0161koljka izra\u0111ena od najnovijeg polikarbonatnog kompozitnog materijala: testirana u zra\u010dnom tunelu, niska razina buke i aerodinami\u010dan oblik za maksimalnu udobnost<\/li>\n<li>automatska mikrometrijska stezaljka za bradu za brzo otpu\u0161tanje i precizno pode\u0161avanje<\/li>\n<li>SpeedView\u2122: unutarnji sklopivi vizir koji pru\u017ea trenutno olak\u0161anje za o\u010di u promjenjivim uvjetima osvjetljenja<\/li>\n<li>Pripremljeno za Pinlock\u00ae Maxvision (Pinlock le\u0107a nije uklju\u010dena)<\/li>\n<li>RAM-AIR ventilacijski sustav<\/li>\n<li>Kwikwick\u00ae podstava: mekana, uklonjiva i periva<\/li>\n<li>Kwikfit\u2122: pogodno za osobe koje nose nao\u010dale<\/li>\n<li>Deflektor za disanje: pobolj\u0161ane performanse protiv zamagljivanja<\/li>\n<li>Kaciga: smanjuje stvaranje buke<\/li>\n<\/ul>\n<p>Tehni\u010dke zna\u010dajke:<\/p>\n<ul>\n<li>Materijal: polikarbonat<\/li>\n<li>Zatvaranje: zatvaranje nazubljenom kop\u010dom<\/li>\n<li>Standard: ECE 22.06<\/li>\n<\/ul>\n<p>Veli\u010dine:<\/p>\n<p>Veli\u010dina kacige \/ opseg glave:<\/p>\n<ul>\n<li>XXS: 51 cm &#8211; 52 cm<\/li>\n<li>XS: 53 cm &#8211; 54 cm<\/li>\n<li>S: 55 cm &#8211; 56 cm<\/li>\n<li>M: 57 cm &#8211; 58 cm<\/li>\n<li>D: 59 cm &#8211; 60 cm<\/li>\n<li>XL: 61 cm &#8211; 62 cm<\/li>\n<li>XXL: 63 cm &#8211; 64 cm<\/li>\n<\/ul>\n<p>Sadr\u017eaj:<\/p>\n<p>1 x kaciga Scorpion Exo-491 s prozirnim vizirom<\/p>\n<p>1 x torba za kacigu<\/p>\n<p><strong>Kaciga na slici dolazi s vizirom u boji, koji je dostupan samo uz dodatnu cijenu!<\/strong><\/p>\n<p>&nbsp;<\/p>\n","protected":false},"excerpt":{"rendered":"","protected":false},"featured_media":193389,"comment_status":"open","ping_status":"closed","template":"","meta":{"_acf_changed":false},"brand":[3429],"gender":[2172],"product_brand":[],"product_cat":[1358,1356,1359],"product_tag":[],"class_list":{"0":"post-193816","1":"product","2":"type-product","3":"status-publish","4":"has-post-thumbnail","6":"brand-skorpion","7":"gender-unisex-hr","8":"product_cat-kacige","9":"product_cat-motociklisticka-oprema","10":"product_cat-sastavni","11":"pa_velikost-st-l-hr","12":"pa_velikost-st-m-hr","13":"pa_velikost-st-s-hr","14":"pa_velikost-st-xl-hr","15":"pa_velikost-st-xs-hr","16":"pa_velikost-st-xxl-hr","17":"pa_velikost-st-xxs-hr","18":"pa_velikost-st-xxxl-hr","20":"first","21":"instock","22":"taxable","23":"shipping-taxable","24":"purchasable","25":"product-type-variable"},"acf":[],"_links":{"self":[{"href":"https:\/\/moto-oprema.com\/hr\/wp-json\/wp\/v2\/product\/193816","targetHints":{"allow":["GET"]}}],"collection":[{"href":"https:\/\/moto-oprema.com\/hr\/wp-json\/wp\/v2\/product"}],"about":[{"href":"https:\/\/moto-oprema.com\/hr\/wp-json\/wp\/v2\/types\/product"}],"replies":[{"embeddable":true,"href":"https:\/\/moto-oprema.com\/hr\/wp-json\/wp\/v2\/comments?post=193816"}],"wp:featuredmedia":[{"embeddable":true,"href":"https:\/\/moto-oprema.com\/hr\/wp-json\/wp\/v2\/media\/193389"}],"wp:attachment":[{"href":"https:\/\/moto-oprema.com\/hr\/wp-json\/wp\/v2\/media?parent=193816"}],"wp:term":[{"taxonomy":"brand","embeddable":true,"href":"https:\/\/moto-oprema.com\/hr\/wp-json\/wp\/v2\/brand?post=193816"},{"taxonomy":"gender","embeddable":true,"href":"https:\/\/moto-oprema.com\/hr\/wp-json\/wp\/v2\/gender?post=193816"},{"taxonomy":"product_brand","embeddable":true,"href":"https:\/\/moto-oprema.com\/hr\/wp-json\/wp\/v2\/product_brand?post=193816"},{"taxonomy":"product_cat","embeddable":true,"href":"https:\/\/moto-oprema.com\/hr\/wp-json\/wp\/v2\/product_cat?post=193816"},{"taxonomy":"product_tag","embeddable":true,"href":"https:\/\/moto-oprema.com\/hr\/wp-json\/wp\/v2\/product_tag?post=193816"}],"curies":[{"name":"wp","href":"https:\/\/api.w.org\/{rel}","templated":true}]}}