{"id":191055,"date":"2025-12-19T09:00:11","date_gmt":"2025-12-19T09:00:11","guid":{"rendered":"https:\/\/moto-oprema.com\/?post_type=product&#038;p=191055"},"modified":"2025-12-19T09:08:45","modified_gmt":"2025-12-19T09:08:45","slug":"scorpion-exo-530-air-slope-mat-crna-crvena-kopija","status":"publish","type":"product","link":"https:\/\/moto-oprema.com\/hr\/Artikel\/scorpion-exo-530-air-slope-mat-crna-crvena-kopija\/","title":{"rendered":"SCORPION EXO-530 AIR SLOPE BIJELA PLAVA CRVENA"},"content":{"rendered":"<p>Scorpion Exo-530 Air kaciga za cijelo lice<\/p>\n<p>EXO\u2011530 Air je sportska kaciga za putovanja koja kombinira aerodinami\u010dni dizajn, optimiziranu ventilaciju i visoku udobnost no\u0161enja. Novodizajnirana \u0161koljka kacige osigurava stabilnost uz malu te\u017einu, dok AirFit\u2122 sustav omogu\u0107uje individualno pode\u0161avanje. Integrirani \u0161titnik za sunce i u\u010dinkovit sustav ventilacije osiguravaju udobnost i jasnu vidljivost u svakom trenutku, \u010dak i pri visokim temperaturama. Promi\u0161ljeni detalji i visokokvalitetna izrada \u010dine EXO\u2011530 Air pouzdanim suputnikom na svakoj vo\u017enji.   <\/p>\n<p>Zna\u010dajke:<\/p>\n<ul>\n<li>AirFit\u2122 sustav: napuhani jastu\u010di\u0107i za obraze za individualno pode\u0161avanje veli\u010dine<\/li>\n<li>Ellip\u2011tec\u00ae II: izmjena vizira bez alata u sekundama s hermeti\u010dkim zatvaranjem<\/li>\n<li>\u0160titnik za sunce SpeedView\u2122: sklopiv, s premazom protiv zamagljivanja<\/li>\n<li>Pinlock\u00ae MaxVision: smanjuje zamagljivanje vizira u ve\u0107ini uvjeta<\/li>\n<li>Aerodinami\u010dki pode\u0161en sustav ventilacije: optimizirana \u0161koljka kacige za smanjeni otpor zraka, pobolj\u0161anu ravnote\u017eu i ciljano odvo\u0111enje topline<\/li>\n<li>Kwikwick\u00ae podstava: uklonjiva, periva, regulira temperaturu<\/li>\n<li>Kwikfit\u2122 jastu\u010di\u0107i za obraze: prikladni za nao\u010dale<\/li>\n<li>Sustav brzog otpu\u0161tanja: omogu\u0107uje brzo skidanje kacige u hitnim slu\u010dajevima<\/li>\n<li>Deflektor za disanje: podr\u017eava sustav protiv zamagljivanja<\/li>\n<li>Tehni\u010dke zna\u010dajke:<\/li>\n<li>Materijal: termoplastika \/ polikarbonat<\/li>\n<li>Zatvaranje: zatvaranje nazubljenom kop\u010dom<\/li>\n<li>Standard: ECE 22.06<\/li>\n<\/ul>\n<p>Veli\u010dine:<\/p>\n<p>Veli\u010dina kacige \/ opseg glave:<\/p>\n<ul>\n<li>XXS: 51 cm &#8211; 52 cm<\/li>\n<li>XS: 53 cm &#8211; 54 cm<\/li>\n<li>S: 55 cm &#8211; 56 cm<\/li>\n<li>M: 57 cm &#8211; 58 cm<\/li>\n<li>D: 59 cm &#8211; 60 cm<\/li>\n<li>XL: 61 cm &#8211; 62 cm<\/li>\n<li>XXL: 63 cm &#8211; 64 cm<\/li>\n<li>XXXL: 65 cm &#8211; 66 cm<\/li>\n<\/ul>\n<p>Sadr\u017eaj:<\/p>\n<p>1 x kaciga Scorpion Exo-530 Air<\/p>\n<p>1 x prozirni vizir (tamni vizir na slici uz dodatnu naknadu)<\/p>\n<p>1 x Pinlock le\u0107a<\/p>\n<p>1 x torba za kacigu<\/p>\n<p>&nbsp;<\/p>\n","protected":false},"excerpt":{"rendered":"","protected":false},"featured_media":191019,"comment_status":"open","ping_status":"closed","template":"","meta":{"_acf_changed":false},"brand":[3429],"gender":[2172],"product_brand":[],"product_cat":[1358,1356,1359],"product_tag":[],"class_list":{"0":"post-191055","1":"product","2":"type-product","3":"status-publish","4":"has-post-thumbnail","6":"brand-skorpion","7":"gender-unisex-hr","8":"product_cat-kacige","9":"product_cat-motociklisticka-oprema","10":"product_cat-sastavni","11":"pa_velikost-st-l-hr","12":"pa_velikost-st-m-hr","13":"pa_velikost-st-s-hr","14":"pa_velikost-st-xl-hr","15":"pa_velikost-st-xs-hr","16":"pa_velikost-st-xxl-hr","17":"pa_velikost-st-xxs-hr","18":"pa_velikost-st-xxxl-hr","20":"first","21":"instock","22":"taxable","23":"shipping-taxable","24":"purchasable","25":"product-type-variable"},"acf":[],"_links":{"self":[{"href":"https:\/\/moto-oprema.com\/hr\/wp-json\/wp\/v2\/product\/191055","targetHints":{"allow":["GET"]}}],"collection":[{"href":"https:\/\/moto-oprema.com\/hr\/wp-json\/wp\/v2\/product"}],"about":[{"href":"https:\/\/moto-oprema.com\/hr\/wp-json\/wp\/v2\/types\/product"}],"replies":[{"embeddable":true,"href":"https:\/\/moto-oprema.com\/hr\/wp-json\/wp\/v2\/comments?post=191055"}],"wp:featuredmedia":[{"embeddable":true,"href":"https:\/\/moto-oprema.com\/hr\/wp-json\/wp\/v2\/media\/191019"}],"wp:attachment":[{"href":"https:\/\/moto-oprema.com\/hr\/wp-json\/wp\/v2\/media?parent=191055"}],"wp:term":[{"taxonomy":"brand","embeddable":true,"href":"https:\/\/moto-oprema.com\/hr\/wp-json\/wp\/v2\/brand?post=191055"},{"taxonomy":"gender","embeddable":true,"href":"https:\/\/moto-oprema.com\/hr\/wp-json\/wp\/v2\/gender?post=191055"},{"taxonomy":"product_brand","embeddable":true,"href":"https:\/\/moto-oprema.com\/hr\/wp-json\/wp\/v2\/product_brand?post=191055"},{"taxonomy":"product_cat","embeddable":true,"href":"https:\/\/moto-oprema.com\/hr\/wp-json\/wp\/v2\/product_cat?post=191055"},{"taxonomy":"product_tag","embeddable":true,"href":"https:\/\/moto-oprema.com\/hr\/wp-json\/wp\/v2\/product_tag?post=191055"}],"curies":[{"name":"wp","href":"https:\/\/api.w.org\/{rel}","templated":true}]}}