{"id":188917,"date":"2025-12-15T10:43:06","date_gmt":"2025-12-15T10:43:06","guid":{"rendered":"https:\/\/moto-oprema.com\/?post_type=product&#038;p=188917"},"modified":"2025-12-15T10:56:33","modified_gmt":"2025-12-15T10:56:33","slug":"oneal-mtb-kaciga-sl1-strike-v-24-crna-crvena-kopija","status":"publish","type":"product","link":"https:\/\/moto-oprema.com\/hr\/Artikel\/oneal-mtb-kaciga-sl1-strike-v-24-crna-crvena-kopija\/","title":{"rendered":"ONEAL MTB KACIGA SL1 TERRA V.26 BIJELA"},"content":{"rendered":"<p>Otkrijte biciklisti\u010dku kacigu O&#8217;Neal MTB SL1 Terra &#8211; savr\u0161enog suputnika za zahtjevne enduro vo\u017enje. Ova lagana, dobro prozra\u010dena kaciga integriranog dizajna osigurava maksimalnu udobnost i optimalno hla\u0111enje zahvaljuju\u0107i velikim ventilacijskim otvorima s integriranim ventilacijskim kanalima. <\/p>\n<p>Kaciga je kompatibilna s inovativnim Airflaps\u2122 sustavom za jo\u0161 bolju ventilaciju. Za dodatnu sigurnost, SL1 Terra ima vizir podesiv po visini, pri\u010dvr\u0161\u0107en plasti\u010dnim vijcima koji se mogu odvojiti, \u0161to pru\u017ea za\u0161titu u slu\u010daju pada. Prakti\u010dna Fidlock\u00ae magnetska kop\u010da, razvijena u Njema\u010dkoj, omogu\u0107uje jednostavno otvaranje i zatvaranje jednom rukom &#8211; za maksimalnu sigurnost tijekom vo\u017enje.  <\/p>\n<p>Podstavljena unutarnja podstava je uklonjiva, upija znoj i periva za udobnost. Vizir kacige tako\u0111er je podesiv po visini kako bi odgovarao individualnim potrebama. Kaciga zadovoljava sigurnosni standard EN1078 za biciklisti\u010dke kacige i standard ASTM Downhill, osiguravaju\u0107i najvi\u0161e sigurnosne standarde.  <\/p>\n<p>Sastav materijala: PC 13,15%, EPS 37,42%, NAJLON 7,59%, ALUMINIJA 1,52%, ABS 17,5<\/p>\n<p>&nbsp;<\/p>\n","protected":false},"excerpt":{"rendered":"<p>Otkrijte biciklisti\u010dku kacigu O&#8217;Neal MTB SL1 Terra &#8211; savr\u0161enog suputnika za zahtjevne enduro vo\u017enje. Ova lagana,&#8230;<\/p>\n","protected":false},"featured_media":188933,"comment_status":"open","ping_status":"closed","template":"","meta":{"_acf_changed":false},"brand":[2849],"gender":[2172],"product_brand":[],"product_cat":[2846,2740],"product_tag":[],"class_list":{"0":"post-188917","1":"product","2":"type-product","3":"status-publish","4":"has-post-thumbnail","6":"brand-oneal-hr","7":"gender-unisex-hr","8":"product_cat-kacige-za-mtb","9":"product_cat-mtb-biciklisticka-oprema","10":"pa_size-l-hr","11":"pa_size-m-hr","12":"pa_size-s-hr","13":"pa_size-xl-hr","14":"pa_size-xs-hr","16":"first","17":"instock","18":"sale","19":"taxable","20":"shipping-taxable","21":"purchasable","22":"product-type-variable"},"acf":[],"_links":{"self":[{"href":"https:\/\/moto-oprema.com\/hr\/wp-json\/wp\/v2\/product\/188917","targetHints":{"allow":["GET"]}}],"collection":[{"href":"https:\/\/moto-oprema.com\/hr\/wp-json\/wp\/v2\/product"}],"about":[{"href":"https:\/\/moto-oprema.com\/hr\/wp-json\/wp\/v2\/types\/product"}],"replies":[{"embeddable":true,"href":"https:\/\/moto-oprema.com\/hr\/wp-json\/wp\/v2\/comments?post=188917"}],"wp:featuredmedia":[{"embeddable":true,"href":"https:\/\/moto-oprema.com\/hr\/wp-json\/wp\/v2\/media\/188933"}],"wp:attachment":[{"href":"https:\/\/moto-oprema.com\/hr\/wp-json\/wp\/v2\/media?parent=188917"}],"wp:term":[{"taxonomy":"brand","embeddable":true,"href":"https:\/\/moto-oprema.com\/hr\/wp-json\/wp\/v2\/brand?post=188917"},{"taxonomy":"gender","embeddable":true,"href":"https:\/\/moto-oprema.com\/hr\/wp-json\/wp\/v2\/gender?post=188917"},{"taxonomy":"product_brand","embeddable":true,"href":"https:\/\/moto-oprema.com\/hr\/wp-json\/wp\/v2\/product_brand?post=188917"},{"taxonomy":"product_cat","embeddable":true,"href":"https:\/\/moto-oprema.com\/hr\/wp-json\/wp\/v2\/product_cat?post=188917"},{"taxonomy":"product_tag","embeddable":true,"href":"https:\/\/moto-oprema.com\/hr\/wp-json\/wp\/v2\/product_tag?post=188917"}],"curies":[{"name":"wp","href":"https:\/\/api.w.org\/{rel}","templated":true}]}}