{"id":188863,"date":"2025-12-15T09:19:14","date_gmt":"2025-12-15T09:19:14","guid":{"rendered":"https:\/\/moto-oprema.com\/?post_type=product&#038;p=188863"},"modified":"2025-12-15T09:23:28","modified_gmt":"2025-12-15T09:23:28","slug":"alpinestars-gfx-v2-ruksak-crni-kopija","status":"publish","type":"product","link":"https:\/\/moto-oprema.com\/hr\/Artikel\/alpinestars-gfx-v2-ruksak-crni-kopija\/","title":{"rendered":"ALPINESTARS GFX V2 RUKSAK CRNO-CRVENI"},"content":{"rendered":"<p>Srednji dnevni ruksak Izdr\u017eljiv 600D poliester. Unutarnji d\u017eep za prijenosno ra\u010dunalo i unutarnji d\u017eepovi za organizaciju. Skriveni vertikalni d\u017eep s patentnim zatvara\u010dem sprijeda. Bo\u010dni mre\u017easti d\u017eepovi za bocu s vodom. Oja\u010dana mre\u017easta le\u0111a i mre\u017easte naramenice. Kontrastni detalji i patentni zatvara\u010di. Otisnuti Alpinestars logo Kapacitet: 15,9 l     <\/p>\n<p>100% poliester<\/p>\n<p>&nbsp;<\/p>\n","protected":false},"excerpt":{"rendered":"<p>Alpinestars City Hunter ruksak ima aerodinami\u010dni profil i novi inovativni sustav no\u0161enja tereta.<\/p>\n","protected":false},"featured_media":188852,"comment_status":"open","ping_status":"closed","template":"","meta":{"_acf_changed":false},"brand":[2748],"gender":[2172],"product_brand":[],"product_cat":[2729,2755],"product_tag":[],"class_list":{"0":"post-188863","1":"product","2":"type-product","3":"status-publish","4":"has-post-thumbnail","6":"brand-alpinestars-hr","7":"gender-unisex-hr","8":"product_cat-pribor","9":"product_cat-ruksaci-i-torbe-za-noge","11":"first","12":"instock","13":"sale","14":"taxable","15":"shipping-taxable","16":"purchasable","17":"product-type-simple"},"acf":[],"_links":{"self":[{"href":"https:\/\/moto-oprema.com\/hr\/wp-json\/wp\/v2\/product\/188863","targetHints":{"allow":["GET"]}}],"collection":[{"href":"https:\/\/moto-oprema.com\/hr\/wp-json\/wp\/v2\/product"}],"about":[{"href":"https:\/\/moto-oprema.com\/hr\/wp-json\/wp\/v2\/types\/product"}],"replies":[{"embeddable":true,"href":"https:\/\/moto-oprema.com\/hr\/wp-json\/wp\/v2\/comments?post=188863"}],"wp:featuredmedia":[{"embeddable":true,"href":"https:\/\/moto-oprema.com\/hr\/wp-json\/wp\/v2\/media\/188852"}],"wp:attachment":[{"href":"https:\/\/moto-oprema.com\/hr\/wp-json\/wp\/v2\/media?parent=188863"}],"wp:term":[{"taxonomy":"brand","embeddable":true,"href":"https:\/\/moto-oprema.com\/hr\/wp-json\/wp\/v2\/brand?post=188863"},{"taxonomy":"gender","embeddable":true,"href":"https:\/\/moto-oprema.com\/hr\/wp-json\/wp\/v2\/gender?post=188863"},{"taxonomy":"product_brand","embeddable":true,"href":"https:\/\/moto-oprema.com\/hr\/wp-json\/wp\/v2\/product_brand?post=188863"},{"taxonomy":"product_cat","embeddable":true,"href":"https:\/\/moto-oprema.com\/hr\/wp-json\/wp\/v2\/product_cat?post=188863"},{"taxonomy":"product_tag","embeddable":true,"href":"https:\/\/moto-oprema.com\/hr\/wp-json\/wp\/v2\/product_tag?post=188863"}],"curies":[{"name":"wp","href":"https:\/\/api.w.org\/{rel}","templated":true}]}}