{"id":188802,"date":"2025-12-15T08:15:39","date_gmt":"2025-12-15T08:15:39","guid":{"rendered":"https:\/\/moto-oprema.com\/?post_type=product&#038;p=188802"},"modified":"2025-12-15T08:29:00","modified_gmt":"2025-12-15T08:29:00","slug":"alpinestars-tech-air-sustav-zracnih-jastuka-za-terensku-voznju-crveni-kopija-2","status":"publish","type":"product","link":"https:\/\/moto-oprema.com\/hr\/Artikel\/alpinestars-tech-air-sustav-zracnih-jastuka-za-terensku-voznju-crveni-kopija-2\/","title":{"rendered":"ALPINESTARS TECH-AIR MX SUSTAV ZRA\u010cNIH JASTUKA"},"content":{"rendered":"<p>Alpinestars Tech-Air MX Motocross zra\u010dni jastuk<\/p>\n<p>Alpinestars Tech-Air\u00ae MX Motocross prsluk sa zra\u010dnim jastukom nudi najsuvremeniju za\u0161titnu tehnologiju posebno dizajniranu za motocross i supercross. Razvijen na temelju desetlje\u0107a iskustva u MotoGP\u2122 i Dakar Rallyju, sustav pru\u017ea preciznu, brzu i pouzdanu za\u0161titu \u010dak i u najte\u017eim uvjetima. Kompaktan, samostalan i integriran u lagani \u0161titnik za prsa, Tech-Air\u00ae MX \u0161titi gornji dio tijela i ramena bez ograni\u010davanja slobode kretanja. \u010cetiri odabira na\u010dina vo\u017enje omogu\u0107uju prilagodbu razli\u010ditim off-road disciplinama i nude maksimalnu sigurnost i svestranost. Intuitivni LED zaslon i Bluetooth povezivost omogu\u0107uju jednostavno pra\u0107enje, upravljanje sustavom i a\u017euriranja softvera putem aplikacije Tech-Air\u00ae.    <\/p>\n<p>Zna\u010dajke:<\/p>\n<ul>\n<li>Autonomni sustav zra\u010dnih jastuka za preciznu i brzu za\u0161titu<\/li>\n<li>\u010cetiri odabirljiva na\u010dina vo\u017enje za MX, enduro ili rally<\/li>\n<li>Automatsko aktiviranje zra\u010dnog jastuka za otprilike 40 ms za trenutnu apsorpciju udara<\/li>\n<li>Mo\u017ee se nositi preko ili ispod MX opreme za maksimalnu fleksibilnost<\/li>\n<li>Bluetooth povezivost za nadzor sustava i a\u017euriranja softvera<\/li>\n<li>Ugra\u0111eni LED zaslon s indikatorom punjenja, statusom sustava i na\u010dinima vo\u017enje; USB-C priklju\u010dak za punjenje<\/li>\n<li>A\u017euriranja softvera putem aplikacije Tech-Air\u00ae<\/li>\n<li>Potpuno autonomni sustav bez vanjskih senzora<\/li>\n<\/ul>\n<p>Tehni\u010dke zna\u010dajke:<\/p>\n<ul>\n<li>Za\u0161titna oprema za motocikliste (EN1621-4:2013)<\/li>\n<li>Nucleon PLASMA \u0161titnik za le\u0111a s ventilacijom u obliku sa\u0107a (EN1621-2), razina 1<\/li>\n<li>Za\u0161titni mjehur za za\u0161titu vitalnih dijelova tijela: ramena, prsa i le\u0111a<\/li>\n<li>ECE R10 04 homologacija za elektromagnetsku stabilnost<\/li>\n<li>Prozra\u010dni rastezljivi mre\u017easti gornji dio za ergonomsko pristajanje i slobodu kretanja<\/li>\n<li>Uklonjivi ECU i sigurnosni mijeh za jednostavno \u010di\u0161\u0107enje i odr\u017eavanje<\/li>\n<li>Radni temperaturni raspon od -10 \u00b0C do +50 \u00b0C<\/li>\n<\/ul>\n<p>&nbsp;<\/p>\n","protected":false},"excerpt":{"rendered":"","protected":false},"featured_media":188822,"comment_status":"open","ping_status":"closed","template":"","meta":{"_acf_changed":false},"brand":[2748],"gender":[2172],"product_brand":[],"product_cat":[1356,2739,2733,2855,2888],"product_tag":[],"class_list":{"0":"post-188802","1":"product","2":"type-product","3":"status-publish","4":"has-post-thumbnail","6":"brand-alpinestars-hr","7":"gender-unisex-hr","8":"product_cat-motociklisticka-oprema","9":"product_cat-mx-stitovi","10":"product_cat-oprema-za-motokros","11":"product_cat-zastitnici-i-zracni-jastuci","12":"product_cat-zracni-jastuci","13":"pa_size-2xl-hr","14":"pa_size-l-hr","15":"pa_size-m-hr","16":"pa_size-s-hr","17":"pa_size-xl-hr","19":"first","20":"instock","21":"taxable","22":"shipping-taxable","23":"purchasable","24":"product-type-variable"},"acf":[],"_links":{"self":[{"href":"https:\/\/moto-oprema.com\/hr\/wp-json\/wp\/v2\/product\/188802","targetHints":{"allow":["GET"]}}],"collection":[{"href":"https:\/\/moto-oprema.com\/hr\/wp-json\/wp\/v2\/product"}],"about":[{"href":"https:\/\/moto-oprema.com\/hr\/wp-json\/wp\/v2\/types\/product"}],"replies":[{"embeddable":true,"href":"https:\/\/moto-oprema.com\/hr\/wp-json\/wp\/v2\/comments?post=188802"}],"wp:featuredmedia":[{"embeddable":true,"href":"https:\/\/moto-oprema.com\/hr\/wp-json\/wp\/v2\/media\/188822"}],"wp:attachment":[{"href":"https:\/\/moto-oprema.com\/hr\/wp-json\/wp\/v2\/media?parent=188802"}],"wp:term":[{"taxonomy":"brand","embeddable":true,"href":"https:\/\/moto-oprema.com\/hr\/wp-json\/wp\/v2\/brand?post=188802"},{"taxonomy":"gender","embeddable":true,"href":"https:\/\/moto-oprema.com\/hr\/wp-json\/wp\/v2\/gender?post=188802"},{"taxonomy":"product_brand","embeddable":true,"href":"https:\/\/moto-oprema.com\/hr\/wp-json\/wp\/v2\/product_brand?post=188802"},{"taxonomy":"product_cat","embeddable":true,"href":"https:\/\/moto-oprema.com\/hr\/wp-json\/wp\/v2\/product_cat?post=188802"},{"taxonomy":"product_tag","embeddable":true,"href":"https:\/\/moto-oprema.com\/hr\/wp-json\/wp\/v2\/product_tag?post=188802"}],"curies":[{"name":"wp","href":"https:\/\/api.w.org\/{rel}","templated":true}]}}