{"id":188438,"date":"2025-12-10T10:48:54","date_gmt":"2025-12-10T10:48:54","guid":{"rendered":"https:\/\/moto-oprema.com\/?post_type=product&#038;p=188438"},"modified":"2025-12-10T11:19:47","modified_gmt":"2025-12-10T11:19:47","slug":"alpinestars-djecji-mx-dres-racer-nomur-tamnoplava-fl-zuta-25-kopija","status":"publish","type":"product","link":"https:\/\/moto-oprema.com\/hr\/Artikel\/alpinestars-djecji-mx-dres-racer-nomur-tamnoplava-fl-zuta-25-kopija\/","title":{"rendered":"ALPINESTARS DJE\u010cJI MX DRES RACER NOMUR TAMNOPLAVA NARAN\u010cASTA PLAVA 25"},"content":{"rendered":"<p>Alpinestarsov dje\u010dji motokros dres Racer Nomur razvijen je za mlade voza\u010de motokrosa i testiran na zahtjevnom terenu. Zahvaljuju\u0107i ergonomskom, prethodno zakrivljenom kroju i laganim materijalima koji odvode vlagu, nudi visoku udobnost, slobodu kretanja i izdr\u017eljivost. Dres se savr\u0161eno sla\u017ee s Alpinestars Kids Racer Gear i Youth &amp; Kids Radar rukavicama, stvaraju\u0107i savr\u0161enu odjevnu kombinaciju za vo\u017enju visokih performansi.  <\/p>\n<p>Zna\u010dajke:<\/p>\n<ul>\n<li>Iznimno lagana i izdr\u017eljiva glavna konstrukcija<\/li>\n<li>Vi\u0161edijelna polifiber konstrukcija za pobolj\u0161anu mobilnost i udobnost<\/li>\n<li>Upijanje vlage za visoku udobnost no\u0161enja<\/li>\n<li>Mehani\u010dko istezanje za optimalnu fleksibilnost<\/li>\n<li>Ergonomski, prethodno oblikovani kroj za savr\u0161eno pristajanje<\/li>\n<\/ul>\n<p>Tehni\u010dke zna\u010dajke:<\/p>\n<ul>\n<li>Overlock \u0161avovi cijelom duljinom za ve\u0107u izdr\u017eljivost<\/li>\n<li>Elasti\u010dni ovratnik za optimalno pristajanje i udobnost<\/li>\n<li>Du\u017ei rez na stra\u017enjem dijelu za bolju za\u0161titu tijekom vo\u017enje<\/li>\n<li>Krojene man\u017eete za sigurno prianjanje<\/li>\n<\/ul>\n<p>Veli\u010dina:<\/p>\n<p>XXS: 3-4 GODINE<\/p>\n<p>XS: 4-5 GODINA<\/p>\n","protected":false},"excerpt":{"rendered":"<p>Alpinestars dje\u010dje Racer Nomur MX hla\u010de Veli\u010dina 18, prikladna za 3-4 godine Veli\u010dina 20, prikladna za&#8230;<\/p>\n","protected":false},"featured_media":188410,"comment_status":"open","ping_status":"closed","template":"","meta":{"_acf_changed":false},"brand":[2748],"gender":[],"product_brand":[],"product_cat":[3433,2733,2892],"product_tag":[],"class_list":{"0":"post-188438","1":"product","2":"type-product","3":"status-publish","4":"has-post-thumbnail","6":"brand-alpinestars-hr","7":"product_cat-mx-dresovi-hr","8":"product_cat-oprema-za-motokros","9":"product_cat-za-najmlade-hr","10":"pa_size-xs-hr","11":"pa_size-xxs-hr","13":"first","14":"instock","15":"sale","16":"taxable","17":"shipping-taxable","18":"purchasable","19":"product-type-variable"},"acf":[],"_links":{"self":[{"href":"https:\/\/moto-oprema.com\/hr\/wp-json\/wp\/v2\/product\/188438","targetHints":{"allow":["GET"]}}],"collection":[{"href":"https:\/\/moto-oprema.com\/hr\/wp-json\/wp\/v2\/product"}],"about":[{"href":"https:\/\/moto-oprema.com\/hr\/wp-json\/wp\/v2\/types\/product"}],"replies":[{"embeddable":true,"href":"https:\/\/moto-oprema.com\/hr\/wp-json\/wp\/v2\/comments?post=188438"}],"wp:featuredmedia":[{"embeddable":true,"href":"https:\/\/moto-oprema.com\/hr\/wp-json\/wp\/v2\/media\/188410"}],"wp:attachment":[{"href":"https:\/\/moto-oprema.com\/hr\/wp-json\/wp\/v2\/media?parent=188438"}],"wp:term":[{"taxonomy":"brand","embeddable":true,"href":"https:\/\/moto-oprema.com\/hr\/wp-json\/wp\/v2\/brand?post=188438"},{"taxonomy":"gender","embeddable":true,"href":"https:\/\/moto-oprema.com\/hr\/wp-json\/wp\/v2\/gender?post=188438"},{"taxonomy":"product_brand","embeddable":true,"href":"https:\/\/moto-oprema.com\/hr\/wp-json\/wp\/v2\/product_brand?post=188438"},{"taxonomy":"product_cat","embeddable":true,"href":"https:\/\/moto-oprema.com\/hr\/wp-json\/wp\/v2\/product_cat?post=188438"},{"taxonomy":"product_tag","embeddable":true,"href":"https:\/\/moto-oprema.com\/hr\/wp-json\/wp\/v2\/product_tag?post=188438"}],"curies":[{"name":"wp","href":"https:\/\/api.w.org\/{rel}","templated":true}]}}