{"id":187708,"date":"2025-12-09T11:45:16","date_gmt":"2025-12-09T11:45:16","guid":{"rendered":"https:\/\/moto-oprema.com\/?post_type=product&#038;p=187708"},"modified":"2025-12-18T11:08:49","modified_gmt":"2025-12-18T11:08:49","slug":"scorpion-exo-gt-sp-air-arten-crno-zelene-kopija","status":"publish","type":"product","link":"https:\/\/moto-oprema.com\/hr\/Artikel\/scorpion-exo-gt-sp-air-arten-crno-zelene-kopija\/","title":{"rendered":"SCORPION EXO-GT SP AIR ARTEN BIJELO PLAVE"},"content":{"rendered":"<p>Scorpion EXO-GT SP Air kaciga za cijelo lice<\/p>\n<p>Kaciga EXO-GT SP Air nudi revolucionarne sigurnosne zna\u010dajke zahvaljuju\u0107i inovativnoj \u0161koljci koja pru\u017ea maksimalnu apsorpciju udara uz minimalnu te\u017einu. S jedinstvenim asferi\u010dnim dizajnom na \u0161titniku za sunce i viziru, pru\u017ea neusporedivu vidljivost i jasno\u0107u. Kaciga tako\u0111er nudi tihu vo\u017enju i u\u010dinkovitu ventilaciju za optimalnu udobnost. S naglaskom na jednostavnost kori\u0161tenja i vrhunsku kvalitetu, EXO-GT SP Air postavlja nove standarde u pogledu sigurnosti, udobnosti i jednostavnosti kori\u0161tenja.   <\/p>\n<p>Zna\u010dajke:<\/p>\n<ul>\n<li>Sustav za otpu\u0161tanje u nu\u017edi \u2013 tekstilne petlje omogu\u0107uju medicinskim radnicima da u hitnim slu\u010dajevima izvade jastu\u010di\u0107e za obraze dok je kaciga na glavi.<\/li>\n<li>Vizir opti\u010dke klase 1 pru\u017ea jasnu vidljivost bez izobli\u010denja unato\u010d razli\u010ditoj debljini, smanjuje odsjaj i pobolj\u0161ava aerodinamiku te smanjuje buku vjetra.<\/li>\n<li>Airfit\u2122: individualno pode\u0161avanje kacige zahvaljuju\u0107i napuhanim jastu\u010di\u0107ima za obraze.<\/li>\n<li>Ellip-tec II \u2013 izmjena vizira bez alata u sekundama. Vizir se povla\u010di uz brtvu silom opruge kako bi se osiguralo maksimalno brtvljenje. <\/li>\n<li>Ventilacijski sustav Cool Tech osigurava u\u010dinkovitu cirkulaciju zraka kroz unutarnje kanale s podesivom ventilacijom brade, sredi\u0161njim usisom zraka i ispuhom u spojleru.<\/li>\n<li>Lite Force Carbon Matrix vlakna izra\u0111ena od 12K karbonskih niti pru\u017eaju vrhunsku za\u0161titu s optimalnim rasipanjem energije u slu\u010daju udara iz bilo kojeg kuta.<\/li>\n<li>Unutarnji \u0161titnik za sunce Speedview\u2122 \u2013 Sklopivi \u0161titnik za sunce klase 1, s dvostranim premazom protiv zamagljivanja.<\/li>\n<li>Pinlock MaxVision \u2013 Vizir Pinlock MaxVision osigurava 100% vid bez zamagljivanja. Le\u0107a protiv zamagljivanja integrirana je u vizir ScorpionEXO. <\/li>\n<li>D\u017eepovi za Bluetooth zvu\u010dnike.<\/li>\n<li>Deflektor daha \u2013 pobolj\u0161ana za\u0161tita od zamagljivanja vizira.<\/li>\n<li>Dvostruki D crni titan \u2013 ekskluzivni APEX dvostruki D-prsten od crnog titana.<\/li>\n<\/ul>\n<p>Tehni\u010dke zna\u010dajke:<\/p>\n<ul>\n<li>Materijal: Uglji\u010dna matri\u010dna vlakna.<\/li>\n<li>Norma: ECE 22.06.<\/li>\n<li>Zatvaranje: Dvostruko D titansko zatvaranje.<\/li>\n<\/ul>\n<p>Veli\u010dine:<\/p>\n<p>Veli\u010dine kacige \/ opseg glave:<\/p>\n<ul>\n<li>XS: 53 cm &#8211; 54 cm<\/li>\n<li>S: 55 cm &#8211; 56 cm<\/li>\n<li>M: 57 cm &#8211; 58 cm<\/li>\n<li>D: 59 cm &#8211; 60 cm<\/li>\n<li>XL: 61 cm &#8211; 62 cm<\/li>\n<li>XXL: 63 cm &#8211; 64 cm<\/li>\n<li>XXXL: 65 cm &#8211; 66 cm<\/li>\n<\/ul>\n<p>Sadr\u017eaj:<\/p>\n<p>1x Scorpion EXO-GT SP Air Arten integralna kaciga<\/p>\n<p>1x Scorpion Pinlock MaxVision<\/p>\n<p>1x prozirni vizir<\/p>\n<p>1x zrcalni svijetloplavi vizir<\/p>\n<p>1x torba za kacigu<\/p>\n<p>&nbsp;<\/p>\n","protected":false},"excerpt":{"rendered":"","protected":false},"featured_media":186199,"comment_status":"open","ping_status":"closed","template":"","meta":{"_acf_changed":false},"brand":[3429],"gender":[2172],"product_brand":[],"product_cat":[1358,1356,1359],"product_tag":[],"class_list":{"0":"post-187708","1":"product","2":"type-product","3":"status-publish","4":"has-post-thumbnail","6":"brand-skorpion","7":"gender-unisex-hr","8":"product_cat-kacige","9":"product_cat-motociklisticka-oprema","10":"product_cat-sastavni","11":"pa_velikost-st-l-hr","12":"pa_velikost-st-m-hr","13":"pa_velikost-st-s-hr","14":"pa_velikost-st-xl-hr","15":"pa_velikost-st-xs-hr","16":"pa_velikost-st-xxl-hr","18":"first","19":"instock","20":"taxable","21":"shipping-taxable","22":"purchasable","23":"product-type-variable"},"acf":[],"_links":{"self":[{"href":"https:\/\/moto-oprema.com\/hr\/wp-json\/wp\/v2\/product\/187708","targetHints":{"allow":["GET"]}}],"collection":[{"href":"https:\/\/moto-oprema.com\/hr\/wp-json\/wp\/v2\/product"}],"about":[{"href":"https:\/\/moto-oprema.com\/hr\/wp-json\/wp\/v2\/types\/product"}],"replies":[{"embeddable":true,"href":"https:\/\/moto-oprema.com\/hr\/wp-json\/wp\/v2\/comments?post=187708"}],"wp:featuredmedia":[{"embeddable":true,"href":"https:\/\/moto-oprema.com\/hr\/wp-json\/wp\/v2\/media\/186199"}],"wp:attachment":[{"href":"https:\/\/moto-oprema.com\/hr\/wp-json\/wp\/v2\/media?parent=187708"}],"wp:term":[{"taxonomy":"brand","embeddable":true,"href":"https:\/\/moto-oprema.com\/hr\/wp-json\/wp\/v2\/brand?post=187708"},{"taxonomy":"gender","embeddable":true,"href":"https:\/\/moto-oprema.com\/hr\/wp-json\/wp\/v2\/gender?post=187708"},{"taxonomy":"product_brand","embeddable":true,"href":"https:\/\/moto-oprema.com\/hr\/wp-json\/wp\/v2\/product_brand?post=187708"},{"taxonomy":"product_cat","embeddable":true,"href":"https:\/\/moto-oprema.com\/hr\/wp-json\/wp\/v2\/product_cat?post=187708"},{"taxonomy":"product_tag","embeddable":true,"href":"https:\/\/moto-oprema.com\/hr\/wp-json\/wp\/v2\/product_tag?post=187708"}],"curies":[{"name":"wp","href":"https:\/\/api.w.org\/{rel}","templated":true}]}}