{"id":187260,"date":"2025-12-09T10:54:56","date_gmt":"2025-12-09T10:54:56","guid":{"rendered":"https:\/\/moto-oprema.com\/?post_type=product&#038;p=187260"},"modified":"2025-12-09T10:58:28","modified_gmt":"2025-12-09T10:58:28","slug":"spidi-hlace-pathfinder-2-cargo-zenske-antracitne-kopija","status":"publish","type":"product","link":"https:\/\/moto-oprema.com\/hr\/Artikel\/spidi-hlace-pathfinder-2-cargo-zenske-antracitne-kopija\/","title":{"rendered":"SPIDI HLA\u010cE PATHFINDER 2 CARGO \u017dENSKE PIJESAK"},"content":{"rendered":"<div id=\"tw-source-text-container\" class=\"tw-ta-container tw-nfl\">\n<div id=\"tw-target\">\n<div id=\"kAz1tf\" class=\"g9WsWb\">\n<div id=\"tw-target-text-container\" class=\"tw-ta-container tw-nfl\">\n<p>SPIDI Pathfinder 2 Lady predstavlja drugu generaciju kultne Pathfinder kolekcije, originalnih hla\u010da s d\u017eepovima dizajniranih posebno za upotrebu na motociklima. Dizajnirane za voza\u010de koji \u017eele autenti\u010dan stil hla\u010da s d\u017eepovima u kombinaciji s funkcionalno\u0161\u0107u prave za\u0161titne opreme za motocikle, pru\u017eaju svakodnevnu svestranost bez ugro\u017eavanja sigurnosti. <\/p>\n<p>Hla\u010de Pathfinder 2 su uskog kroja, ali ostaju vrlo udobne zahvaljuju\u0107i blago elasti\u010dnom pamu\u010dnom\/Cordura\u00ae materijalu, koji je mekan na dodir i izuzetno prozra\u010dan, \u0161to ih \u010dini idealnim za vo\u017enju u toplim danima, ali prikladnim za kori\u0161tenje tijekom cijele godine. Vi\u0161i struk dodatno pobolj\u0161ava udobnost vo\u017enje pru\u017eaju\u0107i bolju za\u0161titu i stabilnost na biciklu. <\/p>\n<p>Opremljene su uklonjivim Warrior Lite \u0161titnicima za koljena razine 2, a sigurnost se mo\u017ee dodatno pobolj\u0161ati opcionalnim \u0161titnicima za bokove. Hla\u010de imaju certifikat klase A, a dostupna je i verzija Pathfinder 2 Tech s certifikatom klase AA. <\/p>\n<p>Uklonjivi Warrior Lite \u0161titnici za koljena, certificirani prema EN 1621-1 Lev. 2 <\/p>\n<p>Warrior Lite \u0161titnici za bokove, opcionalno Z180<\/p>\n<p>Osobna za\u0161titna oprema za motocikliste &#8211; certificirana prema normi EN 17092-4:2020 klasa A<\/p>\n<p>CE: Za\u0161titna oprema za motocikliste u skladu s Uredbom (EU) 2016\/454.<\/p>\n<p>Opcionalni \u0161titnici za kukove Warrior Lite Lev.2<\/p>\n<p>Zna\u010dajke:<\/p>\n<ul>\n<li>Te\u017eina tkanine 13 oz\/m\u00b2<\/li>\n<li>Kop\u010da za remen hla\u010da<\/li>\n<li>Pri\u010dvr\u0161\u0107ivanje karabinerom<\/li>\n<li>Prosje\u010dna te\u017eina 1,0 kg<\/li>\n<li>Uski kroj<\/li>\n<li>Podesivi polo\u017eaj \u0161titnika za koljena<\/li>\n<li>Cordura\u00ae\/pamuk<\/li>\n<li>Elasti\u010dna tkanina<\/li>\n<li>Cordura\u00ae visoko\u010dvrsta poliamidna tkanina.<\/li>\n<\/ul>\n<\/div>\n<\/div>\n<\/div>\n<\/div>\n","protected":false},"excerpt":{"rendered":"<p>Spidi Pathfinder 2 Cargo Lady<\/p>\n","protected":false},"featured_media":187186,"comment_status":"open","ping_status":"closed","template":"","meta":{"_acf_changed":false},"brand":[2732],"gender":[2169],"product_brand":[],"product_cat":[2832,1356,2833],"product_tag":[],"class_list":{"0":"post-187260","1":"product","2":"type-product","3":"status-publish","4":"has-post-thumbnail","6":"brand-spidi-hr","7":"gender-zenska-en","8":"product_cat-hlace-hr","9":"product_cat-motociklisticka-oprema","10":"product_cat-traperice","11":"pa_size-26-hr","12":"pa_size-27-hr","13":"pa_size-28-hr","14":"pa_size-29-hr","15":"pa_size-30-hr","16":"pa_size-31-hr","17":"pa_size-32-hr","18":"pa_size-33-hr","19":"pa_size-34-hr","21":"first","22":"instock","23":"sale","24":"taxable","25":"shipping-taxable","26":"purchasable","27":"product-type-variable"},"acf":[],"_links":{"self":[{"href":"https:\/\/moto-oprema.com\/hr\/wp-json\/wp\/v2\/product\/187260","targetHints":{"allow":["GET"]}}],"collection":[{"href":"https:\/\/moto-oprema.com\/hr\/wp-json\/wp\/v2\/product"}],"about":[{"href":"https:\/\/moto-oprema.com\/hr\/wp-json\/wp\/v2\/types\/product"}],"replies":[{"embeddable":true,"href":"https:\/\/moto-oprema.com\/hr\/wp-json\/wp\/v2\/comments?post=187260"}],"wp:featuredmedia":[{"embeddable":true,"href":"https:\/\/moto-oprema.com\/hr\/wp-json\/wp\/v2\/media\/187186"}],"wp:attachment":[{"href":"https:\/\/moto-oprema.com\/hr\/wp-json\/wp\/v2\/media?parent=187260"}],"wp:term":[{"taxonomy":"brand","embeddable":true,"href":"https:\/\/moto-oprema.com\/hr\/wp-json\/wp\/v2\/brand?post=187260"},{"taxonomy":"gender","embeddable":true,"href":"https:\/\/moto-oprema.com\/hr\/wp-json\/wp\/v2\/gender?post=187260"},{"taxonomy":"product_brand","embeddable":true,"href":"https:\/\/moto-oprema.com\/hr\/wp-json\/wp\/v2\/product_brand?post=187260"},{"taxonomy":"product_cat","embeddable":true,"href":"https:\/\/moto-oprema.com\/hr\/wp-json\/wp\/v2\/product_cat?post=187260"},{"taxonomy":"product_tag","embeddable":true,"href":"https:\/\/moto-oprema.com\/hr\/wp-json\/wp\/v2\/product_tag?post=187260"}],"curies":[{"name":"wp","href":"https:\/\/api.w.org\/{rel}","templated":true}]}}