{"id":185472,"date":"2025-12-08T09:31:35","date_gmt":"2025-12-08T09:31:35","guid":{"rendered":"https:\/\/moto-oprema.com\/?post_type=product&#038;p=185472"},"modified":"2025-12-18T10:15:49","modified_gmt":"2025-12-18T10:15:49","slug":"scorpion-exo-1500-carbon-air-mundi-matt-black-silver-kopija","status":"publish","type":"product","link":"https:\/\/moto-oprema.com\/hr\/Artikel\/scorpion-exo-1500-carbon-air-mundi-matt-black-silver-kopija\/","title":{"rendered":"SCORPION EXO-1500 CARBON AIR MUNDI CRNI KAMELEON"},"content":{"rendered":"<p>Scorpion Exo-1500 Carbon Air kaciga za cijelo lice<\/p>\n<p>Scorpion EXO-1500 Carbon Air je napredna kaciga za touring koja kombinira sportske performanse s luksuznom udobno\u0161\u0107u i najsuvremenijom sigurnosnom tehnologijom. Zahvaljuju\u0107i ultra laganoj karbonskoj \u0161koljci, pru\u017ea maksimalnu stabilnost uz minimalnu te\u017einu &#8211; idealno za duge vo\u017enje i zahtjevne voza\u010de touringa. Integrirani AirFit\u2122 sustav osigurava individualno podesivo, savr\u0161eno pristajanje, dok u\u010dinkovit sustav ventilacije odr\u017eava glavu hladnom \u010dak i na visokim temperaturama. Svojim elegantnim dizajnom i izvanrednom aerodinamikom, EXO-1500 Carbon Air je savr\u0161en izbor za voza\u010de koji zahtijevaju stil, udobnost i najvi\u0161u razinu sigurnosti.   <\/p>\n<p>Zna\u010dajke:<\/p>\n<ul>\n<li>Ultra-TCT\u00ae Carbon: ultralagana karbonska \u0161koljka za izvrsnu stabilnost i malu te\u017einu<\/li>\n<li>AirFit\u2122 sustav: napuhani jastu\u010di\u0107i za obraze za prilago\u0111eno pristajanje<\/li>\n<li>Ellip-tec\u00ae II mehanizam: sigurna izmjena vizira bez alata s izvrsnim brtvljenjem<\/li>\n<li>Integrirani \u0161titnik za sunce SpeedView\u2122 s premazom protiv zamagljivanja za jasan vid u promjenjivim uvjetima osvjetljenja<\/li>\n<li>Pinlock\u00ae MaxVision: smanjuje zamagljivanje vizira u ve\u0107ini uvjeta.<\/li>\n<li>Aero ventilacijski sustav: aerodinami\u010dki optimizirana \u0161koljka za smanjenu buku vjetra, bolju ravnote\u017eu, ciljano odvo\u0111enje topline i vlage te ve\u0107u stabilnost pri velikim brzinama.<\/li>\n<li>Kwikwick\u00ae 3 unutarnja podstava: uklonjiva, periva i s regulacijom temperature za ugodno hla\u0111enje u toplim i toplinu u hladnim danima.<\/li>\n<li>Kwikfit\u2122 jastu\u010di\u0107i za obraze: kompatibilni s nao\u010dalama za dodatnu udobnost<\/li>\n<li>Sustav brzog otpu\u0161tanja: omogu\u0107uje brzo i sigurno uklanjanje kacige u hitnim slu\u010dajevima<\/li>\n<li>Deflektor za disanje podr\u017eava sustav protiv zamagljivanja<\/li>\n<\/ul>\n<p>Tehni\u010dke zna\u010dajke:<\/p>\n<ul>\n<li>Materijal: karbonska vlakna<\/li>\n<li>Zatvaranje: zatvaranje nazubljenom kop\u010dom<\/li>\n<li>Standard: ECE 22.06<\/li>\n<\/ul>\n<p>Veli\u010dine:<\/p>\n<p>Veli\u010dina kacige \/ opseg glave:<\/p>\n<ul>\n<li>XS: 53 cm &#8211; 54 cm<\/li>\n<li>S: 55 cm &#8211; 56 cm<\/li>\n<li>M: 57 cm &#8211; 58 cm<\/li>\n<li>D: 59 cm &#8211; 60 cm<\/li>\n<li>XL: 61 cm &#8211; 62 cm<\/li>\n<li>XXL: 63 cm &#8211; 64 cm<\/li>\n<\/ul>\n<p>Sadr\u017eaj:<\/p>\n<p>1 x kaciga Scorpion Exo-1500 Carbon Air Onyx<\/p>\n<p>1x prozirni vizir<\/p>\n<p>1x tamni dimni vizir<\/p>\n<p>1 x Pinlock le\u0107a<\/p>\n<p>1 x torba za kacigu<\/p>\n<p>&nbsp;<\/p>\n","protected":false},"excerpt":{"rendered":"","protected":false},"featured_media":185364,"comment_status":"open","ping_status":"closed","template":"","meta":{"_acf_changed":false},"brand":[3429],"gender":[2172],"product_brand":[],"product_cat":[1358,1356,1359],"product_tag":[],"class_list":{"0":"post-185472","1":"product","2":"type-product","3":"status-publish","4":"has-post-thumbnail","6":"brand-skorpion","7":"gender-unisex-hr","8":"product_cat-kacige","9":"product_cat-motociklisticka-oprema","10":"product_cat-sastavni","11":"pa_velikost-st-l-hr","12":"pa_velikost-st-m-hr","13":"pa_velikost-st-s-hr","14":"pa_velikost-st-xl-hr","15":"pa_velikost-st-xs-hr","16":"pa_velikost-st-xxl-hr","18":"first","19":"instock","20":"taxable","21":"shipping-taxable","22":"purchasable","23":"product-type-variable"},"acf":[],"_links":{"self":[{"href":"https:\/\/moto-oprema.com\/hr\/wp-json\/wp\/v2\/product\/185472","targetHints":{"allow":["GET"]}}],"collection":[{"href":"https:\/\/moto-oprema.com\/hr\/wp-json\/wp\/v2\/product"}],"about":[{"href":"https:\/\/moto-oprema.com\/hr\/wp-json\/wp\/v2\/types\/product"}],"replies":[{"embeddable":true,"href":"https:\/\/moto-oprema.com\/hr\/wp-json\/wp\/v2\/comments?post=185472"}],"wp:featuredmedia":[{"embeddable":true,"href":"https:\/\/moto-oprema.com\/hr\/wp-json\/wp\/v2\/media\/185364"}],"wp:attachment":[{"href":"https:\/\/moto-oprema.com\/hr\/wp-json\/wp\/v2\/media?parent=185472"}],"wp:term":[{"taxonomy":"brand","embeddable":true,"href":"https:\/\/moto-oprema.com\/hr\/wp-json\/wp\/v2\/brand?post=185472"},{"taxonomy":"gender","embeddable":true,"href":"https:\/\/moto-oprema.com\/hr\/wp-json\/wp\/v2\/gender?post=185472"},{"taxonomy":"product_brand","embeddable":true,"href":"https:\/\/moto-oprema.com\/hr\/wp-json\/wp\/v2\/product_brand?post=185472"},{"taxonomy":"product_cat","embeddable":true,"href":"https:\/\/moto-oprema.com\/hr\/wp-json\/wp\/v2\/product_cat?post=185472"},{"taxonomy":"product_tag","embeddable":true,"href":"https:\/\/moto-oprema.com\/hr\/wp-json\/wp\/v2\/product_tag?post=185472"}],"curies":[{"name":"wp","href":"https:\/\/api.w.org\/{rel}","templated":true}]}}