{"id":184173,"date":"2025-12-05T09:55:15","date_gmt":"2025-12-05T09:55:15","guid":{"rendered":"https:\/\/moto-oprema.com\/?post_type=product&#038;p=184173"},"modified":"2025-12-17T11:51:35","modified_gmt":"2025-12-17T11:51:35","slug":"scorpion-exo-1500-air-fantasy-crni-kameleon-kopija","status":"publish","type":"product","link":"https:\/\/moto-oprema.com\/hr\/Artikel\/scorpion-exo-1500-air-fantasy-crni-kameleon-kopija\/","title":{"rendered":"SCORPION EXO-1500 ZRA\u010cNA ARENA BIJELO PLAVA"},"content":{"rendered":"<p>Scorpion Exo-1500 Air kaciga za cijelo lice<\/p>\n<p>EXO 1500 Air kombinira inovativnu tehnologiju s visokom udobno\u0161\u0107u i sveobuhvatnom sigurno\u0161\u0107u, idealan za voza\u010de koji ne \u017eele ni\u0161ta manje. Ultra lagana Ultra-TCT\u00ae \u0161koljka pru\u017ea iznimnu stabilnost uz minimalnu te\u017einu \u2013 idealno za duge ture ili dinami\u010dnu vo\u017enju. AirFit\u2122 sustav omogu\u0107uje individualno pode\u0161avanje, dok u\u010dinkovito dizajniran sustav ventilacije osigurava stalan protok svje\u017eeg zraka, \u010dak i u vru\u0107im uvjetima. S modernim dizajnom i optimiziranom aerodinamikom, EXO 1500 Air je najbolji izbor za zahtjevne motocikliste.   <\/p>\n<p>Zna\u010dajke:<\/p>\n<ul>\n<li>Ultra TCT\u00ae: izuzetno lagana \u0161koljka kacige koja apsorbira energiju<\/li>\n<li>AirFit\u2122 sustav: napuhani jastu\u010di\u0107i za obraze za optimalno pristajanje<\/li>\n<li>Ellip\u2011tec\u00ae II: izmjena vizira bez alata u sekundama s hermeti\u010dkim zatvaranjem<\/li>\n<li>SpeedView\u2122 \u0161titnik za sunce: sklopivi \u0161titnik za sunce za promjenjive uvjete osvjetljenja<\/li>\n<li>Pinlock\u00ae MaxVision: smanjuje zamagljivanje vizira u ve\u0107ini uvjeta<\/li>\n<li>Aero-optimizirana \u0161koljka: smanjuje buku vjetra, pobolj\u0161ava ravnote\u017eu i stabilnost pri velikim brzinama.<\/li>\n<li>Kwikwick\u00ae 3 podstava: uklonjiva, periva i s regulacijom temperature.<\/li>\n<li>Kwikfit\u2122 jastu\u010di\u0107i za obraze: udobno kori\u0161tenje s nao\u010dalama.<\/li>\n<li>Sustav za hitno otpu\u0161tanje: omogu\u0107uje brzo skidanje kacige u hitnim slu\u010dajevima.<\/li>\n<li>Deflektor daha: podr\u017eava sustav protiv zamagljivanja.<\/li>\n<\/ul>\n<p>Tehni\u010dke zna\u010dajke:<\/p>\n<ul>\n<li>Materijal: kompozitna vlakna<\/li>\n<li>Zatvaranje: zatvaranje nazubljenom kop\u010dom<\/li>\n<li>Standard: ECE 22.06<\/li>\n<\/ul>\n<p>Veli\u010dine:<\/p>\n<p>Veli\u010dina kacige \/ opseg glave:<\/p>\n<ul>\n<li>XS: 53 cm &#8211; 54 cm<\/li>\n<li>S: 55 cm &#8211; 56 cm<\/li>\n<li>M: 57 cm &#8211; 58 cm<\/li>\n<li>D: 59 cm &#8211; 60 cm<\/li>\n<li>XL: 61 cm &#8211; 62 cm<\/li>\n<li>XXL: 63 cm &#8211; 64 cm<\/li>\n<\/ul>\n<p>Sadr\u017eaj:<\/p>\n<ul>\n<li>1 x Scorpion Exo-1500 Air<\/li>\n<li>1 x torba za kacigu<\/li>\n<\/ul>\n<p><strong>Vizir u boji na slici dostupan je uz dodatnu naknadu. Kaciga se isporu\u010duje s prozirnim vizirom! <\/strong><\/p>\n","protected":false},"excerpt":{"rendered":"","protected":false},"featured_media":184225,"comment_status":"open","ping_status":"closed","template":"","meta":{"_acf_changed":false},"brand":[3429],"gender":[2172],"product_brand":[],"product_cat":[1358,1356,1359],"product_tag":[],"class_list":{"0":"post-184173","1":"product","2":"type-product","3":"status-publish","4":"has-post-thumbnail","6":"brand-skorpion","7":"gender-unisex-hr","8":"product_cat-kacige","9":"product_cat-motociklisticka-oprema","10":"product_cat-sastavni","11":"pa_velikost-st-l-hr","12":"pa_velikost-st-m-hr","13":"pa_velikost-st-s-hr","14":"pa_velikost-st-xl-hr","15":"pa_velikost-st-xs-hr","16":"pa_velikost-st-xxl-hr","18":"first","19":"instock","20":"taxable","21":"shipping-taxable","22":"purchasable","23":"product-type-variable"},"acf":[],"_links":{"self":[{"href":"https:\/\/moto-oprema.com\/hr\/wp-json\/wp\/v2\/product\/184173","targetHints":{"allow":["GET"]}}],"collection":[{"href":"https:\/\/moto-oprema.com\/hr\/wp-json\/wp\/v2\/product"}],"about":[{"href":"https:\/\/moto-oprema.com\/hr\/wp-json\/wp\/v2\/types\/product"}],"replies":[{"embeddable":true,"href":"https:\/\/moto-oprema.com\/hr\/wp-json\/wp\/v2\/comments?post=184173"}],"wp:featuredmedia":[{"embeddable":true,"href":"https:\/\/moto-oprema.com\/hr\/wp-json\/wp\/v2\/media\/184225"}],"wp:attachment":[{"href":"https:\/\/moto-oprema.com\/hr\/wp-json\/wp\/v2\/media?parent=184173"}],"wp:term":[{"taxonomy":"brand","embeddable":true,"href":"https:\/\/moto-oprema.com\/hr\/wp-json\/wp\/v2\/brand?post=184173"},{"taxonomy":"gender","embeddable":true,"href":"https:\/\/moto-oprema.com\/hr\/wp-json\/wp\/v2\/gender?post=184173"},{"taxonomy":"product_brand","embeddable":true,"href":"https:\/\/moto-oprema.com\/hr\/wp-json\/wp\/v2\/product_brand?post=184173"},{"taxonomy":"product_cat","embeddable":true,"href":"https:\/\/moto-oprema.com\/hr\/wp-json\/wp\/v2\/product_cat?post=184173"},{"taxonomy":"product_tag","embeddable":true,"href":"https:\/\/moto-oprema.com\/hr\/wp-json\/wp\/v2\/product_tag?post=184173"}],"curies":[{"name":"wp","href":"https:\/\/api.w.org\/{rel}","templated":true}]}}