{"id":183715,"date":"2025-12-04T08:41:26","date_gmt":"2025-12-04T08:41:26","guid":{"rendered":"https:\/\/moto-oprema.com\/?post_type=product&#038;p=183715"},"modified":"2025-12-04T08:45:09","modified_gmt":"2025-12-04T08:45:09","slug":"alpinestars-belize-v3-drystar-rukavice-crne-kopija","status":"publish","type":"product","link":"https:\/\/moto-oprema.com\/hr\/Artikel\/alpinestars-belize-v3-drystar-rukavice-crne-kopija\/","title":{"rendered":"ALPINESTARS BELIZE V3 DRYSTAR RUKAVICE CRNO-SME\u0110E"},"content":{"rendered":"<p>Rukavice Belize v3 Drystar\u00ae opremljene su Drystar\u00ae membranom za dokazanu vodootpornost i visoku prozra\u010dnost te imaju ubrizgani SP \u0161titnik za prste za u\u010dinkovitu za\u0161titu od udaraca.<\/p>\n<p>Zna\u010dajke:<\/p>\n<ul>\n<li>Kratka man\u017eeta<\/li>\n<li>Ko\u017ena konstrukcija le\u0111a sa strate\u0161ki postavljenim elasti\u010dnim umetcima za optimalnu udobnost, izdr\u017eljivost i precizno pristajanje<\/li>\n<li>Drystar\u00ae membrana osigurava optimalne performanse rukavica po mokrom vremenu<\/li>\n<li>Unaprijed oblikovani prsti pru\u017eaju ve\u0107u fleksibilnost i smanjuju umor na dugim vo\u017enjama.<\/li>\n<li>Su\u017eeni vrhovi prstiju smanjuju broj \u0161avova za visoku razinu udobnosti.<\/li>\n<li>Umetak od vodljive sinteti\u010dke ko\u017ee na palcu i ka\u017eiprstu za kompatibilnost sa zaslonima osjetljivim na dodir.<\/li>\n<li>Silikonski detalji protiv klizanja na zatvara\u010du za jednostavno rukovanje.<\/li>\n<\/ul>\n<p>Tehni\u010dke zna\u010dajke:<\/p>\n<ul>\n<li>Za\u0161titne rukavice za motocikliste, razina KP1.<\/li>\n<li>Plis i stranice sli\u010dne ko\u017ei za izvrsnu otpornost na habanje.<\/li>\n<li>Ubrizgani SP \u0161titnik za prste.<\/li>\n<li>Strate\u0161ki postavljeni za\u0161titni jastu\u010di\u0107i na le\u0111ima i palcu za dodatnu za\u0161titu na kriti\u010dnim podru\u010djima.<\/li>\n<\/ul>\n<p>Dodatne informacije o proizvodu<\/p>\n<p>Materijal: 66% kozja ko\u017ea, 19% poliester, 9% poliuretan, 6% poliamid \/ Sadr\u017ei netekstilne dijelove \u017eivotinjskog podrijetla!<\/p>\n","protected":false},"excerpt":{"rendered":"<p>Rukavice Belize v3 Drystar\u00ae opremljene su Drystar\u00ae membranom za dokazanu vodootpornost i visoku prozra\u010dnost te imaju&#8230;<\/p>\n","protected":false},"featured_media":183673,"comment_status":"open","ping_status":"closed","template":"","meta":{"_acf_changed":false},"brand":[2748],"gender":[1313],"product_brand":[],"product_cat":[2835,1356,2816],"product_tag":[],"class_list":{"0":"post-183715","1":"product","2":"type-product","3":"status-publish","4":"has-post-thumbnail","6":"brand-alpinestars-hr","7":"gender-moski","8":"product_cat-kozne-rukavice","9":"product_cat-motociklisticka-oprema","10":"product_cat-rukavice","11":"pa_velikost-rokovice-l-hr","12":"pa_velikost-rokovice-m-hr","13":"pa_velikost-rokovice-s-hr","14":"pa_velikost-rokovice-xl-hr","15":"pa_velikost-rokovice-xxl-hr","17":"first","18":"instock","19":"sale","20":"taxable","21":"shipping-taxable","22":"purchasable","23":"product-type-variable"},"acf":[],"_links":{"self":[{"href":"https:\/\/moto-oprema.com\/hr\/wp-json\/wp\/v2\/product\/183715","targetHints":{"allow":["GET"]}}],"collection":[{"href":"https:\/\/moto-oprema.com\/hr\/wp-json\/wp\/v2\/product"}],"about":[{"href":"https:\/\/moto-oprema.com\/hr\/wp-json\/wp\/v2\/types\/product"}],"replies":[{"embeddable":true,"href":"https:\/\/moto-oprema.com\/hr\/wp-json\/wp\/v2\/comments?post=183715"}],"wp:featuredmedia":[{"embeddable":true,"href":"https:\/\/moto-oprema.com\/hr\/wp-json\/wp\/v2\/media\/183673"}],"wp:attachment":[{"href":"https:\/\/moto-oprema.com\/hr\/wp-json\/wp\/v2\/media?parent=183715"}],"wp:term":[{"taxonomy":"brand","embeddable":true,"href":"https:\/\/moto-oprema.com\/hr\/wp-json\/wp\/v2\/brand?post=183715"},{"taxonomy":"gender","embeddable":true,"href":"https:\/\/moto-oprema.com\/hr\/wp-json\/wp\/v2\/gender?post=183715"},{"taxonomy":"product_brand","embeddable":true,"href":"https:\/\/moto-oprema.com\/hr\/wp-json\/wp\/v2\/product_brand?post=183715"},{"taxonomy":"product_cat","embeddable":true,"href":"https:\/\/moto-oprema.com\/hr\/wp-json\/wp\/v2\/product_cat?post=183715"},{"taxonomy":"product_tag","embeddable":true,"href":"https:\/\/moto-oprema.com\/hr\/wp-json\/wp\/v2\/product_tag?post=183715"}],"curies":[{"name":"wp","href":"https:\/\/api.w.org\/{rel}","templated":true}]}}