{"id":183202,"date":"2025-12-03T08:58:09","date_gmt":"2025-12-03T08:58:09","guid":{"rendered":"https:\/\/moto-oprema.com\/?post_type=product&#038;p=183202"},"modified":"2025-12-03T09:02:34","modified_gmt":"2025-12-03T09:02:34","slug":"alpinestars-halo-pro-drystar-xf-laminirane-crne-kopija","status":"publish","type":"product","link":"https:\/\/moto-oprema.com\/hr\/Artikel\/alpinestars-halo-pro-drystar-xf-laminirane-crne-kopija\/","title":{"rendered":"ALPINESTARS HALO PRO DRYSTAR XF LAMINIRANA MASTIKA CRNE"},"content":{"rendered":"<p>Alpinestars Halo Pro DS XF vodootporna tekstilna jakna za motocikliste<\/p>\n<p>Ova vrhunska avanturisti\u010dka jakna dizajnirana je za voza\u010de koji \u017eele kombinirati vrhunsku za\u0161titu, svestranost i za\u0161titu od vremenskih uvjeta u jednom proizvodu. S laminiranom troslojnom \u0161koljkom, modularnim sustavima ventilacije i visokokvalitetnom za\u0161titnom tehnologijom, idealna je za zahtjevne ture &#8211; i na cesti i izvan nje. Svaki element dizajniran je kako bi ponudio maksimalnu za\u0161titu i optimalnu slobodu kretanja.  <\/p>\n<p>Zna\u010dajke:<\/p>\n<ul>\n<li>Dizajn za sve terene: razvijen za upotrebu na cesti i izvan ceste \u2013 s potpuno rastezljivim vanjskim slojem za slobodu kretanja i udobnost<\/li>\n<li>3-slojna Stretch Drystar\u00ae XF Ripstop konstrukcija: vrlo visoka za\u0161tita od vremenskih uvjeta (\u2265 15 000 mm vodenog stupca) i izvrsna prozra\u010dnost<\/li>\n<li>Modularna ventilacija: paneli na prsima i le\u0111ima te odvojivi vanjski rukavi za maksimalnu cirkulaciju zraka tijekom toplih dana<\/li>\n<li>Robusna PU oja\u010danja na ramenima i laktovima te produ\u017eetak na le\u0111ima za ve\u0107u izdr\u017eljivost.<\/li>\n<li>Uklonjiva unutarnja podstava i ergonomske mogu\u0107nosti pode\u0161avanja na nadlakticama, struku i zape\u0161\u0107ima.<\/li>\n<li>Dvosmjerni YKK\u00ae AQUASEAL\u00ae patentni zatvara\u010di sprijeda i na ventilacijskim panelima \u2013 najbolja za\u0161tita od prodora vode uz mogu\u0107nost podesive ventilacije.<\/li>\n<\/ul>\n<p>Tehni\u010dke zna\u010dajke:<\/p>\n<ul>\n<li>Za\u0161titna odje\u0107a za motocikliste \u2013 EN 17092:2020 (Klasa AA s rukavima, Klasa A bez rukava)<\/li>\n<li>Nucleon Flex Pro \u0161titnici na ramenima i laktovima (razina 2)<\/li>\n<li>Spremno za Tech-Air\u00ae sustav zra\u010dnih jastuka<\/li>\n<li>Dodatne informacije o proizvodu<\/li>\n<li>Materijal 99% poliester, 1% elastan<\/li>\n<li>Zna\u010dajke<\/li>\n<li>3-slojni laminat<\/li>\n<li>Zra\u010dni jastuk<\/li>\n<li>Patentni zatvara\u010d za pri\u010dvr\u0161\u0107ivanje<\/li>\n<li>Ugra\u0111eni \u0161titnik za laktove<\/li>\n<li>Perforiran<\/li>\n<li>Ugra\u0111eni \u0161titnik za ramena<\/li>\n<li>Vodootporna membrana<\/li>\n<\/ul>\n<p>Klasa za\u0161tite: AA<\/p>\n<p>&nbsp;<\/p>\n","protected":false},"excerpt":{"rendered":"<p>Alpinestars Halo Pro DS XF vodootporna tekstilna jakna za motocikliste Ova vrhunska avanturisti\u010dka jakna dizajnirana je&#8230;<\/p>\n","protected":false},"featured_media":183228,"comment_status":"open","ping_status":"closed","template":"","meta":{"_acf_changed":false},"brand":[2748],"gender":[2168],"product_brand":[],"product_cat":[2759,1356,2761],"product_tag":[],"class_list":{"0":"post-183202","1":"product","2":"type-product","3":"status-publish","4":"has-post-thumbnail","6":"brand-alpinestars-hr","7":"gender-moski-de","8":"product_cat-jakne-hr","9":"product_cat-motociklisticka-oprema","10":"product_cat-tekstilne-jakne-hr","11":"pa_size-l-hr","12":"pa_size-m-hr","13":"pa_size-s-hr","14":"pa_size-xl-hr","15":"pa_size-xxl-hr","16":"pa_size-xxxl-hr","18":"first","19":"instock","20":"sale","21":"taxable","22":"shipping-taxable","23":"purchasable","24":"product-type-variable"},"acf":[],"_links":{"self":[{"href":"https:\/\/moto-oprema.com\/hr\/wp-json\/wp\/v2\/product\/183202","targetHints":{"allow":["GET"]}}],"collection":[{"href":"https:\/\/moto-oprema.com\/hr\/wp-json\/wp\/v2\/product"}],"about":[{"href":"https:\/\/moto-oprema.com\/hr\/wp-json\/wp\/v2\/types\/product"}],"replies":[{"embeddable":true,"href":"https:\/\/moto-oprema.com\/hr\/wp-json\/wp\/v2\/comments?post=183202"}],"wp:featuredmedia":[{"embeddable":true,"href":"https:\/\/moto-oprema.com\/hr\/wp-json\/wp\/v2\/media\/183228"}],"wp:attachment":[{"href":"https:\/\/moto-oprema.com\/hr\/wp-json\/wp\/v2\/media?parent=183202"}],"wp:term":[{"taxonomy":"brand","embeddable":true,"href":"https:\/\/moto-oprema.com\/hr\/wp-json\/wp\/v2\/brand?post=183202"},{"taxonomy":"gender","embeddable":true,"href":"https:\/\/moto-oprema.com\/hr\/wp-json\/wp\/v2\/gender?post=183202"},{"taxonomy":"product_brand","embeddable":true,"href":"https:\/\/moto-oprema.com\/hr\/wp-json\/wp\/v2\/product_brand?post=183202"},{"taxonomy":"product_cat","embeddable":true,"href":"https:\/\/moto-oprema.com\/hr\/wp-json\/wp\/v2\/product_cat?post=183202"},{"taxonomy":"product_tag","embeddable":true,"href":"https:\/\/moto-oprema.com\/hr\/wp-json\/wp\/v2\/product_tag?post=183202"}],"curies":[{"name":"wp","href":"https:\/\/api.w.org\/{rel}","templated":true}]}}