{"id":182985,"date":"2025-12-03T08:25:17","date_gmt":"2025-12-03T08:25:17","guid":{"rendered":"https:\/\/moto-oprema.com\/?post_type=product&#038;p=182985"},"modified":"2025-12-03T08:39:20","modified_gmt":"2025-12-03T08:39:20","slug":"alpinestars-cizme-supertech-r-crne-crne-kopija","status":"publish","type":"product","link":"https:\/\/moto-oprema.com\/hr\/Artikel\/alpinestars-cizme-supertech-r-crne-crne-kopija\/","title":{"rendered":"ALPINESTARS \u010cIZME SUPERTECH R \u017dUTO-FLUORECENTNE CRNE"},"content":{"rendered":"<p><span class=\"VIiyi\" lang=\"sl\"><span class=\"JLqJ4b\">Gotovo svaka komponenta Supertech R \u010dizama, Alpinestarsovih ultimativnih trka\u0107ih \u010dizama koje nose gotovo svi biv\u0161i i sada\u0161nji prvaci, pro\u0161la je kroz rigorozan popis nadogradnji kako bi se dodatno pobolj\u0161ale njihove performanse.<\/span><\/span><\/p>\n<p><strong>Zna\u010dajke:<\/strong><\/p>\n<ul>\n<li>Glavni gornji materijal izra\u0111en je od mikrovlakana za optimalnu otpornost na habanje, a istovremeno pru\u017ea visoku razinu fleksibilnosti.<\/li>\n<li>Novo prednje fleksibilno podru\u010dje za pobolj\u0161anu abraziju pri udarcima, a istovremeno osigurava prirodni prednji i stra\u017enji dio.<\/li>\n<li>Novo prednje fleksibilno podru\u010dje pove\u0107ava ventilaciju i protok zraka za dodatnu prozra\u010dnost.<\/li>\n<li>Redizajnirani stra\u017enji mjeh i rastezljiva mikrovlakna za pobolj\u0161ano prirodno kretanje naprijed i natrag.<\/li>\n<li>Redizajnirani gornji dio gama\u0161i od mikrovlakana s TPU injekcijskim premazom za pobolj\u0161ani hvat.<\/li>\n<li>Nova sinteti\u010dka mikrovlaknasta plo\u010da na medijalnoj strani za pobolj\u0161anu otpornost na habanje i bolji osje\u0107aj pri kontaktu s biciklom.<\/li>\n<li>Novi TPU mjenja\u010d za pove\u0107anu za\u0161titu na donjoj medijalnoj strani.<\/li>\n<li>Nova TPU plo\u010da za potkoljenicu redizajnirana je za bolju apsorpciju udara, \u010dime se pobolj\u0161ava otpornost na habanje na klju\u010dnom podru\u010dju.<\/li>\n<li>Novi zamjenjivi kliza\u010d za potkoljenicu za dodatnu otpornost na habanje.<\/li>\n<li>Novi dizajn rastezljivih TPU panela s patentnim zatvara\u010dem za lak\u0161e obuvanje i izuvanje te bli\u017ee, optimiziranije pristajanje.<\/li>\n<li>Zatvaranje \u010di\u010dkom osigurava da patentni zatvara\u010d ostane na mjestu.<\/li>\n<li>Mikro podesivo zatvaranje s \u010depom na vrhu \u010dizme za optimalno pristajanje.<\/li>\n<li>Zamjenjivi kliza\u010d za prste od ko-injektiranog TPU\/aluminija s jednostavnim sustavom vijaka koji \u0161titi podru\u010dje prstiju od otpornosti na habanje.<\/li>\n<li>Novi dizajn kliza\u010da s zamjenjivom plo\u010dom pete nudi pobolj\u0161ane klizne performanse i za\u0161titu u slu\u010daju pada.<\/li>\n<li>Potplat izra\u0111en od lagane gumene smjese za izvrsno prianjanje na klinovima.<\/li>\n<li>Odvojena, interno a\u017eurirana biomehani\u010dka unutarnja \u010dizma izra\u0111ena od 3D mre\u017eastog materijala za bolju strukturu, \u010dime se pobolj\u0161ava udobnost voza\u010da.<\/li>\n<li>Unutarnja \u010dizma opremljena je novim vanjskim podru\u010djem za prste s mekim TPU oja\u010danjem za vrhunsku za\u0161titu od udara i dodatnim jastu\u010di\u0107ima za gle\u017eanj za ve\u0107u za\u0161titu, stabilnost i ubla\u017eavanje tijekom prirodnog kretanja stopala.<\/li>\n<li>Za\u0161titna obu\u0107a za motocikliste (EN 13634:2017)<\/li>\n<\/ul>\n<p>&nbsp;<\/p>\n<p><b>Sastav:  <\/b><\/p>\n<p><span style=\"font-family: arial, helvetica, sans-serif; font-size: small;\">Gornji\u0161te: ostali materijali; umjetna ko\u017ea.  <\/span><\/p>\n<p><span style=\"font-family: arial, helvetica, sans-serif; font-size: small;\">Podstava i ulo\u017eak: tekstilni materijal.  <\/span><\/p>\n<p><span style=\"font-family: arial, helvetica, sans-serif; font-size: small;\">Potplat: guma.<\/span><\/p>\n<p>&nbsp;<\/p>\n","protected":false},"excerpt":{"rendered":"","protected":false},"featured_media":183003,"comment_status":"open","ping_status":"closed","template":"","meta":{"_acf_changed":false},"brand":[2748],"gender":[2172],"product_brand":[],"product_cat":[1356,2769,2792],"product_tag":[],"class_list":{"0":"post-182985","1":"product","2":"type-product","3":"status-publish","4":"has-post-thumbnail","6":"brand-alpinestars-hr","7":"gender-unisex-hr","8":"product_cat-motociklisticka-oprema","9":"product_cat-obuca","10":"product_cat-sportske-cipele","11":"pa_velikost-skornji-39-hr","12":"pa_velikost-skornji-40-hr","13":"pa_velikost-skornji-41-hr","14":"pa_velikost-skornji-42-hr","15":"pa_velikost-skornji-43-hr","16":"pa_velikost-skornji-44-hr","17":"pa_velikost-skornji-45-hr","18":"pa_velikost-skornji-46-hr","19":"pa_velikost-skornji-47-hr","21":"first","22":"instock","23":"sale","24":"taxable","25":"shipping-taxable","26":"purchasable","27":"product-type-variable"},"acf":[],"_links":{"self":[{"href":"https:\/\/moto-oprema.com\/hr\/wp-json\/wp\/v2\/product\/182985","targetHints":{"allow":["GET"]}}],"collection":[{"href":"https:\/\/moto-oprema.com\/hr\/wp-json\/wp\/v2\/product"}],"about":[{"href":"https:\/\/moto-oprema.com\/hr\/wp-json\/wp\/v2\/types\/product"}],"replies":[{"embeddable":true,"href":"https:\/\/moto-oprema.com\/hr\/wp-json\/wp\/v2\/comments?post=182985"}],"wp:featuredmedia":[{"embeddable":true,"href":"https:\/\/moto-oprema.com\/hr\/wp-json\/wp\/v2\/media\/183003"}],"wp:attachment":[{"href":"https:\/\/moto-oprema.com\/hr\/wp-json\/wp\/v2\/media?parent=182985"}],"wp:term":[{"taxonomy":"brand","embeddable":true,"href":"https:\/\/moto-oprema.com\/hr\/wp-json\/wp\/v2\/brand?post=182985"},{"taxonomy":"gender","embeddable":true,"href":"https:\/\/moto-oprema.com\/hr\/wp-json\/wp\/v2\/gender?post=182985"},{"taxonomy":"product_brand","embeddable":true,"href":"https:\/\/moto-oprema.com\/hr\/wp-json\/wp\/v2\/product_brand?post=182985"},{"taxonomy":"product_cat","embeddable":true,"href":"https:\/\/moto-oprema.com\/hr\/wp-json\/wp\/v2\/product_cat?post=182985"},{"taxonomy":"product_tag","embeddable":true,"href":"https:\/\/moto-oprema.com\/hr\/wp-json\/wp\/v2\/product_tag?post=182985"}],"curies":[{"name":"wp","href":"https:\/\/api.w.org\/{rel}","templated":true}]}}