{"id":181314,"date":"2025-11-27T08:56:17","date_gmt":"2025-11-27T08:56:17","guid":{"rendered":"https:\/\/moto-oprema.com\/?post_type=product&#038;p=181314"},"modified":"2025-11-27T09:07:30","modified_gmt":"2025-11-27T09:07:30","slug":"alpinestars-torba-za-struk-mm93-crna-crvena-kopija-2","status":"publish","type":"product","link":"https:\/\/moto-oprema.com\/hr\/Artikel\/alpinestars-torba-za-struk-mm93-crna-crvena-kopija-2\/","title":{"rendered":"ALPINESTARS TORBA ZA STRUK MM93 TAMNOPLAVA CRVENA"},"content":{"rendered":"<p>Prakti\u010dna torba za struk izra\u0111ena od izdr\u017eljivog i dugotrajnog materijala, idealna za sigurno pohranjivanje bitnih predmeta. Alpinestars MM93 torba za struk. Prakti\u010dna torba kapaciteta 2,5 l. Glavni pretinac u torbi za struk s patentnim zatvara\u010dem za brz i jednostavan pristup novcu, kameri, sun\u010danim nao\u010dalama itd. Mali d\u017eep za pro\u0161irenje pove\u0107ava kapacitet. Dolazi s podesivim remenom za brzu i jednostavnu upotrebu. Izra\u0111ena od izdr\u017eljive i dugotrajne tkanine, opremljena robusnim patentnim zatvara\u010dima. Vodootporna.      <\/p>\n<p>Prakti\u010dna torba za struk izra\u0111ena od izdr\u017eljivog, \u010dvrstog materijala, idealna za sigurnu pohranu bitnih predmeta. Alpinestars MM93 torba za struk. Prakti\u010dna torba kapaciteta 2,5 l. Glavni pretinac s patentnim zatvara\u010dem za brz i jednostavan pristup novcu, kameri, sun\u010danim nao\u010dalama itd. Mali d\u017eep za pro\u0161irenje pove\u0107ava kapacitet. Dolazi s podesivim remenom za brzu i jednostavnu upotrebu. Izra\u0111ena od \u010dvrste, izdr\u017eljive tkanine s \u010dvrstim patentnim zatvara\u010dima. Vodootporna.      <\/p>\n<p>Prakti\u010dan H\u00fcfttasche aus strapazierf\u00e4higem Materijal, idealan za die sichere Arbeitsungen von important Gegendenten Alpinestars MM93 H\u00fcfttasche. Praktische Tasche mit 2,5 l Fassungsverm\u00f6gen. H\u00fcftasche mit Zwipperschluss-Hauptfach f\u00fcr schnellen und einfachen Zugricht auf Geld, Kamera, Sonnenbrille itd. Kleine Erweiterungstasche erh\u00f6ht das Fassungsverm\u00f6gen. S podesivim remenom za brzo i jednostavno kori\u0161tenje. Aus strapazierf\u00e4higem, durable Material und mit robusten Rei\u00dfverschl\u00fcssen. Wasserfest.      <\/p>\n<p>&nbsp;<\/p>\n","protected":false},"excerpt":{"rendered":"<p>Alpinestars torba za struk MM93<\/p>\n","protected":false},"featured_media":181316,"comment_status":"open","ping_status":"closed","template":"","meta":{"_acf_changed":false},"brand":[2748],"gender":[],"product_brand":[],"product_cat":[1356,2729,2755],"product_tag":[],"class_list":{"0":"post-181314","1":"product","2":"type-product","3":"status-publish","4":"has-post-thumbnail","6":"brand-alpinestars-hr","7":"product_cat-motociklisticka-oprema","8":"product_cat-pribor","9":"product_cat-ruksaci-i-torbe-za-noge","11":"first","12":"instock","13":"sale","14":"taxable","15":"shipping-taxable","16":"purchasable","17":"product-type-simple"},"acf":[],"_links":{"self":[{"href":"https:\/\/moto-oprema.com\/hr\/wp-json\/wp\/v2\/product\/181314","targetHints":{"allow":["GET"]}}],"collection":[{"href":"https:\/\/moto-oprema.com\/hr\/wp-json\/wp\/v2\/product"}],"about":[{"href":"https:\/\/moto-oprema.com\/hr\/wp-json\/wp\/v2\/types\/product"}],"replies":[{"embeddable":true,"href":"https:\/\/moto-oprema.com\/hr\/wp-json\/wp\/v2\/comments?post=181314"}],"wp:featuredmedia":[{"embeddable":true,"href":"https:\/\/moto-oprema.com\/hr\/wp-json\/wp\/v2\/media\/181316"}],"wp:attachment":[{"href":"https:\/\/moto-oprema.com\/hr\/wp-json\/wp\/v2\/media?parent=181314"}],"wp:term":[{"taxonomy":"brand","embeddable":true,"href":"https:\/\/moto-oprema.com\/hr\/wp-json\/wp\/v2\/brand?post=181314"},{"taxonomy":"gender","embeddable":true,"href":"https:\/\/moto-oprema.com\/hr\/wp-json\/wp\/v2\/gender?post=181314"},{"taxonomy":"product_brand","embeddable":true,"href":"https:\/\/moto-oprema.com\/hr\/wp-json\/wp\/v2\/product_brand?post=181314"},{"taxonomy":"product_cat","embeddable":true,"href":"https:\/\/moto-oprema.com\/hr\/wp-json\/wp\/v2\/product_cat?post=181314"},{"taxonomy":"product_tag","embeddable":true,"href":"https:\/\/moto-oprema.com\/hr\/wp-json\/wp\/v2\/product_tag?post=181314"}],"curies":[{"name":"wp","href":"https:\/\/api.w.org\/{rel}","templated":true}]}}