{"id":180920,"date":"2025-11-21T11:41:38","date_gmt":"2025-11-21T11:41:38","guid":{"rendered":"https:\/\/moto-oprema.com\/?post_type=product&#038;p=180920"},"modified":"2025-11-21T11:47:47","modified_gmt":"2025-11-21T11:47:47","slug":"sidi-adventure-2-gore-tex-pijesak-okr-kopija-2","status":"publish","type":"product","link":"https:\/\/moto-oprema.com\/hr\/Artikel\/sidi-adventure-2-gore-tex-pijesak-okr-kopija-2\/","title":{"rendered":"SIDI ADVENTURE 2 GORE-TEX BLACK"},"content":{"rendered":"<p>Motociklisti\u010dke \u010dizme SIDI Adventure 2 nude izvrsnu za\u0161titu i vrlo su izdr\u017eljive. Model ima fleksibilne panele koji pobolj\u0161avaju udobnost i pokretljivost, a istovremeno sprje\u010davaju ozljede. Gore-Tex\u00ae membrana je tako\u0111er pobolj\u0161ana, \u0161to ove \u010dizme \u010dini najvodootpornijima u svojoj kategoriji. Adventure \u010dizme imaju robusna oja\u010danja na petama, prstima, potplatu i potkoljenicama za dodatnu za\u0161titu. Mikrometrijska Sidi kop\u010da se lako mijenja i omogu\u0107uje jednostavno prilago\u0111avanje polo\u017eaju voza\u010da. Osim toga, ima sustav sli\u010dan Vertebra sustavu Sidijevih Onroad \u010dizama, \u0161to je \u010dini fleksibilnijom. Potplat Touring je otporan na udarce i anatomski oblikovan, a reflektiraju\u0107i umeci na stra\u017enjoj strani pru\u017eaju bolju vidljivost. Sveukupno, Sidi Adventure 2 \u010dizme su pobolj\u0161ana verzija popularnih Sidi Adventure \u010dizama.       <\/p>\n<p>&nbsp;<\/p>\n","protected":false},"excerpt":{"rendered":"<p>Motociklisti\u010dke \u010dizme SIDI Adventure 2 nude izvrsnu za\u0161titu i vrlo su izdr\u017eljive. Model ima fleksibilne panele&#8230;<\/p>\n","protected":false},"featured_media":180946,"comment_status":"open","ping_status":"closed","template":"","meta":{"_acf_changed":false},"brand":[2847],"gender":[1313],"product_brand":[],"product_cat":[1356,2769,2813],"product_tag":[],"class_list":{"0":"post-180920","1":"product","2":"type-product","3":"status-publish","4":"has-post-thumbnail","6":"brand-sidi-hr","7":"gender-moski","8":"product_cat-motociklisticka-oprema","9":"product_cat-obuca","10":"product_cat-obuca-za-planinarenje","11":"pa_velikost-skornji-39-hr","12":"pa_velikost-skornji-40-hr","13":"pa_velikost-skornji-41-hr","14":"pa_velikost-skornji-42-hr","15":"pa_velikost-skornji-43-hr","16":"pa_velikost-skornji-44-hr","17":"pa_velikost-skornji-45-hr","18":"pa_velikost-skornji-46-hr","19":"pa_velikost-skornji-47-hr","20":"pa_velikost-skornji-48-hr","21":"pa_velikost-skornji-49-hr","22":"pa_velikost-skornji-50-hr","24":"first","25":"instock","26":"sale","27":"taxable","28":"shipping-taxable","29":"purchasable","30":"product-type-variable"},"acf":[],"_links":{"self":[{"href":"https:\/\/moto-oprema.com\/hr\/wp-json\/wp\/v2\/product\/180920","targetHints":{"allow":["GET"]}}],"collection":[{"href":"https:\/\/moto-oprema.com\/hr\/wp-json\/wp\/v2\/product"}],"about":[{"href":"https:\/\/moto-oprema.com\/hr\/wp-json\/wp\/v2\/types\/product"}],"replies":[{"embeddable":true,"href":"https:\/\/moto-oprema.com\/hr\/wp-json\/wp\/v2\/comments?post=180920"}],"wp:featuredmedia":[{"embeddable":true,"href":"https:\/\/moto-oprema.com\/hr\/wp-json\/wp\/v2\/media\/180946"}],"wp:attachment":[{"href":"https:\/\/moto-oprema.com\/hr\/wp-json\/wp\/v2\/media?parent=180920"}],"wp:term":[{"taxonomy":"brand","embeddable":true,"href":"https:\/\/moto-oprema.com\/hr\/wp-json\/wp\/v2\/brand?post=180920"},{"taxonomy":"gender","embeddable":true,"href":"https:\/\/moto-oprema.com\/hr\/wp-json\/wp\/v2\/gender?post=180920"},{"taxonomy":"product_brand","embeddable":true,"href":"https:\/\/moto-oprema.com\/hr\/wp-json\/wp\/v2\/product_brand?post=180920"},{"taxonomy":"product_cat","embeddable":true,"href":"https:\/\/moto-oprema.com\/hr\/wp-json\/wp\/v2\/product_cat?post=180920"},{"taxonomy":"product_tag","embeddable":true,"href":"https:\/\/moto-oprema.com\/hr\/wp-json\/wp\/v2\/product_tag?post=180920"}],"curies":[{"name":"wp","href":"https:\/\/api.w.org\/{rel}","templated":true}]}}