{"id":180427,"date":"2025-11-21T11:11:34","date_gmt":"2025-11-21T11:11:34","guid":{"rendered":"https:\/\/moto-oprema.com\/?post_type=product&#038;p=180427"},"modified":"2025-11-21T11:16:20","modified_gmt":"2025-11-21T11:16:20","slug":"gaerne-sg12-mx-cizme-zelene-kopija","status":"publish","type":"product","link":"https:\/\/moto-oprema.com\/hr\/Artikel\/gaerne-sg12-mx-cizme-zelene-kopija\/","title":{"rendered":"GAERNE SG12 MX \u010cIZME CRVENO PLAVO CRNO BIJELO"},"content":{"rendered":"<p><strong>Gaerne SG12 su vrhunske motokros \u010dizme<\/strong> .<\/p>\n<p>Kako bi se sprije\u010dilo pretjerano istezanje ili kompresija, DSPS (Dual Stage Pivot System) pru\u017ea vrlo dobru bo\u010dnu potporu. Plo\u010da za potkoljenicu izra\u0111ena je od PU materijala, dok peta pru\u017ea bolju za\u0161titu i udobnost. Podru\u010dje prstiju oblikovano je tako da uvijek imate dobar osje\u0107aj pri mijenjanju brzina. \u010cetiri lagane i zamjenjive kop\u010de osiguravaju optimalno pristajanje. \u010ci\u010dak na vrhu \u010dizme osigurava sigurno pristajanje. Podstava otporna na toplinu s unutarnje strane tako\u0111er doprinosi dobrom pristajanju. Prednji dio \u010dizme SG12 dizajniran je za dobru ventilaciju, \u0161to poti\u010de cirkulaciju zraka unutra. Robusni Gaerne Goodyear Welted potplat pru\u017ea izdr\u017eljivu strukturu potplata.       <\/p>\n<p>Cipela SG12 ima CE certifikat u skladu s normom EN 13634:2017 i Uredbom EU 2016\/425.<\/p>\n","protected":false},"excerpt":{"rendered":"<p>Gaerne SG12 su vrhunske motokros \u010dizme . Kako bi se sprije\u010dilo pretjerano istezanje ili kompresija, DSPS&#8230;<\/p>\n","protected":false},"featured_media":180455,"comment_status":"open","ping_status":"closed","template":"","meta":{"_acf_changed":false},"brand":[2937],"gender":[2168],"product_brand":[],"product_cat":[2900,2733],"product_tag":[],"class_list":{"0":"post-180427","1":"product","2":"type-product","3":"status-publish","4":"has-post-thumbnail","6":"brand-gaerne-hr","7":"gender-moski-de","8":"product_cat-motokros-cizme","9":"product_cat-oprema-za-motokros","10":"pa_size-42-hr","11":"pa_size-43-hr","12":"pa_size-44-hr","13":"pa_size-45-hr","14":"pa_size-46-hr","16":"first","17":"instock","18":"sale","19":"taxable","20":"shipping-taxable","21":"purchasable","22":"product-type-variable"},"acf":[],"_links":{"self":[{"href":"https:\/\/moto-oprema.com\/hr\/wp-json\/wp\/v2\/product\/180427","targetHints":{"allow":["GET"]}}],"collection":[{"href":"https:\/\/moto-oprema.com\/hr\/wp-json\/wp\/v2\/product"}],"about":[{"href":"https:\/\/moto-oprema.com\/hr\/wp-json\/wp\/v2\/types\/product"}],"replies":[{"embeddable":true,"href":"https:\/\/moto-oprema.com\/hr\/wp-json\/wp\/v2\/comments?post=180427"}],"wp:featuredmedia":[{"embeddable":true,"href":"https:\/\/moto-oprema.com\/hr\/wp-json\/wp\/v2\/media\/180455"}],"wp:attachment":[{"href":"https:\/\/moto-oprema.com\/hr\/wp-json\/wp\/v2\/media?parent=180427"}],"wp:term":[{"taxonomy":"brand","embeddable":true,"href":"https:\/\/moto-oprema.com\/hr\/wp-json\/wp\/v2\/brand?post=180427"},{"taxonomy":"gender","embeddable":true,"href":"https:\/\/moto-oprema.com\/hr\/wp-json\/wp\/v2\/gender?post=180427"},{"taxonomy":"product_brand","embeddable":true,"href":"https:\/\/moto-oprema.com\/hr\/wp-json\/wp\/v2\/product_brand?post=180427"},{"taxonomy":"product_cat","embeddable":true,"href":"https:\/\/moto-oprema.com\/hr\/wp-json\/wp\/v2\/product_cat?post=180427"},{"taxonomy":"product_tag","embeddable":true,"href":"https:\/\/moto-oprema.com\/hr\/wp-json\/wp\/v2\/product_tag?post=180427"}],"curies":[{"name":"wp","href":"https:\/\/api.w.org\/{rel}","templated":true}]}}