{"id":179839,"date":"2025-11-20T09:58:17","date_gmt":"2025-11-20T09:58:17","guid":{"rendered":"https:\/\/moto-oprema.com\/?post_type=product&#038;p=179839"},"modified":"2025-11-20T10:07:12","modified_gmt":"2025-11-20T10:07:12","slug":"shoei-nxr2-ideograph-tc-5-kopija","status":"publish","type":"product","link":"https:\/\/moto-oprema.com\/hr\/Artikel\/shoei-nxr2-ideograph-tc-5-kopija\/","title":{"rendered":"SHOEI NXR2 ORIGAMI2 TC-5"},"content":{"rendered":"<p>Kaciga Shoei NXR 2<\/p>\n<p>NXR 2 kombinira bitne zna\u010dajke sportske cestovne kacige. Fokusirana i sna\u017ena. Ona je sredi\u0161te cjelokupne Shoeijeve stru\u010dnosti u razvoju naprednih kaciga. Do\u017eivite \u010diste performanse!   <\/p>\n<p>Zna\u010dajke:<\/p>\n<p>\u0160koljka kacige izra\u0111ena od AIM+: &#8220;Organska vlakna&#8221;, &#8220;Multifiber&#8221; i &#8220;Visokou\u010dinkovita organska vlakna&#8221; u razli\u010ditim slojevima za \u0161koljku koja apsorbira udarce s optimalnom kruto\u0161\u0107u<br \/>\nVi\u0161edijelni modularni sustav polistirenske jezgre: optimalna za\u0161tita s polistirenskim jezgrenim elementima s razli\u010ditim stupnjevima prigu\u0161enja<br \/>\nVizir protiv zamagljivanja CWR-F2 Pinlock: dvodimenzionalni dizajn<br \/>\nDvostruko D zatvaranje: jednostavno za kori\u0161tenje \/ uvijek savr\u0161eno pode\u0161eno<br \/>\nEQRS sigurnosni sustav: Sustav za brzo otpu\u0161tanje u hitnim slu\u010dajevima \/ pojednostavljuje skidanje kacige u hitnim slu\u010dajevima<br \/>\n4 vanjske \u0161koljke kacige razli\u010ditih veli\u010dina: za optimalno pristajanje i najkompaktniju veli\u010dinu<br \/>\nUklonjivi i perivi jastu\u010di\u0107 za obraze u 3D obliku: za optimalno pristajanje i jednostavno \u010di\u0161\u0107enje<br \/>\nUklonjiva i periva modularna sredi\u0161nja podloga: omogu\u0107uje individualno pode\u0161avanje i jednostavno \u010di\u0161\u0107enje<br \/>\nUklonjiva i periva navlaka za remen za bradu: za bolju njegu<br \/>\nInovativni sustav ventilacije obraza: aktivna ventilacija u donjem dijelu kacige<br \/>\nintegrirani spojler<br \/>\nspreman za interfon<br \/>\nkompaktan, progresivan dizajn<br \/>\nlagan i otporan<br \/>\nu\u010dinkovito smanjenje buke<br \/>\nvi\u0161estruka ventilacija i prozra\u010divanje, 6 ulaza na \u010delu i bradi, 4 izlaza na stra\u017enjoj strani glave i vrata<br \/>\nPrednji mehanizam za zaklju\u010davanje s brzim i jednostavnim radom<br \/>\noptimizirani polo\u017eaj Pinlocka, izvan vidokruga<br \/>\nrazvijen u Shoeijevom aerotunelu<br \/>\n6% smanjenje uzgona u usporedbi s NXR-om<br \/>\n4% smanjenje otpora u usporedbi s NXR-om<br \/>\nShoeijev sustav podstavljanja omogu\u0107uje savr\u0161eno pristajanje, jer se svaka komponenta mo\u017ee odabrati u optimalnoj veli\u010dini<\/p>\n<p>Tehni\u010dki podaci:<\/p>\n<p>Veli\u010dine: XXS &#8211; XXL<br \/>\n Veli\u010dine kacige: 4 (XXS &#8211; S, M, L, XL &#8211; XXL)<br \/>\n Zatvaranje: Dvostruko D<br \/>\n Vrsta vizira: CWR-F2 Pinlock spreman<br \/>\n Te\u017eina: 1390 g (+\/- 50 g)<br \/>\n ECE 22.06<\/p>\n<p>Uklju\u010deno:<\/p>\n<p>1 x Shoei kaciga<br \/>\n 1 x Pinlock disk<br \/>\n 1 x deflektor zraka<br \/>\n 1 x Deflektor vjetra<br \/>\n 1 x silikonsko ulje<br \/>\n 1 x torba za kacigu<\/p>\n","protected":false},"excerpt":{"rendered":"<p>Prva isporuka sije\u010danj 2025.!!<\/p>\n","protected":false},"featured_media":179865,"comment_status":"open","ping_status":"closed","template":"","meta":{"_acf_changed":false},"brand":[2765],"gender":[2172],"product_brand":[],"product_cat":[1358,1356,1359],"product_tag":[],"class_list":{"0":"post-179839","1":"product","2":"type-product","3":"status-publish","4":"has-post-thumbnail","6":"brand-shoei-hr","7":"gender-unisex-hr","8":"product_cat-kacige","9":"product_cat-motociklisticka-oprema","10":"product_cat-sastavni","11":"pa_size-l-hr","12":"pa_size-m-hr","13":"pa_size-s-hr","14":"pa_size-xl-hr","15":"pa_size-xs-hr","16":"pa_size-xxl-hr","18":"first","19":"outofstock","20":"taxable","21":"shipping-taxable","22":"purchasable","23":"product-type-variable"},"acf":[],"_links":{"self":[{"href":"https:\/\/moto-oprema.com\/hr\/wp-json\/wp\/v2\/product\/179839","targetHints":{"allow":["GET"]}}],"collection":[{"href":"https:\/\/moto-oprema.com\/hr\/wp-json\/wp\/v2\/product"}],"about":[{"href":"https:\/\/moto-oprema.com\/hr\/wp-json\/wp\/v2\/types\/product"}],"replies":[{"embeddable":true,"href":"https:\/\/moto-oprema.com\/hr\/wp-json\/wp\/v2\/comments?post=179839"}],"wp:featuredmedia":[{"embeddable":true,"href":"https:\/\/moto-oprema.com\/hr\/wp-json\/wp\/v2\/media\/179865"}],"wp:attachment":[{"href":"https:\/\/moto-oprema.com\/hr\/wp-json\/wp\/v2\/media?parent=179839"}],"wp:term":[{"taxonomy":"brand","embeddable":true,"href":"https:\/\/moto-oprema.com\/hr\/wp-json\/wp\/v2\/brand?post=179839"},{"taxonomy":"gender","embeddable":true,"href":"https:\/\/moto-oprema.com\/hr\/wp-json\/wp\/v2\/gender?post=179839"},{"taxonomy":"product_brand","embeddable":true,"href":"https:\/\/moto-oprema.com\/hr\/wp-json\/wp\/v2\/product_brand?post=179839"},{"taxonomy":"product_cat","embeddable":true,"href":"https:\/\/moto-oprema.com\/hr\/wp-json\/wp\/v2\/product_cat?post=179839"},{"taxonomy":"product_tag","embeddable":true,"href":"https:\/\/moto-oprema.com\/hr\/wp-json\/wp\/v2\/product_tag?post=179839"}],"curies":[{"name":"wp","href":"https:\/\/api.w.org\/{rel}","templated":true}]}}