{"id":177688,"date":"2025-11-17T10:28:16","date_gmt":"2025-11-17T10:28:16","guid":{"rendered":"https:\/\/moto-oprema.com\/?post_type=product&#038;p=177688"},"modified":"2025-11-17T10:35:09","modified_gmt":"2025-11-17T10:35:09","slug":"fox-hoodie-non-stop-olive-green-kopija","status":"publish","type":"product","link":"https:\/\/moto-oprema.com\/hr\/Artikel\/fox-hoodie-non-stop-olive-green-kopija\/","title":{"rendered":"FOX HOODIE NON STOP CRNA"},"content":{"rendered":"<p>Jakna No Stop kombinira visokokvalitetne materijale s bezvremenskim stilom, udobno\u0161\u0107u i funkcionalno\u0161\u0107u. Mekana podstava od bru\u0161ene poliesterske flisa (260 g\/m\u00b2) pru\u017ea ugodnu toplinu i udobnost pri no\u0161enju &#8211; idealno za hladne dane na stazi, planinarenju ili u slobodno vrijeme. <\/p>\n<p>Opu\u0161teni dizajn nadopunjuje umjetni\u010dki dizajnirani sitotisak na prsima, koji kapulja\u010di daje jedinstven izgled. S prakti\u010dnim klokanskim d\u017eepovima uvijek imate mjesta za osnovne stvari i mo\u017eete dr\u017eati ruke toplima. Duljina od 74 cm (od vrha ramena, veli\u010dina L) idealna je za udobno i nekomplicirano sjedenje.  <\/p>\n<p>S No Stop Hoodie majicom dobivate elegantnog suputnika prikladnog za sportske aktivnosti i opu\u0161tanje. Visokokvalitetni materijal i promi\u0161ljeni detalji \u010dine je savr\u0161enim partnerom za svakodnevni \u017eivot i trening.<\/p>\n","protected":false},"excerpt":{"rendered":"","protected":false},"featured_media":177702,"comment_status":"open","ping_status":"closed","template":"","meta":{"_acf_changed":false},"brand":[2738],"gender":[1313],"product_brand":[],"product_cat":[2905,2829],"product_tag":[],"class_list":{"0":"post-177688","1":"product","2":"type-product","3":"status-publish","4":"has-post-thumbnail","6":"brand-fox-hr","7":"gender-moski","8":"product_cat-dzemperi-i-kardigani","9":"product_cat-lezerna-odjeca","10":"pa_velikost-st-l-hr","11":"pa_velikost-st-m-hr","12":"pa_velikost-st-s-hr","13":"pa_velikost-st-xl-hr","15":"first","16":"instock","17":"taxable","18":"shipping-taxable","19":"purchasable","20":"product-type-variable"},"acf":[],"_links":{"self":[{"href":"https:\/\/moto-oprema.com\/hr\/wp-json\/wp\/v2\/product\/177688","targetHints":{"allow":["GET"]}}],"collection":[{"href":"https:\/\/moto-oprema.com\/hr\/wp-json\/wp\/v2\/product"}],"about":[{"href":"https:\/\/moto-oprema.com\/hr\/wp-json\/wp\/v2\/types\/product"}],"replies":[{"embeddable":true,"href":"https:\/\/moto-oprema.com\/hr\/wp-json\/wp\/v2\/comments?post=177688"}],"wp:featuredmedia":[{"embeddable":true,"href":"https:\/\/moto-oprema.com\/hr\/wp-json\/wp\/v2\/media\/177702"}],"wp:attachment":[{"href":"https:\/\/moto-oprema.com\/hr\/wp-json\/wp\/v2\/media?parent=177688"}],"wp:term":[{"taxonomy":"brand","embeddable":true,"href":"https:\/\/moto-oprema.com\/hr\/wp-json\/wp\/v2\/brand?post=177688"},{"taxonomy":"gender","embeddable":true,"href":"https:\/\/moto-oprema.com\/hr\/wp-json\/wp\/v2\/gender?post=177688"},{"taxonomy":"product_brand","embeddable":true,"href":"https:\/\/moto-oprema.com\/hr\/wp-json\/wp\/v2\/product_brand?post=177688"},{"taxonomy":"product_cat","embeddable":true,"href":"https:\/\/moto-oprema.com\/hr\/wp-json\/wp\/v2\/product_cat?post=177688"},{"taxonomy":"product_tag","embeddable":true,"href":"https:\/\/moto-oprema.com\/hr\/wp-json\/wp\/v2\/product_tag?post=177688"}],"curies":[{"name":"wp","href":"https:\/\/api.w.org\/{rel}","templated":true}]}}