{"id":177317,"date":"2025-11-14T10:19:57","date_gmt":"2025-11-14T10:19:57","guid":{"rendered":"https:\/\/moto-oprema.com\/?post_type=product&#038;p=177317"},"modified":"2025-11-14T10:41:31","modified_gmt":"2025-11-14T10:41:31","slug":"agv-k6-kaciga-mat-crna-outlet-kopija-2","status":"publish","type":"product","link":"https:\/\/moto-oprema.com\/hr\/Artikel\/agv-k6-kaciga-mat-crna-outlet-kopija-2\/","title":{"rendered":"SHOEI NEOTEC 2 KACIGA BIJELA OUTLET"},"content":{"rendered":"<p>Shoei Neotec II<\/p>\n<p>Zna\u010dajke:<\/p>\n<p>Sena komunikacijski sustav spreman<br \/>\n Potpuno integrirano u kacigu<br \/>\n Nema izbo\u010dene upravlja\u010dke jedinice<br \/>\n Oblik kacige ostaje nepromijenjen<br \/>\n Sigurnost:<\/p>\n<ul>\n<li>EPS \u2013 sustav podloge dvostruke gusto\u0107e<\/li>\n<li>CNS-3 Pinlock sustav protiv zamagljivanja<\/li>\n<li>360\u00b0 sustav zaklju\u010davanja od nehr\u0111aju\u0107eg \u010delika<\/li>\n<li>Dvostruka P\/J homologacija<\/li>\n<\/ul>\n<p>Udobnost:<\/p>\n<ul>\n<li>QSV-1 vizir<\/li>\n<li>3 razli\u010dita dizajna vanjske ljuske<\/li>\n<li>3D sredi\u0161nji jastu\u010di\u0107, uklonjiv i periv<\/li>\n<li>Uklonjiva i periva navlaka za za\u0161titu brade<\/li>\n<li>Novodizajnirani jastu\u010di\u0107 za obraze uklju\u010duju\u0107i &#8220;izolator buke&#8221;<\/li>\n<li>Deflektor sprje\u010dava ulazak vjetra<\/li>\n<li>Maksimalno smanjenje buke<\/li>\n<li>Optimalna udobnost no\u0161enja<\/li>\n<li>\n<\/li>\n<\/ul>\n<p>Ventilacija:<\/p>\n<ul>\n<li>Vi\u0161estruki ventilacijski otvori i ispu\u0161ni otvori<\/li>\n<li>Ulazni otvori na vrhu glave i bradi<\/li>\n<li>2 ispu\u0161na otvora na stra\u017enjoj strani<\/li>\n<li>Zna\u010dajno pove\u0107an protok zraka<\/li>\n<\/ul>\n<p>Aerodinamika:<\/p>\n<ul>\n<li>Zna\u010dajno pobolj\u0161ane performanse<\/li>\n<li>Ugra\u0111eni spojler<\/li>\n<li>Ugra\u0111eni generator vrtloga<\/li>\n<li>Novodizajnirani spojler na bradi (Aero Deflector)<\/li>\n<\/ul>\n","protected":false},"excerpt":{"rendered":"<p>Shoei Neotec II Zna\u010dajke: Sena komunikacijski sustav spreman Potpuno integrirano u kacigu Nema izbo\u010dene upravlja\u010dke jedinice&#8230;<\/p>\n","protected":false},"featured_media":177335,"comment_status":"open","ping_status":"closed","template":"","meta":{"_acf_changed":false},"brand":[2765],"gender":[2172],"product_brand":[],"product_cat":[1358,1356,3402,1359],"product_tag":[],"class_list":{"0":"post-177317","1":"product","2":"type-product","3":"status-publish","4":"has-post-thumbnail","6":"brand-shoei-hr","7":"gender-unisex-hr","8":"product_cat-kacige","9":"product_cat-motociklisticka-oprema","10":"product_cat-outlet-hr","11":"product_cat-sastavni","12":"pa_size-l-hr","13":"pa_size-ms-hr","14":"pa_size-strojno-ucenje-hr","15":"pa_size-xl-hr","16":"pa_size-xxl-hr","18":"first","19":"instock","20":"sale","21":"taxable","22":"shipping-taxable","23":"purchasable","24":"product-type-variable"},"acf":[],"_links":{"self":[{"href":"https:\/\/moto-oprema.com\/hr\/wp-json\/wp\/v2\/product\/177317","targetHints":{"allow":["GET"]}}],"collection":[{"href":"https:\/\/moto-oprema.com\/hr\/wp-json\/wp\/v2\/product"}],"about":[{"href":"https:\/\/moto-oprema.com\/hr\/wp-json\/wp\/v2\/types\/product"}],"replies":[{"embeddable":true,"href":"https:\/\/moto-oprema.com\/hr\/wp-json\/wp\/v2\/comments?post=177317"}],"wp:featuredmedia":[{"embeddable":true,"href":"https:\/\/moto-oprema.com\/hr\/wp-json\/wp\/v2\/media\/177335"}],"wp:attachment":[{"href":"https:\/\/moto-oprema.com\/hr\/wp-json\/wp\/v2\/media?parent=177317"}],"wp:term":[{"taxonomy":"brand","embeddable":true,"href":"https:\/\/moto-oprema.com\/hr\/wp-json\/wp\/v2\/brand?post=177317"},{"taxonomy":"gender","embeddable":true,"href":"https:\/\/moto-oprema.com\/hr\/wp-json\/wp\/v2\/gender?post=177317"},{"taxonomy":"product_brand","embeddable":true,"href":"https:\/\/moto-oprema.com\/hr\/wp-json\/wp\/v2\/product_brand?post=177317"},{"taxonomy":"product_cat","embeddable":true,"href":"https:\/\/moto-oprema.com\/hr\/wp-json\/wp\/v2\/product_cat?post=177317"},{"taxonomy":"product_tag","embeddable":true,"href":"https:\/\/moto-oprema.com\/hr\/wp-json\/wp\/v2\/product_tag?post=177317"}],"curies":[{"name":"wp","href":"https:\/\/api.w.org\/{rel}","templated":true}]}}