{"id":177291,"date":"2025-11-13T11:46:51","date_gmt":"2025-11-13T11:46:51","guid":{"rendered":"https:\/\/moto-oprema.com\/?post_type=product&#038;p=177291"},"modified":"2025-11-13T11:53:28","modified_gmt":"2025-11-13T11:53:28","slug":"hjc-i70-prika-kaciga-bijela-crna-fl-zuta-outlet-kopija","status":"publish","type":"product","link":"https:\/\/moto-oprema.com\/hr\/Artikel\/hjc-i70-prika-kaciga-bijela-crna-fl-zuta-outlet-kopija\/","title":{"rendered":"HJC IS17 KACIGA LANK CRNA FL \u017dUTA OUTLET"},"content":{"rendered":"<p>HJC IS17 full face motociklisti\u010dka kaciga s dvostrukim vizirom Lank MC-4HSF crno-\u017euta<\/p>\n<p>Tehni\u010dki podaci:<\/p>\n<p>Napredna polikarbonatna \u0161koljka: lagana, izvrsno pristaje i udobna kori\u0161tenjem napredne CAD tehnologije.<br \/>\nAerodinami\u010dna \u0161koljka s velikim otvorom za o\u010di za bolju vidljivost.<br \/>\nIntegrirana za\u0161tita od sunca jednim dodirom: Zatamnjena za\u0161tita od sunca s 3 stupnja pode\u0161avanja otvara se brzo i jednostavno (patent u postupku).<br \/>\nNapredni sustav ventilacije \u201eACS\u201c: Protok zraka od naprijed prema natrag prenosi toplinu i vlagu prema gore i van.<br \/>\nUklonjiva unutra\u0161njost s naprednom tkaninom koja upija vlagu i ne propu\u0161ta mirise.<br \/>\nRapidFire\u2122 sustav zamjene \u0161titnika: Jednostavan i siguran sustav s \u010degrtaljkom omogu\u0107uje izuzetno brzo uklanjanje i ugradnju bez alata za u\u010dinkovit rad.<br \/>\nMikro kop\u010da s remenom za zadr\u017eavanje: Brzo otpu\u0161tanje i pode\u0161avanje.<br \/>\nVizir je spreman za Pinlock i uklju\u010duje Pinlock 100% Max Vision umetak protiv zamagljivanja.<\/p>\n","protected":false},"excerpt":{"rendered":"<p>HJC IS17 full face motociklisti\u010dka kaciga s dvostrukim vizirom Lank MC-4HSF crno-\u017euta Tehni\u010dki podaci: Napredna polikarbonatna&#8230;<\/p>\n","protected":false},"featured_media":177302,"comment_status":"open","ping_status":"closed","template":"","meta":{"_acf_changed":false},"brand":[2130],"gender":[2172],"product_brand":[],"product_cat":[1358,1356,3402,1359],"product_tag":[],"class_list":{"0":"post-177291","1":"product","2":"type-product","3":"status-publish","4":"has-post-thumbnail","6":"brand-hjc-hr","7":"gender-unisex-hr","8":"product_cat-kacige","9":"product_cat-motociklisticka-oprema","10":"product_cat-outlet-hr","11":"product_cat-sastavni","12":"pa_size-xl-hr","14":"first","15":"instock","16":"sale","17":"taxable","18":"shipping-taxable","19":"purchasable","20":"product-type-variable"},"acf":[],"_links":{"self":[{"href":"https:\/\/moto-oprema.com\/hr\/wp-json\/wp\/v2\/product\/177291","targetHints":{"allow":["GET"]}}],"collection":[{"href":"https:\/\/moto-oprema.com\/hr\/wp-json\/wp\/v2\/product"}],"about":[{"href":"https:\/\/moto-oprema.com\/hr\/wp-json\/wp\/v2\/types\/product"}],"replies":[{"embeddable":true,"href":"https:\/\/moto-oprema.com\/hr\/wp-json\/wp\/v2\/comments?post=177291"}],"wp:featuredmedia":[{"embeddable":true,"href":"https:\/\/moto-oprema.com\/hr\/wp-json\/wp\/v2\/media\/177302"}],"wp:attachment":[{"href":"https:\/\/moto-oprema.com\/hr\/wp-json\/wp\/v2\/media?parent=177291"}],"wp:term":[{"taxonomy":"brand","embeddable":true,"href":"https:\/\/moto-oprema.com\/hr\/wp-json\/wp\/v2\/brand?post=177291"},{"taxonomy":"gender","embeddable":true,"href":"https:\/\/moto-oprema.com\/hr\/wp-json\/wp\/v2\/gender?post=177291"},{"taxonomy":"product_brand","embeddable":true,"href":"https:\/\/moto-oprema.com\/hr\/wp-json\/wp\/v2\/product_brand?post=177291"},{"taxonomy":"product_cat","embeddable":true,"href":"https:\/\/moto-oprema.com\/hr\/wp-json\/wp\/v2\/product_cat?post=177291"},{"taxonomy":"product_tag","embeddable":true,"href":"https:\/\/moto-oprema.com\/hr\/wp-json\/wp\/v2\/product_tag?post=177291"}],"curies":[{"name":"wp","href":"https:\/\/api.w.org\/{rel}","templated":true}]}}