{"id":177035,"date":"2025-11-13T08:55:41","date_gmt":"2025-11-13T08:55:41","guid":{"rendered":"https:\/\/moto-oprema.com\/?post_type=product&#038;p=177035"},"modified":"2026-03-25T08:54:22","modified_gmt":"2026-03-25T08:54:22","slug":"spidi-j-fit-superslim-zenske-hlace-blue-dark-used-kopija","status":"publish","type":"product","link":"https:\/\/moto-oprema.com\/hr\/Artikel\/spidi-j-fit-superslim-zenske-hlace-blue-dark-used-kopija\/","title":{"rendered":"SPIDI J-FIT SUPERSLIM HW \u017dENSKE HLA\u010cE PLAVE RABLJENE SREDNJE VELI\u010cINE"},"content":{"rendered":"<p>J-Fit Superslim su \u017eenske motociklisti\u010dke traperice visokog struka dizajnirane za pru\u017eanje neusporedive udobnosti. \u010cvrsto\u0107a ovih motociklisti\u010dkih hla\u010da dolazi od kori\u0161tenog materijala: ove izuzetno rastezljive traperice izradio je SPIDI ispreplitanjem pamu\u010dnih i Cordura\u00ae vlakana, dodaju\u0107i 6% elastana, \u0161to osigurava izvrsnu fleksibilnost i prilagodljivost. SPIDI etiketa na stra\u017enjoj strani izra\u0111ena je od ko\u017ee, dok su gumb, zakovice i privjesak za klju\u010deve u mat bron\u010danoj boji.  <\/p>\n<p>Slim FIT model, standardna duljina (34 in\u010da).<\/p>\n<p>Ove traperice certificirane su u klasi A prema normi EN 17092-4:2020 i uklju\u010duju Warrior Lite \u0161titnike za koljena, dok su Warrior Lite \u0161titnici za bokove razine 2 dostupni kao opcija.<\/p>\n","protected":false},"excerpt":{"rendered":"","protected":false},"featured_media":176913,"comment_status":"open","ping_status":"closed","template":"","meta":{"_acf_changed":false},"brand":[2732],"gender":[2169],"product_brand":[],"product_cat":[2832,1356,2833],"product_tag":[],"class_list":{"0":"post-177035","1":"product","2":"type-product","3":"status-publish","4":"has-post-thumbnail","6":"brand-spidi-hr","7":"gender-zenska-en","8":"product_cat-hlace-hr","9":"product_cat-motociklisticka-oprema","10":"product_cat-traperice","11":"pa_size-26-hr","12":"pa_size-27-hr","13":"pa_size-28-hr","14":"pa_size-29-hr","15":"pa_size-30-hr","16":"pa_size-31-hr","17":"pa_size-32-hr","18":"pa_size-33-hr","19":"pa_size-34-hr","21":"first","22":"instock","23":"sale","24":"taxable","25":"shipping-taxable","26":"purchasable","27":"product-type-variable"},"acf":[],"_links":{"self":[{"href":"https:\/\/moto-oprema.com\/hr\/wp-json\/wp\/v2\/product\/177035","targetHints":{"allow":["GET"]}}],"collection":[{"href":"https:\/\/moto-oprema.com\/hr\/wp-json\/wp\/v2\/product"}],"about":[{"href":"https:\/\/moto-oprema.com\/hr\/wp-json\/wp\/v2\/types\/product"}],"replies":[{"embeddable":true,"href":"https:\/\/moto-oprema.com\/hr\/wp-json\/wp\/v2\/comments?post=177035"}],"wp:featuredmedia":[{"embeddable":true,"href":"https:\/\/moto-oprema.com\/hr\/wp-json\/wp\/v2\/media\/176913"}],"wp:attachment":[{"href":"https:\/\/moto-oprema.com\/hr\/wp-json\/wp\/v2\/media?parent=177035"}],"wp:term":[{"taxonomy":"brand","embeddable":true,"href":"https:\/\/moto-oprema.com\/hr\/wp-json\/wp\/v2\/brand?post=177035"},{"taxonomy":"gender","embeddable":true,"href":"https:\/\/moto-oprema.com\/hr\/wp-json\/wp\/v2\/gender?post=177035"},{"taxonomy":"product_brand","embeddable":true,"href":"https:\/\/moto-oprema.com\/hr\/wp-json\/wp\/v2\/product_brand?post=177035"},{"taxonomy":"product_cat","embeddable":true,"href":"https:\/\/moto-oprema.com\/hr\/wp-json\/wp\/v2\/product_cat?post=177035"},{"taxonomy":"product_tag","embeddable":true,"href":"https:\/\/moto-oprema.com\/hr\/wp-json\/wp\/v2\/product_tag?post=177035"}],"curies":[{"name":"wp","href":"https:\/\/api.w.org\/{rel}","templated":true}]}}