{"id":176472,"date":"2025-11-11T10:11:51","date_gmt":"2025-11-11T10:11:51","guid":{"rendered":"https:\/\/moto-oprema.com\/?post_type=product&#038;p=176472"},"modified":"2025-11-12T08:24:47","modified_gmt":"2025-11-12T08:24:47","slug":"alpinestars-andes-v4-drystar-jakna-tamnoplava-kopija-2","status":"publish","type":"product","link":"https:\/\/moto-oprema.com\/hr\/Artikel\/alpinestars-andes-v4-drystar-jakna-tamnoplava-kopija-2\/","title":{"rendered":"ALPINESTARS AXTON JAKNA BIJELO-CRVENA"},"content":{"rendered":"<p>Axton jakna vra\u0107a se Alpinestarsovoj ba\u0161tini, kombiniraju\u0107i vintage dizajn s modernom izradom kako bi stvorila odjevni predmet koji ujedinjuje pro\u0161lost, sada\u0161njost i budu\u0107nost. Inspirirana vintage odje\u0107om trka\u0107ih timova, jakna ima odva\u017ean dizajn s Alpinestars logotipom preko cijele povr\u0161ine i \u017eivim kontrastnim bojama koje slave ba\u0161tinu brenda, a istovremeno nude moderan stil. Jakna je izra\u0111ena od vodoodbojnog vanjskog sloja za svevremensku svestranost i optimalnu udobnost. Ergonomske zna\u010dajke poput harmonika\u0161kih ramenih panela i podesivog struka osiguravaju \u010dvrsto, ali udobno pristajanje, \u0161to Axton \u010dini idealnim izborom za vo\u017enju i slobodno vrijeme. Opremljena CE Level 1 Nucleon Flex Plus \u0161titnicima za ramena i laktove, jakna nudi diskretnu, u\u010dinkovitu za\u0161titu bez ugro\u017eavanja svog minimalisti\u010dkog, modernog izgleda.    <\/p>\n<p>Alpinestarsova trka\u0107a ba\u0161tina: Istaknuti Alpinestarsov logo oko tijela, brendirane zakrpe, izvezeni tekstualni logo te brendirani patentni zatvara\u010di i gumbi daju jakni odva\u017ean kontrast i stil koji omogu\u0107uje voza\u010dima da izraze svoju povezanost s markom.<\/p>\n<p>Vodootporna jakna izra\u0111ena od vi\u0161e materijala: robusna tekstilna baza s detaljima od kozje ko\u017ee i sinteti\u010dke ko\u017ee.<\/p>\n<p>Vintage estetika: metalne petlje na stra\u017enjoj strani rukava dodaju vintage dodir i podsje\u0107aju na klasi\u010dnu motociklisti\u010dku ba\u0161tinu.<\/p>\n<p>Minimalisti\u010dki dizajn ovratnika: Moderni bajkerski ovratnik kombinira elegantan, udoban dizajn s perforiranim, mekim materijalom i retro dodirom za moderan, ali funkcionalan naglasak.<\/p>\n<p>Ergonomski dizajn: umetci za ramena u obliku harmonike osiguravaju neograni\u010denu slobodu kretanja i pove\u0107avaju udobnost na biciklu i izvan njega.<\/p>\n<p>Izra\u0111ena je od izdr\u017eljivog, vodoodbojnog vi\u0161ematerijalnog vanjskog sloja koji uklju\u010duje robusnu tkaninu i detalje od prugaste kozje ko\u017ee za dugotrajnu udobnost i stil. Lagana podstava kontrastne boje ne samo da dodaje toplinu ve\u0107 i odr\u017eava tanak, aerodinami\u010dan profil jakne. Podesive zna\u010dajke uklju\u010duju podesivi struk i man\u017eete za prilago\u0111eno pristajanje. Jakna tako\u0111er ima vodootporni unutarnji d\u017eep za sigurno spremanje va\u017enih predmeta. Kop\u010de za sigurno spajanje s Alpinestars hla\u010dama.    <\/p>\n<p>Axton jakna ima vrlo fleksibilne i prozra\u010dne, ravne Nucleon Flex Plus \u0161titnike za ramena i laktove za u\u010dinkovitu za\u0161titu od udara. Kategorija II EN 1621-1:2012 Razina 1 Nucleon Flex Plus \u0161titnici za ramena i laktove.  Prema europskom zakonodavstvu, oznaka CE je uvjet sukladnosti za stavljanje ovog proizvoda na tr\u017ei\u0161te. Primjenjuju se sljede\u0107i standardi: Potpuno CE certificirana odje\u0107a za jahanje u skladu s CE standardom \u2013 Kategorija II EN17092-4: 2020 \u2013 Klasa A.<\/p>\n<p>&nbsp;<\/p>\n","protected":false},"excerpt":{"rendered":"<p>Axton jakna vra\u0107a se Alpinestarsovoj ba\u0161tini, kombiniraju\u0107i vintage dizajn s modernom izradom kako bi stvorila odjevni&#8230;<\/p>\n","protected":false},"featured_media":176508,"comment_status":"open","ping_status":"closed","template":"","meta":{"_acf_changed":false},"brand":[2748],"gender":[2168],"product_brand":[],"product_cat":[2759,1356,2761],"product_tag":[],"class_list":{"0":"post-176472","1":"product","2":"type-product","3":"status-publish","4":"has-post-thumbnail","6":"brand-alpinestars-hr","7":"gender-moski-de","8":"product_cat-jakne-hr","9":"product_cat-motociklisticka-oprema","10":"product_cat-tekstilne-jakne-hr","11":"pa_velikost-st-3xl-hr","12":"pa_velikost-st-4xl-hr","13":"pa_velikost-st-5xl-hr","14":"pa_velikost-st-l-hr","15":"pa_velikost-st-m-hr","16":"pa_velikost-st-s-hr","17":"pa_velikost-st-xl-hr","18":"pa_velikost-st-xxl-hr","20":"first","21":"onbackorder","22":"sale","23":"taxable","24":"shipping-taxable","25":"purchasable","26":"product-type-variable"},"acf":[],"_links":{"self":[{"href":"https:\/\/moto-oprema.com\/hr\/wp-json\/wp\/v2\/product\/176472","targetHints":{"allow":["GET"]}}],"collection":[{"href":"https:\/\/moto-oprema.com\/hr\/wp-json\/wp\/v2\/product"}],"about":[{"href":"https:\/\/moto-oprema.com\/hr\/wp-json\/wp\/v2\/types\/product"}],"replies":[{"embeddable":true,"href":"https:\/\/moto-oprema.com\/hr\/wp-json\/wp\/v2\/comments?post=176472"}],"wp:featuredmedia":[{"embeddable":true,"href":"https:\/\/moto-oprema.com\/hr\/wp-json\/wp\/v2\/media\/176508"}],"wp:attachment":[{"href":"https:\/\/moto-oprema.com\/hr\/wp-json\/wp\/v2\/media?parent=176472"}],"wp:term":[{"taxonomy":"brand","embeddable":true,"href":"https:\/\/moto-oprema.com\/hr\/wp-json\/wp\/v2\/brand?post=176472"},{"taxonomy":"gender","embeddable":true,"href":"https:\/\/moto-oprema.com\/hr\/wp-json\/wp\/v2\/gender?post=176472"},{"taxonomy":"product_brand","embeddable":true,"href":"https:\/\/moto-oprema.com\/hr\/wp-json\/wp\/v2\/product_brand?post=176472"},{"taxonomy":"product_cat","embeddable":true,"href":"https:\/\/moto-oprema.com\/hr\/wp-json\/wp\/v2\/product_cat?post=176472"},{"taxonomy":"product_tag","embeddable":true,"href":"https:\/\/moto-oprema.com\/hr\/wp-json\/wp\/v2\/product_tag?post=176472"}],"curies":[{"name":"wp","href":"https:\/\/api.w.org\/{rel}","templated":true}]}}