{"id":175944,"date":"2025-11-11T08:46:49","date_gmt":"2025-11-11T08:46:49","guid":{"rendered":"https:\/\/moto-oprema.com\/?post_type=product&#038;p=175944"},"modified":"2025-11-11T08:57:23","modified_gmt":"2025-11-11T08:57:23","slug":"dainese-super-sprint-d-dry-jakna-crna-crvena-kopija-2","status":"publish","type":"product","link":"https:\/\/moto-oprema.com\/hr\/Artikel\/dainese-super-sprint-d-dry-jakna-crna-crvena-kopija-2\/","title":{"rendered":"DAINESE SUPER SPRINT D-DRY \u017dENSKA JAKNA CRNA CRVENA"},"content":{"rendered":"<p>Dainese Super Sprint D-Dry vodootporna \u017eenska motociklisti\u010dka tekstilna jakna<\/p>\n<p>Dainese Super Sprint D-Dry vodootporna tekstilna jakna za motocikliste je sportska jakna, idealna za svakodnevnu upotrebu, du\u017ea putovanja i motocikliste koji \u017eele kombinirati udobnost, sigurnost i funkcionalnost. Vodootporna D-Dry\u00ae membrana pouzdano \u0161titi od vlage, dok uklonjiva termo podstava pru\u017ea ugodnu toplinu. Elasti\u010dni umeci prilago\u0111avaju se pokretima tijela i omogu\u0107uju maksimalnu fleksibilnost tijekom vo\u017enje. Jakna je kompatibilna sa sustavom zra\u010dnih jastuka Smart Air\u2122, \u0161to pove\u0107ava sigurnost na svakoj vo\u017enji.   <\/p>\n<p>Zna\u010dajke:<\/p>\n<ul>\n<li>Pro-Armor \u0161titnici na laktovima i ramenima, uklju\u010duju\u0107i plasti\u010dne panele za ramena<\/li>\n<li>Podesiva \u0161irina ovratnika, struka i zape\u0161\u0107a za individualno pristajanje<\/li>\n<li>Izravna ventilacija na prsima i le\u0111ima za optimalnu cirkulaciju zraka<\/li>\n<li>Reflektiraju\u0107i umetci za bolju vidljivost u uvjetima slabog osvjetljenja<\/li>\n<li>Prakti\u010dni d\u017eepovi: 1 unutarnji i 2 vanjska d\u017eepa<\/li>\n<li>Unutarnja podstava: uklonjiva termo podstava<\/li>\n<\/ul>\n<p>Kroj: regularni<\/p>\n<p>Tehni\u010dki podaci:<\/p>\n<ul>\n<li>Za\u0161titna odje\u0107a za motocikliste (EN 17092-4:2020), klasa za\u0161tite A<\/li>\n<li>Pro-Armor \u0161titnici za ramena (EN 1621.1)<\/li>\n<li>Pro-Armor \u0161titnici za laktove (EN 1621.1)<\/li>\n<li>Spremni d\u017eepovi za \u0161titnike za le\u0111a G1 i G2<\/li>\n<\/ul>\n<p>&nbsp;<\/p>\n","protected":false},"excerpt":{"rendered":"<p>\u017denska vodootporna tekstilna jakna Dainese Super Sprint D-Dry<\/p>\n","protected":false},"featured_media":175980,"comment_status":"open","ping_status":"closed","template":"","meta":{"_acf_changed":false},"brand":[2800],"gender":[2169],"product_brand":[],"product_cat":[2759,1356,2761],"product_tag":[],"class_list":{"0":"post-175944","1":"product","2":"type-product","3":"status-publish","4":"has-post-thumbnail","6":"brand-dainese-hr","7":"gender-zenska-en","8":"product_cat-jakne-hr","9":"product_cat-motociklisticka-oprema","10":"product_cat-tekstilne-jakne-hr","11":"pa_size-40-hr","12":"pa_size-42-hr","13":"pa_size-44-hr","14":"pa_size-46-hr","15":"pa_size-48-hr","17":"first","18":"onbackorder","19":"sale","20":"taxable","21":"shipping-taxable","22":"purchasable","23":"product-type-variable"},"acf":[],"_links":{"self":[{"href":"https:\/\/moto-oprema.com\/hr\/wp-json\/wp\/v2\/product\/175944","targetHints":{"allow":["GET"]}}],"collection":[{"href":"https:\/\/moto-oprema.com\/hr\/wp-json\/wp\/v2\/product"}],"about":[{"href":"https:\/\/moto-oprema.com\/hr\/wp-json\/wp\/v2\/types\/product"}],"replies":[{"embeddable":true,"href":"https:\/\/moto-oprema.com\/hr\/wp-json\/wp\/v2\/comments?post=175944"}],"wp:featuredmedia":[{"embeddable":true,"href":"https:\/\/moto-oprema.com\/hr\/wp-json\/wp\/v2\/media\/175980"}],"wp:attachment":[{"href":"https:\/\/moto-oprema.com\/hr\/wp-json\/wp\/v2\/media?parent=175944"}],"wp:term":[{"taxonomy":"brand","embeddable":true,"href":"https:\/\/moto-oprema.com\/hr\/wp-json\/wp\/v2\/brand?post=175944"},{"taxonomy":"gender","embeddable":true,"href":"https:\/\/moto-oprema.com\/hr\/wp-json\/wp\/v2\/gender?post=175944"},{"taxonomy":"product_brand","embeddable":true,"href":"https:\/\/moto-oprema.com\/hr\/wp-json\/wp\/v2\/product_brand?post=175944"},{"taxonomy":"product_cat","embeddable":true,"href":"https:\/\/moto-oprema.com\/hr\/wp-json\/wp\/v2\/product_cat?post=175944"},{"taxonomy":"product_tag","embeddable":true,"href":"https:\/\/moto-oprema.com\/hr\/wp-json\/wp\/v2\/product_tag?post=175944"}],"curies":[{"name":"wp","href":"https:\/\/api.w.org\/{rel}","templated":true}]}}