{"id":175438,"date":"2025-11-10T11:10:28","date_gmt":"2025-11-10T11:10:28","guid":{"rendered":"https:\/\/moto-oprema.com\/?post_type=product&#038;p=175438"},"modified":"2025-11-10T11:22:54","modified_gmt":"2025-11-10T11:22:54","slug":"dainese-carve-master-4-gore-tex-crna-kopija","status":"publish","type":"product","link":"https:\/\/moto-oprema.com\/hr\/Artikel\/dainese-carve-master-4-gore-tex-crna-kopija\/","title":{"rendered":"DAINESE CARVE MASTER 4 GORE-TEX\u00ae EBONY BLACK"},"content":{"rendered":"<p>Carve Master 4 Gore-Tex jakna je najnovija verzija Dainese sportsko-touring jakne. Idealna za putovanja \u010dak i na niskim temperaturama, jam\u010di potpunu udobnost i maksimalne performanse. Nova GORE-TEX\u00ae ePE vodootporna membrana osigurava vodootpornost, djeluju\u0107i kao \u0161tit od ki\u0161e, te je vrlo prozra\u010dna. Elasti\u010dna konstrukcija prati pokrete tijela svaki put kada se pomaknete na sjedalu, zahvaljuju\u0107i velikim umetcima izra\u0111enim od elasti\u010dnog materijala Mugello, koji je mekan i lagan, a opet izdr\u017eljiv. S individualnim pristajanjem i ve\u0107om meko\u0107om u usporedbi s prethodnom verzijom za maksimalnu udobnost tijekom vo\u017enje, tako\u0111er zahvaljuju\u0107i opse\u017enim sustavima pode\u0161avanja na bokovima, rukama, zape\u0161\u0107ima i vratu. Uklonjiva termalna podstava omogu\u0107uje regulaciju tjelesne topline za vrhunsku udobnost \u010dak i tijekom putovanja u najhladnijoj sezoni. Velika svestranost upotrebe i ventilacijski sustavi koji se mogu aktivirati jednom rukom na prsima, le\u0111ima i rukavima. S AA certifikatom i najvi\u0161im sigurnosnim standardima Dainesea, koje pru\u017eaju ventilirani Pro-Armor Level 2 mekani \u0161titnici inspirirani geometrijskim oblicima prirodnih fraktala na laktovima i ramenima, te PU\/plasti\u010dni paneli na ramenima. D\u017eepovi dizajnirani za Pro-Armor \u0161titnike za le\u0111a i prsa, te kompatibilnost s Dainese Smart Air Airbag s D-air\u00ae tehnologijom, poma\u017eu u pove\u0107anju za\u0161tite korisnika. S funkcionalnim detaljima kao \u0161to su dva vanjska vodootporna d\u017eepa, patentni zatvara\u010d za pri\u010dvr\u0161\u0107ivanje na hla\u010de i d\u017eep za karticu na zape\u0161\u0107u, CARVE MASTER 4 je kultna jakna sportskog izgleda koja kombinira tehnologiju, vrhunsku kvalitetu i prakti\u010dnost za beskrajna putovanja uz maksimalnu udobnost i performanse. Idealno se kombinira s Carve Master 4 Gore-Tex hla\u010dama kako bi upotpunila va\u0161 izgled.          <\/p>\n<p>&nbsp;<\/p>\n<p>ZNA\u010cAJKE:<\/p>\n<ul>\n<li>1 d\u017eep za prtljagu na stra\u017enjoj strani<\/li>\n<li>1 unutarnji d\u017eep<\/li>\n<li>1 d\u017eep u termalnoj podstavi<\/li>\n<li>2 vanjska vodootporna d\u017eepa<\/li>\n<li>2 elasti\u010dna mre\u017easta d\u017eepa na prsima<\/li>\n<li>Odje\u0107a za motocikle s certifikatom EN 17092 AA<\/li>\n<li>D\u017eep za dokumente na rukavu<\/li>\n<li>Reflektiraju\u0107i umetci<\/li>\n<li>ERGONOMIJA<\/li>\n<li>Donji dio jakne s podesivim uzicom<\/li>\n<li>Sustav za pri\u010dvr\u0161\u0107ivanje jakne na hla\u010de<\/li>\n<li>Pode\u0161avanje rukava<\/li>\n<li>Pode\u0161avanje remena<\/li>\n<li>Pode\u0161avanje ru\u010dnog zgloba<\/li>\n<li>GLAVNI MATERIJALI<\/li>\n<li>Duratex tkanina<\/li>\n<li>Tkanina Mugello<\/li>\n<\/ul>\n<p>&nbsp;<\/p>\n<p>ZA\u0160TITA<\/p>\n<ul>\n<li>D\u017eep za dvostruki \u0161titnik za prsa (samo za Pro-Armor)<\/li>\n<li>D\u017eep za \u0161titnik za kralje\u017enicu G1 i G2<\/li>\n<li>Pogodno za no\u0161enje preko sustava zra\u010dnih jastuka Smart Air\u2122<\/li>\n<li>Pro-Armor \u0161titnici na laktovima certificirani prema EN 1621.1 razini 2<\/li>\n<li>Pro-Armor \u0161titnici na ramenima certificirani prema EN 1621.1 razini 2<\/li>\n<li>TEMPERATURA<\/li>\n<li>Otvori za ventilaciju na prsima i le\u0111ima<\/li>\n<li>Otvori na rukavima<\/li>\n<li>GORE-TEX ePE membrana<\/li>\n<li>Uklonjiva termalna podloga \u2013 mo\u017ee se koristiti zasebno<\/li>\n<\/ul>\n<p>&nbsp;<\/p>\n","protected":false},"excerpt":{"rendered":"<p>Mu\u0161ka sportsko-touring motociklisti\u010dka jakna, tehnolo\u0161ka, \u200b\u200bfunkcionalna i ergonomska, s novom GORE-TEX ePE vodootpornom membranom. Uklonjiva termalna&#8230;<\/p>\n","protected":false},"featured_media":175460,"comment_status":"open","ping_status":"closed","template":"","meta":{"_acf_changed":false},"brand":[2800],"gender":[2167],"product_brand":[],"product_cat":[2759,1356,2761],"product_tag":[],"class_list":{"0":"post-175438","1":"product","2":"type-product","3":"status-publish","4":"has-post-thumbnail","6":"brand-dainese-hr","7":"gender-moski-en","8":"product_cat-jakne-hr","9":"product_cat-motociklisticka-oprema","10":"product_cat-tekstilne-jakne-hr","11":"pa_size-48-hr","12":"pa_size-50-hr","13":"pa_size-52-hr","14":"pa_size-54-hr","15":"pa_size-56-hr","16":"pa_size-58-hr","17":"pa_size-60-hr","18":"pa_size-62-hr","20":"first","21":"instock","22":"sale","23":"taxable","24":"shipping-taxable","25":"purchasable","26":"product-type-variable"},"acf":[],"_links":{"self":[{"href":"https:\/\/moto-oprema.com\/hr\/wp-json\/wp\/v2\/product\/175438","targetHints":{"allow":["GET"]}}],"collection":[{"href":"https:\/\/moto-oprema.com\/hr\/wp-json\/wp\/v2\/product"}],"about":[{"href":"https:\/\/moto-oprema.com\/hr\/wp-json\/wp\/v2\/types\/product"}],"replies":[{"embeddable":true,"href":"https:\/\/moto-oprema.com\/hr\/wp-json\/wp\/v2\/comments?post=175438"}],"wp:featuredmedia":[{"embeddable":true,"href":"https:\/\/moto-oprema.com\/hr\/wp-json\/wp\/v2\/media\/175460"}],"wp:attachment":[{"href":"https:\/\/moto-oprema.com\/hr\/wp-json\/wp\/v2\/media?parent=175438"}],"wp:term":[{"taxonomy":"brand","embeddable":true,"href":"https:\/\/moto-oprema.com\/hr\/wp-json\/wp\/v2\/brand?post=175438"},{"taxonomy":"gender","embeddable":true,"href":"https:\/\/moto-oprema.com\/hr\/wp-json\/wp\/v2\/gender?post=175438"},{"taxonomy":"product_brand","embeddable":true,"href":"https:\/\/moto-oprema.com\/hr\/wp-json\/wp\/v2\/product_brand?post=175438"},{"taxonomy":"product_cat","embeddable":true,"href":"https:\/\/moto-oprema.com\/hr\/wp-json\/wp\/v2\/product_cat?post=175438"},{"taxonomy":"product_tag","embeddable":true,"href":"https:\/\/moto-oprema.com\/hr\/wp-json\/wp\/v2\/product_tag?post=175438"}],"curies":[{"name":"wp","href":"https:\/\/api.w.org\/{rel}","templated":true}]}}