{"id":174921,"date":"2025-11-07T10:20:48","date_gmt":"2025-11-07T10:20:48","guid":{"rendered":"https:\/\/moto-oprema.com\/?post_type=product&#038;p=174921"},"modified":"2025-11-07T11:02:24","modified_gmt":"2025-11-07T11:02:24","slug":"dainese-gullfoss-d-dry-jakna-crna-kopija","status":"publish","type":"product","link":"https:\/\/moto-oprema.com\/hr\/Artikel\/dainese-gullfoss-d-dry-jakna-crna-kopija\/","title":{"rendered":"DAINESE GULLFOSS D-DRY SIVA CRNA"},"content":{"rendered":"<p>Gullfoss D-Dry\u00ae jakna je vodootporna, modularna motociklisti\u010dka jakna u reli stilu, idealna za avanturisti\u010dka putovanja tijekom cijele godine. Vodootporna D-Dry\u00ae membrana, otporna na vodeni stupac od 10 000 mm, mo\u017ee se nositi preko ili ispod jakne i mo\u017ee se ukloniti podesivim \u010di\u010dak trakama. Uklonjiva termalna podstava, koja se mo\u017ee koristiti i zasebno, omogu\u0107uje voza\u010dima da se nose \u010dak i s najhladnijim i najvla\u017enijim danima.  <\/p>\n<p>Veliki ventilacijski otvori na prsima usmjeravaju zrak oko ramena zahvaljuju\u0107i sustavu kanala koji ga odvode s le\u0111a, omogu\u0107uju\u0107i tijelu da se hladi \u010dak i u najtoplijim klimama i osiguravaju\u0107i izvrsnu ventilaciju. Rukavi tako\u0111er imaju prakti\u010dne ventilacijske otvore s dvostrukim patentnim zatvara\u010dem, optimizirane za vo\u017enju u stoje\u0107em polo\u017eaju. S AA certifikatom, ova jakna jam\u010di najvi\u0161e Dainese sigurnosne standarde zahvaljuju\u0107i ventiliranim mekim Pro-Armor Level 2 za\u0161titnim umetcima na laktovima i ramenima.  <\/p>\n<p>Za dodatnu sigurnost, jakna je kompatibilna sa Smart Air\u00ae-om, zra\u010dnim jastukom s D-air\u00ae tehnologijom, te sa \u0161titnicima Pro-Armor Chest 2.0, Pro-Armor G i Wave G, koji se mogu umetnuti u namjenske d\u017eepove. Savr\u0161eno i ergonomsko pristajanje osigurano je pode\u0161avanjem na bokovima, rukama, zape\u0161\u0107ima i vratu. Vrat se pode\u0161ava dvostrukim gumbom i kukom za pri\u010dvr\u0161\u0107ivanje ovratnika.  <\/p>\n<p>Dva prednja d\u017eepa, jedan vodootporni unutarnji d\u017eep i jedan stra\u017enji d\u017eep za pohranu vodootporne membrane kada nije potrebna osiguravaju funkcionalnost i prakti\u010dnost. Savr\u0161eno se sla\u017ee s Gulfoss D-Dry\u00ae hla\u010dama kako bi upotpunio va\u0161u odjevnu kombinaciju ili odjevnu kombinaciju va\u0161eg partnera. <\/p>\n<p>PREGLED<br \/>\n Mu\u0161ka avanturisti\u010dka motociklisti\u010dka jakna s vodootpornom D-Dry\u00ae membranom i uklonjivom termalnom podstavom koja se mo\u017ee nositi preko ili ispod jakne. S velikim otvorima za ventilaciju, idealan je odjevni predmet za sva godi\u0161nja doba. Pro-Armor Level 2 \u0161titnici na laktovima i ramenima. Izvrsna u kombinaciji s Gulfoss D-Dry\u00ae hla\u010dama za upotpunjavanje va\u0161e odjevne kombinacije ili odjevne kombinacije va\u0161eg partnera.   <\/p>\n<p>ZNA\u010cAJKE<\/p>\n<ul>\n<li>1 unutarnji vodootporni d\u017eep<\/li>\n<li>3 vanjska d\u017eepa<\/li>\n<li>Odje\u0107a za motocikle s certifikatom EN 17092 AA<\/li>\n<li>Umetci izra\u0111eni od izdr\u017eljive gumirane tkanine<\/li>\n<li>D\u017eep za \u0161titnik za kralje\u017enicu G1 i G2<\/li>\n<li>D\u017eepovi za Pro-Armor \u0161titnik za prsa, 2 komada<\/li>\n<\/ul>\n<p>ERGONOMIJA<\/p>\n<ul>\n<li>Podesivi ovratnik, struk i man\u017eete<\/li>\n<li>Kop\u010da za ovratnik<\/li>\n<li>Sustav za pri\u010dvr\u0161\u0107ivanje jakne i hla\u010da<\/li>\n<\/ul>\n<p>ZA\u0160TITA OD UDARACA<\/p>\n<ul>\n<li>Dizajnirano za no\u0161enje preko sustava zra\u010dnih jastuka Smart Air\u2122<\/li>\n<li>Pro-Armor \u0161titnici na laktovima certificirani prema EN 1621.1 razini 2<\/li>\n<li>Pro-Armor \u0161titnici na ramenima certificirani prema EN 1621.1 razini 2<\/li>\n<\/ul>\n<p>TEMPERATURA<\/p>\n<ul>\n<li>2 otvora za ventilaciju na prsima<\/li>\n<li>Ventilacijski otvori na stra\u017enjoj strani<\/li>\n<li>Ventilacijski otvori na rukavima<\/li>\n<li>Uklonjiva termalna podloga \u2013 mo\u017ee se koristiti zasebno<\/li>\n<li>Odvojeni dodatak za ogrlicu<\/li>\n<\/ul>\n<p>&nbsp;<\/p>\n","protected":false},"excerpt":{"rendered":"<p>Osnovne zna\u010dajke: Vodootporno 3 sloja Osobna za\u0161titna oprema \u2013 odje\u0107a s CE certifikatom EN1621-1 za\u0161tita razine&#8230;<\/p>\n","protected":false},"featured_media":174990,"comment_status":"open","ping_status":"closed","template":"","meta":{"_acf_changed":false},"brand":[2800],"gender":[1313],"product_brand":[],"product_cat":[2759,1356,2761],"product_tag":[],"class_list":{"0":"post-174921","1":"product","2":"type-product","3":"status-publish","4":"has-post-thumbnail","6":"brand-dainese-hr","7":"gender-moski","8":"product_cat-jakne-hr","9":"product_cat-motociklisticka-oprema","10":"product_cat-tekstilne-jakne-hr","11":"pa_velikost-st-48-hr","12":"pa_velikost-st-50-hr","13":"pa_velikost-st-52-hr","14":"pa_velikost-st-54-hr","15":"pa_velikost-st-56-hr","16":"pa_velikost-st-58-hr","18":"first","19":"instock","20":"sale","21":"taxable","22":"shipping-taxable","23":"purchasable","24":"product-type-variable"},"acf":[],"_links":{"self":[{"href":"https:\/\/moto-oprema.com\/hr\/wp-json\/wp\/v2\/product\/174921","targetHints":{"allow":["GET"]}}],"collection":[{"href":"https:\/\/moto-oprema.com\/hr\/wp-json\/wp\/v2\/product"}],"about":[{"href":"https:\/\/moto-oprema.com\/hr\/wp-json\/wp\/v2\/types\/product"}],"replies":[{"embeddable":true,"href":"https:\/\/moto-oprema.com\/hr\/wp-json\/wp\/v2\/comments?post=174921"}],"wp:featuredmedia":[{"embeddable":true,"href":"https:\/\/moto-oprema.com\/hr\/wp-json\/wp\/v2\/media\/174990"}],"wp:attachment":[{"href":"https:\/\/moto-oprema.com\/hr\/wp-json\/wp\/v2\/media?parent=174921"}],"wp:term":[{"taxonomy":"brand","embeddable":true,"href":"https:\/\/moto-oprema.com\/hr\/wp-json\/wp\/v2\/brand?post=174921"},{"taxonomy":"gender","embeddable":true,"href":"https:\/\/moto-oprema.com\/hr\/wp-json\/wp\/v2\/gender?post=174921"},{"taxonomy":"product_brand","embeddable":true,"href":"https:\/\/moto-oprema.com\/hr\/wp-json\/wp\/v2\/product_brand?post=174921"},{"taxonomy":"product_cat","embeddable":true,"href":"https:\/\/moto-oprema.com\/hr\/wp-json\/wp\/v2\/product_cat?post=174921"},{"taxonomy":"product_tag","embeddable":true,"href":"https:\/\/moto-oprema.com\/hr\/wp-json\/wp\/v2\/product_tag?post=174921"}],"curies":[{"name":"wp","href":"https:\/\/api.w.org\/{rel}","templated":true}]}}