{"id":174762,"date":"2025-11-07T08:19:58","date_gmt":"2025-11-07T08:19:58","guid":{"rendered":"https:\/\/moto-oprema.com\/?post_type=product&#038;p=174762"},"modified":"2025-11-07T08:19:59","modified_gmt":"2025-11-07T08:19:59","slug":"dainese-sauris-2-d-dry-jakna-crna-fluorescent-zuta","status":"publish","type":"product","link":"https:\/\/moto-oprema.com\/hr\/Artikel\/dainese-sauris-2-d-dry-jakna-crna-fluorescent-zuta\/","title":{"rendered":"DAINESE SAURIS 2 D-DRY JAKNA CRNA FLUORESCENT \u017dUTA"},"content":{"rendered":"<p>Dainese Sauris 2 D-Dry tekstilna motociklisti\u010dka jakna<\/p>\n<p>Jakna Sauris 2 D-Dry\u00ae dizajnirana je za udobnost i performanse u najtoplijim danima te u\u010dinkovitu vodootpornu za\u0161titu po ki\u0161i. Zahvaljuju\u0107i 70% visoko prozra\u010denoj mre\u017eastoj konstrukciji, idealan je izbor za ljetna putovanja, \u010dak i u najnepredvidljivijim klimama. Vanjski sloj D-Dry\u00ae otporan je na vjetar i vodootporan do 20 000 mm, pru\u017eaju\u0107i u\u010dinkovitu za\u0161titu od vremenskih uvjeta, tako da voza\u010di mogu u\u017eivati \u200b\u200bu svom putovanju bez da ih iznenadi oluja ili iznenadna hladna fronta. Vodootporni vanjski sloj je lagan i sklopiv, tako da se mo\u017ee prakti\u010dno pohraniti u stra\u017enji d\u017eep jakne. Tkanina Cordura\u00ae, umeci D-Stone\u2122 na najizlo\u017eenijim podru\u010djima, uklonjivi kompozitni \u0161titnici na laktovima i ramenima te d\u017eepovi za \u0161titnik za le\u0111a na le\u0111ima i za dvostruki \u0161titnik za prsa na prednjoj strani osiguravaju najvi\u0161e Dainese sigurnosne standarde.    <\/p>\n<p>Zna\u010dajke:<\/p>\n<ul>\n<li>1 d\u017eep za prtljagu na stra\u017enjoj strani i 2 vanjska d\u017eepa<\/li>\n<li>mre\u017easta struktura visoke \u010dvrsto\u0107e<\/li>\n<li>D\u017eep za ProArmor \u0161titnik za prsa (2 komada)<\/li>\n<li>Za\u0161titna jakna za motocikliste u skladu je s normom prEN 17092<\/li>\n<li>reflektiraju\u0107i umetci<\/li>\n<li>sustav za pri\u010dvr\u0161\u0107ivanje jakne i hla\u010da<\/li>\n<li>podesivi remeni za vrat, rukave i zglobove<\/li>\n<li>izra\u0111ene od Cordura\u00ae tkanine i D-Stone\u2122 tkanine na podru\u010djima najizlo\u017eenijim udarcima<\/li>\n<li>d\u017eep za \u0161titnik za le\u0111a G1 ili G2<\/li>\n<li>uklonjivi ProArmor \u0161titnici na ramenima i laktovima (EN 1621.1, razina 2, tip B)<\/li>\n<li>vodootporni (20.000 mm) i vjetrootporni vanjski sloj D-Dry\u2122<\/li>\n<li>70% visoko prozra\u010dne mre\u017eice<\/li>\n<li>laminirana rastezljiva tkanina<\/li>\n<li>Uklju\u010den vanjski sloj D-Dry\u2122, sklopiv<\/li>\n<\/ul>\n","protected":false},"excerpt":{"rendered":"","protected":false},"featured_media":174747,"comment_status":"open","ping_status":"closed","template":"","meta":{"_acf_changed":false},"brand":[2800],"gender":[1313],"product_brand":[],"product_cat":[2759,1356,2761],"product_tag":[],"class_list":{"0":"post-174762","1":"product","2":"type-product","3":"status-publish","4":"has-post-thumbnail","6":"brand-dainese-hr","7":"gender-moski","8":"product_cat-jakne-hr","9":"product_cat-motociklisticka-oprema","10":"product_cat-tekstilne-jakne-hr","11":"pa_velikost-st-48-hr","12":"pa_velikost-st-50-hr","14":"first","15":"instock","16":"sale","17":"taxable","18":"shipping-taxable","19":"purchasable","20":"product-type-variable"},"acf":[],"_links":{"self":[{"href":"https:\/\/moto-oprema.com\/hr\/wp-json\/wp\/v2\/product\/174762","targetHints":{"allow":["GET"]}}],"collection":[{"href":"https:\/\/moto-oprema.com\/hr\/wp-json\/wp\/v2\/product"}],"about":[{"href":"https:\/\/moto-oprema.com\/hr\/wp-json\/wp\/v2\/types\/product"}],"replies":[{"embeddable":true,"href":"https:\/\/moto-oprema.com\/hr\/wp-json\/wp\/v2\/comments?post=174762"}],"wp:featuredmedia":[{"embeddable":true,"href":"https:\/\/moto-oprema.com\/hr\/wp-json\/wp\/v2\/media\/174747"}],"wp:attachment":[{"href":"https:\/\/moto-oprema.com\/hr\/wp-json\/wp\/v2\/media?parent=174762"}],"wp:term":[{"taxonomy":"brand","embeddable":true,"href":"https:\/\/moto-oprema.com\/hr\/wp-json\/wp\/v2\/brand?post=174762"},{"taxonomy":"gender","embeddable":true,"href":"https:\/\/moto-oprema.com\/hr\/wp-json\/wp\/v2\/gender?post=174762"},{"taxonomy":"product_brand","embeddable":true,"href":"https:\/\/moto-oprema.com\/hr\/wp-json\/wp\/v2\/product_brand?post=174762"},{"taxonomy":"product_cat","embeddable":true,"href":"https:\/\/moto-oprema.com\/hr\/wp-json\/wp\/v2\/product_cat?post=174762"},{"taxonomy":"product_tag","embeddable":true,"href":"https:\/\/moto-oprema.com\/hr\/wp-json\/wp\/v2\/product_tag?post=174762"}],"curies":[{"name":"wp","href":"https:\/\/api.w.org\/{rel}","templated":true}]}}