{"id":174708,"date":"2025-11-06T10:59:51","date_gmt":"2025-11-06T10:59:51","guid":{"rendered":"https:\/\/moto-oprema.com\/?post_type=product&#038;p=174708"},"modified":"2025-11-06T11:17:55","modified_gmt":"2025-11-06T11:17:55","slug":"dainese-tonale-d-dry-jakna-glacier-gray-blue-black-kopija","status":"publish","type":"product","link":"https:\/\/moto-oprema.com\/hr\/Artikel\/dainese-tonale-d-dry-jakna-glacier-gray-blue-black-kopija\/","title":{"rendered":"DAINESE X-TOURER D-DRY JAKNA CRNA TOUR CRVENA"},"content":{"rendered":"<p>Jakna X-Tourer D-DRY\u00ae kombinira svestranost, udobnost i za\u0161titu od svih vremenskih uvjeta u jedinstvenom troslojnom odjevnom predmetu za voza\u010de touringa. Savr\u0161en izbor za u\u017eivanje u vo\u017enji u bilo koje godi\u0161nje doba. Uklonjiva i skladiljiva D-DRY\u00ae membrana vodootporna je 20 000 mm i pru\u017ea za\u0161titu u ki\u0161nim danima, a istovremeno je vrlo prozra\u010dna. Unutarnja termalna jakna zadr\u017eava toplinu i mo\u017ee se nositi zasebno kako bi voza\u010da odr\u017eala toplim \u010dak i izvan motocikla. Prakti\u010dna kuka za ovratnik, 2 patentna zatvara\u010da za ventilaciju na prsima i 2 patentna zatvara\u010da za ventilaciju na le\u0111ima osiguravaju idealnu temperaturu u toploj sezoni, omogu\u0107uju\u0107i vam samouvjerenu i udobnu vo\u017enju bez obzira na vremenske uvjete. Dainese sigurnosni standardi zajam\u010deni su D-Stone\u2122 umetcima na podru\u010djima s ve\u0107im udarcima i uklonjivim kompozitnim \u0161titnicima na ramenima i laktovima. Uvijek je pravo vrijeme za turneju!      <\/p>\n<p>Zna\u010dajke<\/p>\n<ul>\n<li>2 u 1 &#8211; uklonjiva unutarnja termo jakna<\/li>\n<li>2 unutarnja d\u017eepa, 2 vanjska d\u017eepa<\/li>\n<li>1 unutarnji vodootporni d\u017eep, 1 d\u017eep za prtljagu na stra\u017enjoj strani<\/li>\n<li>Reflektiraju\u0107i umetci<\/li>\n<li>Sustav za pri\u010dvr\u0161\u0107ivanje jakne i hla\u010da<\/li>\n<li>2 otvora za zrak na prsima + 2 patentna zatvara\u010da za zrak na rukavima<\/li>\n<li>Uklonjiva termo jakna \u2013 mo\u017ee se koristiti zasebno<\/li>\n<li>Uklonjiva D-DRY\u00ae vodootporna membrana 20.000 mm<\/li>\n<li>Otvor za zrak na stra\u017enjoj strani<\/li>\n<li>Uklonjivi kompozitni \u0161titnici na ramenima i laktovima<\/li>\n<li>D\u017eep za \u0161titnik za le\u0111a G1 i G2<\/li>\n<li>D\u017eep za dvostruki \u0161titnik za prsa<\/li>\n<\/ul>\n","protected":false},"excerpt":{"rendered":"<p>Jakna X-Tourer D-DRY\u00ae kombinira svestranost, udobnost i za\u0161titu od svih vremenskih uvjeta u jedinstvenom troslojnom odjevnom&#8230;<\/p>\n","protected":false},"featured_media":174719,"comment_status":"open","ping_status":"closed","template":"","meta":{"_acf_changed":false},"brand":[2800],"gender":[1313],"product_brand":[],"product_cat":[2759,1356,2761],"product_tag":[],"class_list":{"0":"post-174708","1":"product","2":"type-product","3":"status-publish","4":"has-post-thumbnail","6":"brand-dainese-hr","7":"gender-moski","8":"product_cat-jakne-hr","9":"product_cat-motociklisticka-oprema","10":"product_cat-tekstilne-jakne-hr","11":"pa_velikost-st-50-hr","12":"pa_velikost-st-58-hr","14":"first","15":"instock","16":"sale","17":"taxable","18":"shipping-taxable","19":"purchasable","20":"product-type-variable"},"acf":[],"_links":{"self":[{"href":"https:\/\/moto-oprema.com\/hr\/wp-json\/wp\/v2\/product\/174708","targetHints":{"allow":["GET"]}}],"collection":[{"href":"https:\/\/moto-oprema.com\/hr\/wp-json\/wp\/v2\/product"}],"about":[{"href":"https:\/\/moto-oprema.com\/hr\/wp-json\/wp\/v2\/types\/product"}],"replies":[{"embeddable":true,"href":"https:\/\/moto-oprema.com\/hr\/wp-json\/wp\/v2\/comments?post=174708"}],"wp:featuredmedia":[{"embeddable":true,"href":"https:\/\/moto-oprema.com\/hr\/wp-json\/wp\/v2\/media\/174719"}],"wp:attachment":[{"href":"https:\/\/moto-oprema.com\/hr\/wp-json\/wp\/v2\/media?parent=174708"}],"wp:term":[{"taxonomy":"brand","embeddable":true,"href":"https:\/\/moto-oprema.com\/hr\/wp-json\/wp\/v2\/brand?post=174708"},{"taxonomy":"gender","embeddable":true,"href":"https:\/\/moto-oprema.com\/hr\/wp-json\/wp\/v2\/gender?post=174708"},{"taxonomy":"product_brand","embeddable":true,"href":"https:\/\/moto-oprema.com\/hr\/wp-json\/wp\/v2\/product_brand?post=174708"},{"taxonomy":"product_cat","embeddable":true,"href":"https:\/\/moto-oprema.com\/hr\/wp-json\/wp\/v2\/product_cat?post=174708"},{"taxonomy":"product_tag","embeddable":true,"href":"https:\/\/moto-oprema.com\/hr\/wp-json\/wp\/v2\/product_tag?post=174708"}],"curies":[{"name":"wp","href":"https:\/\/api.w.org\/{rel}","templated":true}]}}