{"id":174387,"date":"2025-11-05T10:41:17","date_gmt":"2025-11-05T10:41:17","guid":{"rendered":"https:\/\/moto-oprema.com\/?post_type=product&#038;p=174387"},"modified":"2025-11-05T10:56:29","modified_gmt":"2025-11-05T10:56:29","slug":"alpinestars-andes-v4-drystar-hlace-crne-kopija","status":"publish","type":"product","link":"https:\/\/moto-oprema.com\/hr\/Artikel\/alpinestars-andes-v4-drystar-hlace-crne-kopija\/","title":{"rendered":"ALPINESTARS ANDES V4 DRYSTAR HLA\u010cE ORAH CRNE"},"content":{"rendered":"<p>Alpinestars Andes V4 Drystar vodootporne tekstilne motociklisti\u010dke hla\u010de<\/p>\n<p>Hla\u010de Andes v4 Drystar\u00ae kombiniraju napredni dizajn s prakti\u010dnom funkcionalno\u0161\u0107u i suvremenim stilom \u2013 idealne za avanturisti\u010dke bicikliste i svakodnevne voza\u010de. Zahvaljuju\u0107i vodootpornoj Drystar\u00ae tehnologiji, strate\u0161koj ventilaciji i promi\u0161ljenom odabiru materijala, nude udobnost i za\u0161titu u \u0161irokom rasponu vremenskih uvjeta i stilova vo\u017enje. <\/p>\n<p>Zna\u010dajke:<\/p>\n<ul>\n<li>Robusna 450D poliesterska tkanina na prednjoj strani, bedrima, stra\u017enjici i donjem dijelu nogavica osigurava dugotrajnu izdr\u017eljivost<\/li>\n<li>Ripstop oja\u010danja na podru\u010djima najve\u0107eg habanja poput sjedala, koljena i potkoljenica pove\u0107avaju izdr\u017eljivost<\/li>\n<li>Unaprijed oblikovana koljena s elasti\u010dnim softshell umetcima pobolj\u0161avaju pokretljivost tijekom vo\u017enje.<\/li>\n<li>Integrirana Drystar\u00ae membrana osigurava 100% vodootpornost i prozra\u010dnost za pouzdanu za\u0161titu od vremenskih utjecaja.<\/li>\n<li>Pro\u0161ireni otvori za ventilaciju na bedrima s vodootpornim spiralnim patentnim zatvara\u010dima omogu\u0107uju izravan protok zraka kada je to potrebno.<\/li>\n<li>Uklonjiva termo podstava (100 g na bedrima, 60 g na potkoljenicama) pru\u017ea ugodnu toplinu po hladnom vremenu.<\/li>\n<li>Podesivi struk, patentni zatvara\u010d za spajanje s jaknom i trosmjerno podesivi jastu\u010di\u0107i za koljena omogu\u0107uju individualno prilago\u0111avanje.<\/li>\n<li>Dva vodoodbojna d\u017eepa za prtljagu nude siguran prostor za pohranu.<\/li>\n<li>Reflektiraju\u0107i umetci pove\u0107avaju vidljivost u uvjetima slabog osvjetljenja.<\/li>\n<\/ul>\n<p>Tehni\u010dki podaci:<\/p>\n<ul>\n<li>Za\u0161titna odje\u0107a za motocikliste, EN 17092-4:2020 klasa A.<\/li>\n<li>Visoko podesivi, ventilirani \u0161titnici za koljena Nucleon Flex Plus Level 1 pru\u017eaju u\u010dinkovitu za\u0161titu od udaraca, a istovremeno imaju ravan i udoban dizajn.<\/li>\n<li>\u0160titnici za koljena mogu se pojedina\u010dno podesiti pomo\u0107u trostruko podesivih unutarnjih d\u017eepova.<\/li>\n<\/ul>\n<p>Dodatne informacije o proizvodu<br \/>\n Materijal 96% poliester, 4% poliamid<\/p>\n","protected":false},"excerpt":{"rendered":"<p>Alpinestars Andes Air skra\u0107ene hla\u010de<\/p>\n","protected":false},"featured_media":174447,"comment_status":"open","ping_status":"closed","template":"","meta":{"_acf_changed":false},"brand":[2748],"gender":[2167],"product_brand":[],"product_cat":[2832,1356,2857],"product_tag":[],"class_list":{"0":"post-174387","1":"product","2":"type-product","3":"status-publish","4":"has-post-thumbnail","6":"brand-alpinestars-hr","7":"gender-moski-en","8":"product_cat-hlace-hr","9":"product_cat-motociklisticka-oprema","10":"product_cat-tekstilne-hlace-hr","11":"pa_velikost-st-2xl-hr","12":"pa_velikost-st-3xl-hr","13":"pa_velikost-st-4xl-hr","14":"pa_velikost-st-5xl-hr","15":"pa_velikost-st-6xl-hr","16":"pa_velikost-st-l-hr","17":"pa_velikost-st-m-hr","18":"pa_velikost-st-s-hr","19":"pa_velikost-st-xl-hr","21":"first","22":"instock","23":"sale","24":"taxable","25":"shipping-taxable","26":"purchasable","27":"product-type-variable"},"acf":[],"_links":{"self":[{"href":"https:\/\/moto-oprema.com\/hr\/wp-json\/wp\/v2\/product\/174387","targetHints":{"allow":["GET"]}}],"collection":[{"href":"https:\/\/moto-oprema.com\/hr\/wp-json\/wp\/v2\/product"}],"about":[{"href":"https:\/\/moto-oprema.com\/hr\/wp-json\/wp\/v2\/types\/product"}],"replies":[{"embeddable":true,"href":"https:\/\/moto-oprema.com\/hr\/wp-json\/wp\/v2\/comments?post=174387"}],"wp:featuredmedia":[{"embeddable":true,"href":"https:\/\/moto-oprema.com\/hr\/wp-json\/wp\/v2\/media\/174447"}],"wp:attachment":[{"href":"https:\/\/moto-oprema.com\/hr\/wp-json\/wp\/v2\/media?parent=174387"}],"wp:term":[{"taxonomy":"brand","embeddable":true,"href":"https:\/\/moto-oprema.com\/hr\/wp-json\/wp\/v2\/brand?post=174387"},{"taxonomy":"gender","embeddable":true,"href":"https:\/\/moto-oprema.com\/hr\/wp-json\/wp\/v2\/gender?post=174387"},{"taxonomy":"product_brand","embeddable":true,"href":"https:\/\/moto-oprema.com\/hr\/wp-json\/wp\/v2\/product_brand?post=174387"},{"taxonomy":"product_cat","embeddable":true,"href":"https:\/\/moto-oprema.com\/hr\/wp-json\/wp\/v2\/product_cat?post=174387"},{"taxonomy":"product_tag","embeddable":true,"href":"https:\/\/moto-oprema.com\/hr\/wp-json\/wp\/v2\/product_tag?post=174387"}],"curies":[{"name":"wp","href":"https:\/\/api.w.org\/{rel}","templated":true}]}}