{"id":174012,"date":"2025-11-05T09:41:27","date_gmt":"2025-11-05T09:41:27","guid":{"rendered":"https:\/\/moto-oprema.com\/?post_type=product&#038;p=174012"},"modified":"2025-11-05T10:00:31","modified_gmt":"2025-11-05T10:00:31","slug":"alpinestars-wr-1-v2-gore-tex-rukavice-kopija","status":"publish","type":"product","link":"https:\/\/moto-oprema.com\/hr\/Artikel\/alpinestars-wr-1-v2-gore-tex-rukavice-kopija\/","title":{"rendered":"ALPINESTARS WT-8 V2 GORE-TEX\u00ae RUKAVICE CRNE"},"content":{"rendered":"<p>Alpinestars WT-8 GTX vodootporne motociklisti\u010dke rukavice<\/p>\n<p>Dizajnirane za zahtjevne duge vo\u017enje i vo\u017enju u svim vremenskim uvjetima, WT-8 GORE-TEX rukavice nude optimalnu udobnost, toplinu i kontrolu zahvaljuju\u0107i svojoj Gore-Grip konstrukciji, visokokvalitetnoj izolaciji i promi\u0161ljenim za\u0161titnim detaljima &#8211; idealne za hladne i vla\u017ene uvjete. <\/p>\n<p>Zna\u010dajke:<\/p>\n<ul>\n<li>GORE-TEX Gore-Grip konstrukcija pru\u017ea pouzdanu vodootpornost i visoku prozra\u010dnost.<\/li>\n<li>Membrana je izravno spojena s vanjskim slojem, smanjuju\u0107i trenje izme\u0111u slojeva \u2013 za precizan osje\u0107aj prilikom rada.<\/li>\n<li>PrimaLoft\u00ae Gold Insulation Eco od 133 g (izra\u0111en od 75% recikliranog materijala) pru\u017ea izvrsnu toplinsku izolaciju uz laganu te\u017einu.<\/li>\n<li>Vanjski sloj od mije\u0161ane ko\u017ee i dvoslojnog rastezljivog materijala pru\u017ea otpornost na habanje, udobnost i ergonomski oblik.<\/li>\n<li>Ko\u017ena oja\u010danja na dlanu i podstavljeni kliza\u010d na dlanu \u0161tite kriti\u010dna podru\u010dja.<\/li>\n<li>Dugi rukavi s dvostrukim zatvaranjem na zape\u0161\u0107u za sigurnu za\u0161titu preko jakne.<\/li>\n<li>Provodljivi vrhovi prstiju omogu\u0107uju vam kori\u0161tenje zaslona osjetljivih na dodir bez skidanja rukavica.<\/li>\n<li>Silikonska om\u010da za zatezanje olak\u0161ava obla\u010denje i skidanje &#8211; \u010dak i u te\u0161kim uvjetima.<\/li>\n<\/ul>\n<p>Tehni\u010dki podaci:<\/p>\n<ul>\n<li>Za\u0161titne rukavice za motocikliste \u2013 EN 13594:2015, razina za\u0161tite 1 KP.<\/li>\n<li>TPU SP \u0161titnici za gle\u017enjeve pru\u017eaju visoku za\u0161titu od udaraca i ogrebotina.<\/li>\n<li>Strate\u0161ki postavljeni jastu\u010di\u0107i na dlanu, nadlaktici i bo\u010dnim stranama ruke pove\u0107avaju za\u0161titni u\u010dinak u slu\u010daju pada.<\/li>\n<li>Dlanovi pobolj\u0161avaju otpornost na habanje i pru\u017eaju dugotrajnu izdr\u017eljivost.<\/li>\n<li>Dodatne informacije o proizvodu<\/li>\n<\/ul>\n<p>Materijal 58% poliamid 28% kozja ko\u017ea 7% poliester 5% poliuretan 2% ostalo \/ Sadr\u017ei netekstilne dijelove \u017eivotinjskog podrijetla!<\/p>\n<p>&nbsp;<\/p>\n","protected":false},"excerpt":{"rendered":"<p>Alpinestars WT-8 GTX vodootporne motociklisti\u010dke rukavice Dizajnirane za zahtjevne duge vo\u017enje i vo\u017enju u svim vremenskim&#8230;<\/p>\n","protected":false},"featured_media":174082,"comment_status":"open","ping_status":"closed","template":"","meta":{"_acf_changed":false},"brand":[2748],"gender":[2167],"product_brand":[],"product_cat":[1356,2816,2822],"product_tag":[],"class_list":{"0":"post-174012","1":"product","2":"type-product","3":"status-publish","4":"has-post-thumbnail","6":"brand-alpinestars-hr","7":"gender-moski-en","8":"product_cat-motociklisticka-oprema","9":"product_cat-rukavice","10":"product_cat-tekstilne-rukavice","11":"pa_velikost-st-3xl-hr","12":"pa_velikost-st-4xl-hr","13":"pa_velikost-st-l-hr","14":"pa_velikost-st-m-hr","15":"pa_velikost-st-s-hr","16":"pa_velikost-st-xl-hr","17":"pa_velikost-st-xxl-hr","19":"first","20":"outofstock","21":"sale","22":"taxable","23":"shipping-taxable","24":"purchasable","25":"product-type-variable"},"acf":[],"_links":{"self":[{"href":"https:\/\/moto-oprema.com\/hr\/wp-json\/wp\/v2\/product\/174012","targetHints":{"allow":["GET"]}}],"collection":[{"href":"https:\/\/moto-oprema.com\/hr\/wp-json\/wp\/v2\/product"}],"about":[{"href":"https:\/\/moto-oprema.com\/hr\/wp-json\/wp\/v2\/types\/product"}],"replies":[{"embeddable":true,"href":"https:\/\/moto-oprema.com\/hr\/wp-json\/wp\/v2\/comments?post=174012"}],"wp:featuredmedia":[{"embeddable":true,"href":"https:\/\/moto-oprema.com\/hr\/wp-json\/wp\/v2\/media\/174082"}],"wp:attachment":[{"href":"https:\/\/moto-oprema.com\/hr\/wp-json\/wp\/v2\/media?parent=174012"}],"wp:term":[{"taxonomy":"brand","embeddable":true,"href":"https:\/\/moto-oprema.com\/hr\/wp-json\/wp\/v2\/brand?post=174012"},{"taxonomy":"gender","embeddable":true,"href":"https:\/\/moto-oprema.com\/hr\/wp-json\/wp\/v2\/gender?post=174012"},{"taxonomy":"product_brand","embeddable":true,"href":"https:\/\/moto-oprema.com\/hr\/wp-json\/wp\/v2\/product_brand?post=174012"},{"taxonomy":"product_cat","embeddable":true,"href":"https:\/\/moto-oprema.com\/hr\/wp-json\/wp\/v2\/product_cat?post=174012"},{"taxonomy":"product_tag","embeddable":true,"href":"https:\/\/moto-oprema.com\/hr\/wp-json\/wp\/v2\/product_tag?post=174012"}],"curies":[{"name":"wp","href":"https:\/\/api.w.org\/{rel}","templated":true}]}}