{"id":173795,"date":"2025-11-05T09:09:28","date_gmt":"2025-11-05T09:09:28","guid":{"rendered":"https:\/\/moto-oprema.com\/?post_type=product&#038;p=173795"},"modified":"2025-11-05T09:27:35","modified_gmt":"2025-11-05T09:27:35","slug":"alpinestars-cizme-corozal-adventure-wp-kopija","status":"publish","type":"product","link":"https:\/\/moto-oprema.com\/hr\/Artikel\/alpinestars-cizme-corozal-adventure-wp-kopija\/","title":{"rendered":"ALPINESTARS COROZAL V2 ADVENTURE DRYSTAR \u010cIZME CRNE"},"content":{"rendered":"<div id=\"tab-product-description\" class=\"ui-tabs-panel ui-widget-content ui-corner-bottom\">\n<div class=\"description\">\n<p>Alpinestars Corozal V2 vodootporne motociklisti\u010dke \u010dizme<\/p>\n<p>Corozal Drystar\u00ae V2 su robusne pustolovne \u010dizma koje pru\u017eaju vrhunsku za\u0161titu, cjelodnevnu udobnost i pouzdane performanse na bilo kojem terenu &#8211; bez obzira na vremenske uvjete. Zahvaljuju\u0107i vi\u0161ematerijalnoj konstrukciji, inovativnom pivot sustavu i vodootpornoj Drystar\u00ae membrani, idealne su za duge ture i udobno hodanje \u010dak i bez motocikla. <\/p>\n<p>Zna\u010dajke:<\/p>\n<ul>\n<li>Vi\u0161ematerijalna konstrukcija: ko\u017ea, mikrovlakna i antilop za udobnost i otpornost na habanje<\/li>\n<li>Vodootporna, prozra\u010dna Drystar\u00ae membrana<\/li>\n<li>Gumeni potplat za sve terene sa stabilnim PP me\u0111upotplatom i PU pjenom za izdr\u017eljivost i udobnost<\/li>\n<li>Sustav bo\u010dnog nagiba za mobilnost i bo\u010dnu za\u0161titu gle\u017enja<\/li>\n<li>TPU za\u0161tita potkoljenice, gle\u017enja, pete i prstiju<\/li>\n<li>Ergonomski prednji dio stopala za bolji kontakt s motociklom<\/li>\n<li>Brz i precizan sustav pri\u010dvr\u0161\u0107ivanja s kop\u010dama\/\u010di\u010dkom, zamjenjive kop\u010de<\/li>\n<li>\u0160iroki ulazni otvor za jednostavno obuvanje i svla\u010denje<\/li>\n<li>Prednje i stra\u017enje zone rastezanja u obliku harmonike za bolju pokretljivost<\/li>\n<\/ul>\n<p>Tehni\u010dki podaci:<\/p>\n<p>Za\u0161titne \u010dizme za motocikliste EN 13634:2017<\/p>\n<p>Vodootporno:<\/p>\n<p class=\"flex flex-nowrap items-center gap-2 text-[13px] leading-6\">Drystar\u00ae &#8211; 5000 mm<\/p>\n<\/div>\n<\/div>\n","protected":false},"excerpt":{"rendered":"<p>Alpinestars Corozal V2 vodootporne motociklisti\u010dke \u010dizme Corozal Drystar\u00ae V2 su robusne pustolovne \u010dizma koje pru\u017eaju vrhunsku&#8230;<\/p>\n","protected":false},"featured_media":173901,"comment_status":"open","ping_status":"closed","template":"","meta":{"_acf_changed":false},"brand":[2748],"gender":[2168],"product_brand":[],"product_cat":[1356,2900,2769,2813,2733],"product_tag":[],"class_list":{"0":"post-173795","1":"product","2":"type-product","3":"status-publish","4":"has-post-thumbnail","6":"brand-alpinestars-hr","7":"gender-moski-de","8":"product_cat-motociklisticka-oprema","9":"product_cat-motokros-cizme","10":"product_cat-obuca","11":"product_cat-obuca-za-planinarenje","12":"product_cat-oprema-za-motokros","13":"pa_size-10445-hr","14":"pa_size-11455-hr","15":"pa_size-12-46-47-hr","16":"pa_size-1348-hr","17":"pa_size-7405-hr","18":"pa_size-842-hr","19":"pa_size-943-hr","21":"first","22":"instock","23":"sale","24":"taxable","25":"shipping-taxable","26":"purchasable","27":"product-type-variable"},"acf":[],"_links":{"self":[{"href":"https:\/\/moto-oprema.com\/hr\/wp-json\/wp\/v2\/product\/173795","targetHints":{"allow":["GET"]}}],"collection":[{"href":"https:\/\/moto-oprema.com\/hr\/wp-json\/wp\/v2\/product"}],"about":[{"href":"https:\/\/moto-oprema.com\/hr\/wp-json\/wp\/v2\/types\/product"}],"replies":[{"embeddable":true,"href":"https:\/\/moto-oprema.com\/hr\/wp-json\/wp\/v2\/comments?post=173795"}],"wp:featuredmedia":[{"embeddable":true,"href":"https:\/\/moto-oprema.com\/hr\/wp-json\/wp\/v2\/media\/173901"}],"wp:attachment":[{"href":"https:\/\/moto-oprema.com\/hr\/wp-json\/wp\/v2\/media?parent=173795"}],"wp:term":[{"taxonomy":"brand","embeddable":true,"href":"https:\/\/moto-oprema.com\/hr\/wp-json\/wp\/v2\/brand?post=173795"},{"taxonomy":"gender","embeddable":true,"href":"https:\/\/moto-oprema.com\/hr\/wp-json\/wp\/v2\/gender?post=173795"},{"taxonomy":"product_brand","embeddable":true,"href":"https:\/\/moto-oprema.com\/hr\/wp-json\/wp\/v2\/product_brand?post=173795"},{"taxonomy":"product_cat","embeddable":true,"href":"https:\/\/moto-oprema.com\/hr\/wp-json\/wp\/v2\/product_cat?post=173795"},{"taxonomy":"product_tag","embeddable":true,"href":"https:\/\/moto-oprema.com\/hr\/wp-json\/wp\/v2\/product_tag?post=173795"}],"curies":[{"name":"wp","href":"https:\/\/api.w.org\/{rel}","templated":true}]}}