{"id":173270,"date":"2025-11-03T09:43:24","date_gmt":"2025-11-03T09:43:24","guid":{"rendered":"https:\/\/moto-oprema.com\/?post_type=product&#038;p=173270"},"modified":"2025-11-03T09:43:25","modified_gmt":"2025-11-03T09:43:25","slug":"spidi-strech-h2out-jakna-crna","status":"publish","type":"product","link":"https:\/\/moto-oprema.com\/hr\/Artikel\/spidi-strech-h2out-jakna-crna\/","title":{"rendered":"SPIDI STRECH H2OUT JAKNA CRNA"},"content":{"rendered":"<p>SPIDI Stretch H2OUT jakna je svestrana za\u0161titna motociklisti\u010dka odje\u0107a dizajnirana za upotrebu u svim vremenskim uvjetima. Izra\u0111ena je od fiksne vodootporne, vjetrootporne i prozra\u010dne H2OUT\u00ae membrane sa Z-liner konstrukcijom koja pru\u017ea pouzdanu za\u0161titu od ki\u0161e i vjetra, uz odr\u017eavanje izvrsne prozra\u010dnosti. <\/p>\n<p>&nbsp;<\/p>\n<p>Vanjski materijal izra\u0111en je od srednje te\u0161kog poliamida s rastezljivom tkaninom za optimalnu udobnost i pokretljivost, a istovremeno je vodoodbojan tako da voda odmah odvodi pri kontaktu, pobolj\u0161avaju\u0107i performanse u mokrim uvjetima \u010dak i prije nego \u0161to se aktivira vodootporna membrana.<\/p>\n<p>Uklonjiva termalna podstava pru\u017ea izolaciju za hladnije vo\u017enje, dok ventilacijski patentni zatvara\u010di omogu\u0107uju u\u010dinkovit protok zraka kada se vrijeme zagrije. Z-linerska konstrukcija osigurava da 4 ventilacijska kanala rade bez ugro\u017eavanja vodootpornosti. <\/p>\n<p>\u0160titnici Warrior Lite razine 2 ugra\u0111eni su u ramena i laktove, s posebnim d\u017eepovima za dodatne \u0161titnike za le\u0111a i prsa. Reflektiraju\u0107i elementi pove\u0107avaju vidljivost u uvjetima slabog osvjetljenja, a integrirani sustav kop\u010di omogu\u0107uje sigurno spajanje sa SPIDI hla\u010dama za ve\u0107u stabilnost tijekom vo\u017enje. <\/p>\n<p>Rastezljiva H2OUT jakna, certificirana prema EN 17092-3:2020 klasi AA, idealna je za putovanje na posao i putovanja sportskim motociklima. Dostupna je i u odgovaraju\u0107im H2OUT\u00ae hla\u010dama za savr\u0161eno uskla\u0111enu odjevnu kombinaciju spremnu za vremenske uvjete. <\/p>\n<p>&nbsp;<\/p>\n","protected":false},"excerpt":{"rendered":"<p>SPIDI Stretch H2OUT jakna je svestrana za\u0161titna motociklisti\u010dka odje\u0107a dizajnirana za upotrebu u svim vremenskim uvjetima&#8230;.<\/p>\n","protected":false},"featured_media":173263,"comment_status":"open","ping_status":"closed","template":"","meta":{"_acf_changed":false},"brand":[2732],"gender":[2167],"product_brand":[],"product_cat":[2759,1356,2761],"product_tag":[],"class_list":{"0":"post-173270","1":"product","2":"type-product","3":"status-publish","4":"has-post-thumbnail","6":"brand-spidi-hr","7":"gender-moski-en","8":"product_cat-jakne-hr","9":"product_cat-motociklisticka-oprema","10":"product_cat-tekstilne-jakne-hr","11":"pa_size-3xl-hr","12":"pa_size-4xl-hr","13":"pa_size-5xl-hr","14":"pa_size-l-hr","15":"pa_size-m-hr","16":"pa_size-s-hr","17":"pa_size-xl-hr","18":"pa_size-xxl-hr","20":"first","21":"instock","22":"sale","23":"taxable","24":"shipping-taxable","25":"purchasable","26":"product-type-variable"},"acf":[],"_links":{"self":[{"href":"https:\/\/moto-oprema.com\/hr\/wp-json\/wp\/v2\/product\/173270","targetHints":{"allow":["GET"]}}],"collection":[{"href":"https:\/\/moto-oprema.com\/hr\/wp-json\/wp\/v2\/product"}],"about":[{"href":"https:\/\/moto-oprema.com\/hr\/wp-json\/wp\/v2\/types\/product"}],"replies":[{"embeddable":true,"href":"https:\/\/moto-oprema.com\/hr\/wp-json\/wp\/v2\/comments?post=173270"}],"wp:featuredmedia":[{"embeddable":true,"href":"https:\/\/moto-oprema.com\/hr\/wp-json\/wp\/v2\/media\/173263"}],"wp:attachment":[{"href":"https:\/\/moto-oprema.com\/hr\/wp-json\/wp\/v2\/media?parent=173270"}],"wp:term":[{"taxonomy":"brand","embeddable":true,"href":"https:\/\/moto-oprema.com\/hr\/wp-json\/wp\/v2\/brand?post=173270"},{"taxonomy":"gender","embeddable":true,"href":"https:\/\/moto-oprema.com\/hr\/wp-json\/wp\/v2\/gender?post=173270"},{"taxonomy":"product_brand","embeddable":true,"href":"https:\/\/moto-oprema.com\/hr\/wp-json\/wp\/v2\/product_brand?post=173270"},{"taxonomy":"product_cat","embeddable":true,"href":"https:\/\/moto-oprema.com\/hr\/wp-json\/wp\/v2\/product_cat?post=173270"},{"taxonomy":"product_tag","embeddable":true,"href":"https:\/\/moto-oprema.com\/hr\/wp-json\/wp\/v2\/product_tag?post=173270"}],"curies":[{"name":"wp","href":"https:\/\/api.w.org\/{rel}","templated":true}]}}