{"id":172265,"date":"2025-10-22T07:28:20","date_gmt":"2025-10-22T07:28:20","guid":{"rendered":"https:\/\/moto-oprema.com\/?post_type=product&#038;p=172265"},"modified":"2025-10-22T07:35:03","modified_gmt":"2025-10-22T07:35:03","slug":"djecji-dres-fox-180-kairos-mx-boja-tangerine-kopija","status":"publish","type":"product","link":"https:\/\/moto-oprema.com\/hr\/Artikel\/djecji-dres-fox-180-kairos-mx-boja-tangerine-kopija\/","title":{"rendered":"FOX 180 SHIELD MX DJE\u010cJI DRES FLUO \u017dUTA"},"content":{"rendered":"<p>Dres Fox 180 Youth savr\u0161ena je kombinacija funkcionalnosti i stila. Tkanina pru\u017ea izvrsnu ventilaciju i odvo\u0111enje vlage. A grafi\u010dki dizajn u\u010dinit \u0107e da izgledate sjajno.  <\/p>\n<p>Zna\u010dajke:<\/p>\n<div class=\"expander\">\n<div class=\"expander-content technical-details\">\n<ul>\n<li>Glavni dio od poliesterske tkanine koja odvodi vlagu za pobolj\u0161ane performanse i udobnost<\/li>\n<li>Ventilirane bo\u010dne plo\u010de za pobolj\u0161ani protok zraka<\/li>\n<li>Asimetri\u010dni mre\u017easti ovratnik i lagana man\u017eeta od poliestera<\/li>\n<li>Spu\u0161teni rep dr\u017ei dres uvu\u010denim u hla\u010de<\/li>\n<\/ul>\n<\/div>\n<\/div>\n<p>Sastav sirovine: 100% poliester<\/p>\n","protected":false},"excerpt":{"rendered":"<p>Dres za mlade Fox Race 180.<\/p>\n","protected":false},"featured_media":172315,"comment_status":"open","ping_status":"closed","template":"","meta":{"_acf_changed":false},"brand":[2738],"gender":[],"product_brand":[],"product_cat":[2733,2892],"product_tag":[],"class_list":{"0":"post-172265","1":"product","2":"type-product","3":"status-publish","4":"has-post-thumbnail","6":"brand-fox-hr","7":"product_cat-oprema-za-motokros","8":"product_cat-za-najmlade-hr","9":"pa_size-l9-10-godina","10":"pa_size-m7-8-godina","11":"pa_size-s5-6-godina","12":"pa_size-xl11-13-godina","14":"first","15":"onbackorder","16":"sale","17":"taxable","18":"shipping-taxable","19":"purchasable","20":"product-type-variable"},"acf":[],"_links":{"self":[{"href":"https:\/\/moto-oprema.com\/hr\/wp-json\/wp\/v2\/product\/172265","targetHints":{"allow":["GET"]}}],"collection":[{"href":"https:\/\/moto-oprema.com\/hr\/wp-json\/wp\/v2\/product"}],"about":[{"href":"https:\/\/moto-oprema.com\/hr\/wp-json\/wp\/v2\/types\/product"}],"replies":[{"embeddable":true,"href":"https:\/\/moto-oprema.com\/hr\/wp-json\/wp\/v2\/comments?post=172265"}],"wp:featuredmedia":[{"embeddable":true,"href":"https:\/\/moto-oprema.com\/hr\/wp-json\/wp\/v2\/media\/172315"}],"wp:attachment":[{"href":"https:\/\/moto-oprema.com\/hr\/wp-json\/wp\/v2\/media?parent=172265"}],"wp:term":[{"taxonomy":"brand","embeddable":true,"href":"https:\/\/moto-oprema.com\/hr\/wp-json\/wp\/v2\/brand?post=172265"},{"taxonomy":"gender","embeddable":true,"href":"https:\/\/moto-oprema.com\/hr\/wp-json\/wp\/v2\/gender?post=172265"},{"taxonomy":"product_brand","embeddable":true,"href":"https:\/\/moto-oprema.com\/hr\/wp-json\/wp\/v2\/product_brand?post=172265"},{"taxonomy":"product_cat","embeddable":true,"href":"https:\/\/moto-oprema.com\/hr\/wp-json\/wp\/v2\/product_cat?post=172265"},{"taxonomy":"product_tag","embeddable":true,"href":"https:\/\/moto-oprema.com\/hr\/wp-json\/wp\/v2\/product_tag?post=172265"}],"curies":[{"name":"wp","href":"https:\/\/api.w.org\/{rel}","templated":true}]}}