{"id":171495,"date":"2025-10-15T08:51:22","date_gmt":"2025-10-15T08:51:22","guid":{"rendered":"https:\/\/moto-oprema.com\/?post_type=product&#038;p=171495"},"modified":"2025-10-15T09:03:32","modified_gmt":"2025-10-15T09:03:32","slug":"just1-j12-pro-racer-mx-kaciga-bijela-plava-mat-kopija","status":"publish","type":"product","link":"https:\/\/moto-oprema.com\/hr\/Artikel\/just1-j12-pro-racer-mx-kaciga-bijela-plava-mat-kopija\/","title":{"rendered":"JUST1 J12 PRO Racer MX kaciga ROCKSTAR"},"content":{"rendered":"<p>Just1 &#8211; J12 PRO kaciga izra\u0111ena od 12k karbona.<\/p>\n<p> Tehni\u010dki podaci:<\/p>\n<p> \u2013 \u0161koljka od 12k karbonskih vlakana<br \/>\n \u2013 Vrlo jaka i prozra\u010dna kaciga<br \/>\n \u2013 potpuno uklonjiva i periva unutarnja podstava izra\u0111ena od antibakterijske protx2\u2122 tkanine<br \/>\n \u2013 dvostruko pri\u010dvr\u0161\u0107ivanje prstenom<br \/>\n \u2013 JIER sustav za uklanjanje ulo\u0161ka<br \/>\n \u2013 11 ulaznih i 8 izlaznih ventilacijskih otvora<br \/>\n \u2013 2 veli\u010dine \u0161koljke<\/p>\n<p> Te\u017eina:<br \/>\n -manja \u0161koljka 1100 g<br \/>\n -ve\u0107a \u0161koljka 1250 g<\/p>\n","protected":false},"excerpt":{"rendered":"<p>Just1 J12 PRO karbonska motokros kaciga<\/p>\n","protected":false},"featured_media":171521,"comment_status":"open","ping_status":"closed","template":"","meta":{"_acf_changed":false},"brand":[2885],"gender":[2172],"product_brand":[],"product_cat":[1356,2764,2733],"product_tag":[],"class_list":{"0":"post-171495","1":"product","2":"type-product","3":"status-publish","4":"has-post-thumbnail","6":"brand-just-1-hr","7":"gender-unisex-hr","8":"product_cat-motociklisticka-oprema","9":"product_cat-mx-kacige","10":"product_cat-oprema-za-motokros","11":"pa_size-l-hr","12":"pa_size-m-hr","13":"pa_size-s-hr","14":"pa_size-xl-hr","15":"pa_size-xs-hr","16":"pa_size-xxl-hr","18":"first","19":"instock","20":"sale","21":"taxable","22":"shipping-taxable","23":"purchasable","24":"product-type-variable"},"acf":[],"_links":{"self":[{"href":"https:\/\/moto-oprema.com\/hr\/wp-json\/wp\/v2\/product\/171495","targetHints":{"allow":["GET"]}}],"collection":[{"href":"https:\/\/moto-oprema.com\/hr\/wp-json\/wp\/v2\/product"}],"about":[{"href":"https:\/\/moto-oprema.com\/hr\/wp-json\/wp\/v2\/types\/product"}],"replies":[{"embeddable":true,"href":"https:\/\/moto-oprema.com\/hr\/wp-json\/wp\/v2\/comments?post=171495"}],"wp:featuredmedia":[{"embeddable":true,"href":"https:\/\/moto-oprema.com\/hr\/wp-json\/wp\/v2\/media\/171521"}],"wp:attachment":[{"href":"https:\/\/moto-oprema.com\/hr\/wp-json\/wp\/v2\/media?parent=171495"}],"wp:term":[{"taxonomy":"brand","embeddable":true,"href":"https:\/\/moto-oprema.com\/hr\/wp-json\/wp\/v2\/brand?post=171495"},{"taxonomy":"gender","embeddable":true,"href":"https:\/\/moto-oprema.com\/hr\/wp-json\/wp\/v2\/gender?post=171495"},{"taxonomy":"product_brand","embeddable":true,"href":"https:\/\/moto-oprema.com\/hr\/wp-json\/wp\/v2\/product_brand?post=171495"},{"taxonomy":"product_cat","embeddable":true,"href":"https:\/\/moto-oprema.com\/hr\/wp-json\/wp\/v2\/product_cat?post=171495"},{"taxonomy":"product_tag","embeddable":true,"href":"https:\/\/moto-oprema.com\/hr\/wp-json\/wp\/v2\/product_tag?post=171495"}],"curies":[{"name":"wp","href":"https:\/\/api.w.org\/{rel}","templated":true}]}}