{"id":169749,"date":"2025-10-13T08:00:53","date_gmt":"2025-10-13T08:00:53","guid":{"rendered":"https:\/\/moto-oprema.com\/?post_type=product&#038;p=169749"},"modified":"2025-10-13T08:07:44","modified_gmt":"2025-10-13T08:07:44","slug":"fox-180-mx-hlace-kolekcija-plave-kopija-2","status":"publish","type":"product","link":"https:\/\/moto-oprema.com\/hr\/Artikel\/fox-180-mx-hlace-kolekcija-plave-kopija-2\/","title":{"rendered":"FOX 180 MX HLA\u010cE KOLEKCIJA PLAVO-ROZI\u010cASTE"},"content":{"rendered":"<p>Hla\u010de FOX 180 Collect idealan su izbor za kori\u0161tenje na va\u0161em motocross motoru. Prijelaz od po\u010detnika do iskusnog profesionalca nije lak zadatak. Natjecateljska odje\u0107a 180 razvijena je kako bi podr\u017eala ove natjecatelje.  <\/p>\n<p>Hla\u010de 180 imaju FOX Rider Attack Position (RAP\u2122) tehnologiju za pove\u0107anu udobnost i optimalno pristajanje u polo\u017eaju vo\u017enje. Ovaj artikulirani kroj, u kombinaciji s TruMotion\u00ae rastezljivim panelima, omogu\u0107uje fleksibilnost i prirodnije kretanje na biciklu. Radi trajnosti, hla\u010de su izra\u0111ene od izdr\u017eljivog 600D poliestera na glavnom dijelu. Ko\u017eni umeci otporni na toplinu i habanje na obje noge pru\u017eaju dodatno oja\u010danje na najkriti\u010dnijim podru\u010djima habanja.   <\/p>\n<p>Sastav sirovine:<\/p>\n<p>Gornji materijal: 83% poliester, 12% poliamid\/najlon, 4% ko\u017ea, 1% elastan<br \/>\n Podstava: 100% poliester<\/p>\n","protected":false},"excerpt":{"rendered":"<p>Hla\u010de FOX 180 Collect idealan su izbor za kori\u0161tenje na va\u0161em motocross motoru. Prijelaz od po\u010detnika&#8230;<\/p>\n","protected":false},"featured_media":169773,"comment_status":"open","ping_status":"closed","template":"","meta":{"_acf_changed":false},"brand":[2738],"gender":[2167],"product_brand":[],"product_cat":[2737,2733],"product_tag":[],"class_list":{"0":"post-169749","1":"product","2":"type-product","3":"status-publish","4":"has-post-thumbnail","6":"brand-fox-hr","7":"gender-moski-en","8":"product_cat-mx-hlace-hr","9":"product_cat-oprema-za-motokros","10":"pa_size-30-hr","11":"pa_size-32-hr","12":"pa_size-34-hr","13":"pa_size-36-hr","14":"pa_size-38-hr","15":"pa_size-40-hr","16":"pa_size-42-hr","17":"pa_size-44-hr","19":"first","20":"instock","21":"taxable","22":"shipping-taxable","23":"purchasable","24":"product-type-variable"},"acf":[],"_links":{"self":[{"href":"https:\/\/moto-oprema.com\/hr\/wp-json\/wp\/v2\/product\/169749","targetHints":{"allow":["GET"]}}],"collection":[{"href":"https:\/\/moto-oprema.com\/hr\/wp-json\/wp\/v2\/product"}],"about":[{"href":"https:\/\/moto-oprema.com\/hr\/wp-json\/wp\/v2\/types\/product"}],"replies":[{"embeddable":true,"href":"https:\/\/moto-oprema.com\/hr\/wp-json\/wp\/v2\/comments?post=169749"}],"wp:featuredmedia":[{"embeddable":true,"href":"https:\/\/moto-oprema.com\/hr\/wp-json\/wp\/v2\/media\/169773"}],"wp:attachment":[{"href":"https:\/\/moto-oprema.com\/hr\/wp-json\/wp\/v2\/media?parent=169749"}],"wp:term":[{"taxonomy":"brand","embeddable":true,"href":"https:\/\/moto-oprema.com\/hr\/wp-json\/wp\/v2\/brand?post=169749"},{"taxonomy":"gender","embeddable":true,"href":"https:\/\/moto-oprema.com\/hr\/wp-json\/wp\/v2\/gender?post=169749"},{"taxonomy":"product_brand","embeddable":true,"href":"https:\/\/moto-oprema.com\/hr\/wp-json\/wp\/v2\/product_brand?post=169749"},{"taxonomy":"product_cat","embeddable":true,"href":"https:\/\/moto-oprema.com\/hr\/wp-json\/wp\/v2\/product_cat?post=169749"},{"taxonomy":"product_tag","embeddable":true,"href":"https:\/\/moto-oprema.com\/hr\/wp-json\/wp\/v2\/product_tag?post=169749"}],"curies":[{"name":"wp","href":"https:\/\/api.w.org\/{rel}","templated":true}]}}