{"id":169274,"date":"2025-10-10T10:52:12","date_gmt":"2025-10-10T10:52:12","guid":{"rendered":"https:\/\/moto-oprema.com\/?post_type=product&#038;p=169274"},"modified":"2025-10-10T10:56:51","modified_gmt":"2025-10-10T10:56:51","slug":"fox-180-mx-dres-kolekcija-plava-kopija","status":"publish","type":"product","link":"https:\/\/moto-oprema.com\/hr\/Artikel\/fox-180-mx-dres-kolekcija-plava-kopija\/","title":{"rendered":"FOX 180 MX DRES KOLEKCIJA PLAVO-ROZI\u010cASTI"},"content":{"rendered":"<p>Dres FOX 180 Air Collect nudi sve bitne zna\u010dajke koje su vam potrebne za vo\u017enju i idealan je komplet za svakoga tko prelazi s po\u010detnika na iskusnog naprednog voza\u010da. Dres 180 izra\u0111en je od tkanine koja odvodi vlagu i prozra\u010dnih mre\u017eastih panela kako biste bili hladni, suhi i udobni, dok spu\u0161teni naslon osigurava da dres ostane uvu\u010den tijekom cijele vo\u017enje. <\/p>\n<p>Zna\u010dajke:<br \/>\n 1. Tkanina koja odvodi vlagu pru\u017ea mekan i lagan kroj te odvodi znoj s tijela kako biste ostali suhi<br \/>\n 2. Umetci od mre\u017easte ventilacije pove\u0107avaju prozra\u010dnost i protok zraka<br \/>\n 3. Mre\u017easti ovratnik i man\u017eete pobolj\u0161avaju pristajanje i udobnost<br \/>\n 4. grafi\u010dke plo\u010de s termosublimacijom ili sublimacijom za bogate, \u017eive boje<br \/>\n 5. Dizajn spu\u0161tenog repa dr\u017ei majicu uvu\u010denom u kratke hla\u010de<\/p>\n","protected":false},"excerpt":{"rendered":"","protected":false},"featured_media":169296,"comment_status":"open","ping_status":"closed","template":"","meta":{"_acf_changed":false},"brand":[2738],"gender":[2168],"product_brand":[],"product_cat":[2746,2733],"product_tag":[],"class_list":{"0":"post-169274","1":"product","2":"type-product","3":"status-publish","4":"has-post-thumbnail","6":"brand-fox-hr","7":"gender-moski-de","8":"product_cat-mx-dresovi","9":"product_cat-oprema-za-motokros","10":"pa_size-2xl-hr","11":"pa_size-l-hr","12":"pa_size-m-hr","13":"pa_size-s-hr","14":"pa_size-xl-hr","16":"first","17":"instock","18":"taxable","19":"shipping-taxable","20":"purchasable","21":"product-type-variable"},"acf":[],"_links":{"self":[{"href":"https:\/\/moto-oprema.com\/hr\/wp-json\/wp\/v2\/product\/169274","targetHints":{"allow":["GET"]}}],"collection":[{"href":"https:\/\/moto-oprema.com\/hr\/wp-json\/wp\/v2\/product"}],"about":[{"href":"https:\/\/moto-oprema.com\/hr\/wp-json\/wp\/v2\/types\/product"}],"replies":[{"embeddable":true,"href":"https:\/\/moto-oprema.com\/hr\/wp-json\/wp\/v2\/comments?post=169274"}],"wp:featuredmedia":[{"embeddable":true,"href":"https:\/\/moto-oprema.com\/hr\/wp-json\/wp\/v2\/media\/169296"}],"wp:attachment":[{"href":"https:\/\/moto-oprema.com\/hr\/wp-json\/wp\/v2\/media?parent=169274"}],"wp:term":[{"taxonomy":"brand","embeddable":true,"href":"https:\/\/moto-oprema.com\/hr\/wp-json\/wp\/v2\/brand?post=169274"},{"taxonomy":"gender","embeddable":true,"href":"https:\/\/moto-oprema.com\/hr\/wp-json\/wp\/v2\/gender?post=169274"},{"taxonomy":"product_brand","embeddable":true,"href":"https:\/\/moto-oprema.com\/hr\/wp-json\/wp\/v2\/product_brand?post=169274"},{"taxonomy":"product_cat","embeddable":true,"href":"https:\/\/moto-oprema.com\/hr\/wp-json\/wp\/v2\/product_cat?post=169274"},{"taxonomy":"product_tag","embeddable":true,"href":"https:\/\/moto-oprema.com\/hr\/wp-json\/wp\/v2\/product_tag?post=169274"}],"curies":[{"name":"wp","href":"https:\/\/api.w.org\/{rel}","templated":true}]}}