{"id":168946,"date":"2025-10-10T09:42:02","date_gmt":"2025-10-10T09:42:02","guid":{"rendered":"https:\/\/moto-oprema.com\/?post_type=product&#038;p=168946"},"modified":"2025-10-10T09:48:48","modified_gmt":"2025-10-10T09:48:48","slug":"fox-mx-dres-flexair-fracture-mint-green-kopija","status":"publish","type":"product","link":"https:\/\/moto-oprema.com\/hr\/Artikel\/fox-mx-dres-flexair-fracture-mint-green-kopija\/","title":{"rendered":"FOX MX DRES FLEXAIR FRACTURE BIJELI CRNI"},"content":{"rendered":"<p>Flexair Motocross dres je prakti\u010dki kao druga ko\u017ea. Izra\u0111en je od laganih i elasti\u010dnih materijala koji se lako prilago\u0111avaju svim pokretima tijela i nude neusporedivo iskustvo vo\u017enje. <\/p>\n<p>TruDri\u00ae vanjska tkanina pru\u017ea mekan, lagan kroj i odvodi znoj s tijela kako biste ostali suhi. Active Fit rukavi za pobolj\u0161anu prozra\u010dnost i cirkulaciju. Zalijepljeni ovratnik smanjuje trenje i smanjuje te\u017einu, dok zalijepljene rastezljive man\u017eete stvaraju uski, sportski kroj za maksimalnu udobnost.  <\/p>\n<p>Koriste ga najbolji svjetski motokros sporta\u0161i u najte\u017eim uvjetima.<\/p>\n<p>Materijal: 100% poliester<\/p>\n","protected":false},"excerpt":{"rendered":"<p>Fox Flexair MX dres.<\/p>\n","protected":false},"featured_media":168966,"comment_status":"open","ping_status":"closed","template":"","meta":{"_acf_changed":false},"brand":[2738],"gender":[2167],"product_brand":[],"product_cat":[2746,2733],"product_tag":[],"class_list":{"0":"post-168946","1":"product","2":"type-product","3":"status-publish","4":"has-post-thumbnail","6":"brand-fox-hr","7":"gender-moski-en","8":"product_cat-mx-dresovi","9":"product_cat-oprema-za-motokros","10":"pa_size-l-hr","11":"pa_size-m-hr","12":"pa_size-xl-hr","14":"first","15":"instock","16":"taxable","17":"shipping-taxable","18":"purchasable","19":"product-type-variable"},"acf":[],"_links":{"self":[{"href":"https:\/\/moto-oprema.com\/hr\/wp-json\/wp\/v2\/product\/168946","targetHints":{"allow":["GET"]}}],"collection":[{"href":"https:\/\/moto-oprema.com\/hr\/wp-json\/wp\/v2\/product"}],"about":[{"href":"https:\/\/moto-oprema.com\/hr\/wp-json\/wp\/v2\/types\/product"}],"replies":[{"embeddable":true,"href":"https:\/\/moto-oprema.com\/hr\/wp-json\/wp\/v2\/comments?post=168946"}],"wp:featuredmedia":[{"embeddable":true,"href":"https:\/\/moto-oprema.com\/hr\/wp-json\/wp\/v2\/media\/168966"}],"wp:attachment":[{"href":"https:\/\/moto-oprema.com\/hr\/wp-json\/wp\/v2\/media?parent=168946"}],"wp:term":[{"taxonomy":"brand","embeddable":true,"href":"https:\/\/moto-oprema.com\/hr\/wp-json\/wp\/v2\/brand?post=168946"},{"taxonomy":"gender","embeddable":true,"href":"https:\/\/moto-oprema.com\/hr\/wp-json\/wp\/v2\/gender?post=168946"},{"taxonomy":"product_brand","embeddable":true,"href":"https:\/\/moto-oprema.com\/hr\/wp-json\/wp\/v2\/product_brand?post=168946"},{"taxonomy":"product_cat","embeddable":true,"href":"https:\/\/moto-oprema.com\/hr\/wp-json\/wp\/v2\/product_cat?post=168946"},{"taxonomy":"product_tag","embeddable":true,"href":"https:\/\/moto-oprema.com\/hr\/wp-json\/wp\/v2\/product_tag?post=168946"}],"curies":[{"name":"wp","href":"https:\/\/api.w.org\/{rel}","templated":true}]}}