{"id":168555,"date":"2025-10-09T08:09:59","date_gmt":"2025-10-09T08:09:59","guid":{"rendered":"https:\/\/moto-oprema.com\/?post_type=product&#038;p=168555"},"modified":"2025-10-09T08:15:25","modified_gmt":"2025-10-09T08:15:25","slug":"alpinestars-gp-force-v2-kozna-jakna-crna-fluo-crvena-kopija","status":"publish","type":"product","link":"https:\/\/moto-oprema.com\/hr\/Artikel\/alpinestars-gp-force-v2-kozna-jakna-crna-fluo-crvena-kopija\/","title":{"rendered":"ALPINESTARS GP FORCE V2 KO\u017dNA JAKNA CRNO-BIJELA"},"content":{"rendered":"<p>Ko\u017ena jakna GP Force v2 je svestrana jakna optimizirana za sport i vo\u017enju motocikla bez odje\u0107e. Izra\u0111ena je od vrhunske mekane kravlje ko\u017ee za nenadma\u0161nu otpornost na habanje. Jakna kombinira agresivan stil s fleksibilnom konstrukcijom kako bi stvorila jaknu koja pru\u017ea iznimnu za\u0161titu i udobnost. Opremljena je niskoprofilnim Nucleon Flex Plus \u0161titnicima za ramena, GP Lite Evo DFS (Dynamic Friction Shield) na ramenima i Nucleon PLASMA Plus \u0161titnicima za laktove, koji pru\u017eaju naprednu za\u0161titu od udara, a istovremeno su izuzetno lagani i fleksibilni.   <\/p>\n<p>&nbsp;<\/p>\n<ul>\n<li>Sportski kroj: dizajniran za najvi\u0161u razinu za\u0161tite tijekom aktivne vo\u017enje i vrlo udobno pristajanje.<\/li>\n<li>Spremno za Tech-Air\u00ae.<\/li>\n<li>Visoko rastezljive plo\u010de: HRSF rastezljive plo\u010de strate\u0161ki su postavljene na klju\u010dnim podru\u010djima za optimalnu otpornost na habanje, lako\u0107u i ve\u0107u slobodu kretanja tijekom vo\u017enje.<\/li>\n<li>Klima: Opremljena bo\u010dnim otvorima za ventilaciju s patentnim zatvara\u010dem i odvojivim termalnim prslukom (80 g) za izravan protok hladnog zraka ili dodatnu toplinu u razli\u010ditim vremenskim uvjetima.<\/li>\n<li>Udoban dizajn man\u017eeta: Ko\u017ene man\u017eete s ergonomskim dizajnom osiguravaju maksimalnu udobnost tijekom vo\u017enje.<\/li>\n<li>Prethodno oblikovani laktovi: Dizajnirani s prethodno oblikovanim laktovima za smanjeni umor voza\u010da na cesti ili stazi i pove\u0107anu udobnost.<\/li>\n<\/ul>\n<p>Opis<\/p>\n<ul>\n<li>Mekana kravlja ko\u017ea, vi\u0161eslojna konstrukcija za \u010dvrsto\u0107u, udobnost i vrhunsku otpornost na habanje.<\/li>\n<li>Strate\u0161ki postavljeni umetci od rastezljivog materijala dizajnirani su kako bi se prilagodili Alpinestars sustavu zra\u010dnih jastuka, omogu\u0107uju\u0107i mu da se pro\u0161iri kada se zra\u010dni jastuk napuhne, nude\u0107i visoku razinu anatomskih performansi i vrhunsko pristajanje prilikom vo\u017enje bez instaliranog sustava.<\/li>\n<li>Ugra\u0111eni jezi\u010dci za pode\u0161avanje struka za optimalno pristajanje, s mekim tkaninskim ovratnikom za udobnost.<\/li>\n<li>Skriveni d\u017eepovi za elegantan izgled, s vodootpornim unutarnjim d\u017eepom za sigurno pohranjivanje osnovnih stvari.<\/li>\n<\/ul>\n<p>Sigurnost:<\/p>\n<ul>\n<li>Niskoprofilni \u0161titnici za ramena Nucleon Flex Plus Level 1 za u\u010dinkovitu za\u0161titu od udara.<\/li>\n<li>GP Lite Evo DFS (Dynamic Friction Shield) na ramenima za dodatnu za\u0161titu na klju\u010dnom podru\u010dju.<\/li>\n<li>Nucleon PLASMA Plus \u0161titnici za laktove razine 1 za vrhunsku za\u0161titu od udaraca, a istovremeno pru\u017eaju vrhunsku lako\u0107u i fleksibilnost.<\/li>\n<li>Pretinac za \u0161titnike za prsa dizajniran je za smje\u0161taj Alpinestarsovih split \u0161titnika za prsa, dostupnih kao dodatna oprema, dok stra\u017enji d\u017eep mo\u017ee primiti duge i obi\u010dne ulo\u0161ke za \u0161titnike za le\u0111a.<\/li>\n<li>Prema europskom zakonodavstvu, oznaka CE je uvjet uskla\u0111enosti za stavljanje ovog proizvoda na tr\u017ei\u0161te. Primjenjuju se sljede\u0107i standardi: Potpuno CE certificirana motociklisti\u010dka odje\u0107a u skladu s CE standardima &#8211; Kategorija II EN17092 &#8211; Klasa AA. <\/li>\n<\/ul>\n","protected":false},"excerpt":{"rendered":"<p>Boja: crno-bijela<\/p>\n","protected":false},"featured_media":168581,"comment_status":"open","ping_status":"closed","template":"","meta":{"_acf_changed":false},"brand":[2748],"gender":[2167],"product_brand":[],"product_cat":[2759,1356],"product_tag":[],"class_list":{"0":"post-168555","1":"product","2":"type-product","3":"status-publish","4":"has-post-thumbnail","6":"brand-alpinestars-hr","7":"gender-moski-en","8":"product_cat-jakne-hr","9":"product_cat-motociklisticka-oprema","10":"pa_size-48-hr","11":"pa_size-50-hr","12":"pa_size-52-hr","13":"pa_size-54-hr","14":"pa_size-56-hr","15":"pa_size-58-hr","16":"pa_size-60-hr","18":"first","19":"instock","20":"sale","21":"taxable","22":"shipping-taxable","23":"purchasable","24":"product-type-variable"},"acf":[],"_links":{"self":[{"href":"https:\/\/moto-oprema.com\/hr\/wp-json\/wp\/v2\/product\/168555","targetHints":{"allow":["GET"]}}],"collection":[{"href":"https:\/\/moto-oprema.com\/hr\/wp-json\/wp\/v2\/product"}],"about":[{"href":"https:\/\/moto-oprema.com\/hr\/wp-json\/wp\/v2\/types\/product"}],"replies":[{"embeddable":true,"href":"https:\/\/moto-oprema.com\/hr\/wp-json\/wp\/v2\/comments?post=168555"}],"wp:featuredmedia":[{"embeddable":true,"href":"https:\/\/moto-oprema.com\/hr\/wp-json\/wp\/v2\/media\/168581"}],"wp:attachment":[{"href":"https:\/\/moto-oprema.com\/hr\/wp-json\/wp\/v2\/media?parent=168555"}],"wp:term":[{"taxonomy":"brand","embeddable":true,"href":"https:\/\/moto-oprema.com\/hr\/wp-json\/wp\/v2\/brand?post=168555"},{"taxonomy":"gender","embeddable":true,"href":"https:\/\/moto-oprema.com\/hr\/wp-json\/wp\/v2\/gender?post=168555"},{"taxonomy":"product_brand","embeddable":true,"href":"https:\/\/moto-oprema.com\/hr\/wp-json\/wp\/v2\/product_brand?post=168555"},{"taxonomy":"product_cat","embeddable":true,"href":"https:\/\/moto-oprema.com\/hr\/wp-json\/wp\/v2\/product_cat?post=168555"},{"taxonomy":"product_tag","embeddable":true,"href":"https:\/\/moto-oprema.com\/hr\/wp-json\/wp\/v2\/product_tag?post=168555"}],"curies":[{"name":"wp","href":"https:\/\/api.w.org\/{rel}","templated":true}]}}