{"id":167083,"date":"2025-10-06T07:32:30","date_gmt":"2025-10-06T07:32:30","guid":{"rendered":"https:\/\/moto-oprema.com\/?post_type=product&#038;p=167083"},"modified":"2025-10-06T08:00:06","modified_gmt":"2025-10-06T08:00:06","slug":"alpinestars-andes-v4-drystar-jakna-crna-kopija","status":"publish","type":"product","link":"https:\/\/moto-oprema.com\/hr\/Artikel\/alpinestars-andes-v4-drystar-jakna-crna-kopija\/","title":{"rendered":"ALPINESTARS ANDES V4 DRYSTAR JAKNA TAMNOPLAVA"},"content":{"rendered":"<p>Jakna Andes v4 Drystar\u00ae kombinira naprednu funkcionalnost s elegantnim, suvremenim stilom koji \u0107e avanturisti\u010dki i svakodnevni voza\u010di cijeniti zbog prakti\u010dnosti i performansi u svim vremenskim uvjetima. Alpinestars Drystar\u00ae konstrukcija pru\u017ea 100% vodootpornu za\u0161titu i prozra\u010dnost za vo\u017enju u svim vremenskim uvjetima. Jakna ima velike rastezljive softshell panele za mobilnost i ripstop oja\u010danja na klju\u010dnim podru\u010djima za dodatnu izdr\u017eljivost. S uklonjivom, dugotrajnom termalnom podstavom, izravnom ventilacijom prsa i preklopljenim kop\u010danjem na le\u0111ima za cirkulaciju zraka, Andes v4 je izra\u0111ena za udobnost vo\u017enje. Jakna je tako\u0111er Tech-Air\u00ae Ready i opremljena je CE Level 1 Nucleon Flex Plus za\u0161titom za pobolj\u0161anu za\u0161titu od udara.    <\/p>\n<p>Svestranost za sve terene: izra\u0111ena od mje\u0161avine oja\u010dane 450D poliesterske tkanine i ripstop tkanine za iznimnu izdr\u017eljivost.<\/p>\n<p>Drystar\u00ae membrana: osigurava 100% vodootpornost u mokrim uvjetima.<\/p>\n<p>U\u010dinkovita ventilacija: pove\u0107ani otvori za izravnu ventilaciju za pobolj\u0161anu cirkulaciju zraka, dizajnirani za optimalnu cirkulaciju zraka tijekom vo\u017enje.<\/p>\n<p>Ergonomski kroj: fleksibilan kroj s podesivim naramenicama, ovratnikom s vezicom, gumbima za biceps, remenima za podlaktice, kop\u010dama za zglobove, produ\u017eenim rubom s ve\u0107om pokriveno\u0161\u0107u na le\u0111ima za udobnost i om\u010dom za pi\u0107e na prsima.<\/p>\n<p>Prakti\u010dna pohrana: vi\u0161e vodootpornih (WP) i vodoodbojnih (WR) d\u017eepova, uklju\u010duju\u0107i dva unutarnja d\u017eepa i veliki stra\u017enji d\u017eep.<\/p>\n<p>Za\u0161tita od udaraca: s CE Level 1 Nucleon Flex Plus \u0161titnicima za ramena i laktove za udobnu za\u0161titu od udaraca.<\/p>\n<p>S naprednom poliesterskom i Drystar\u00ae konstrukcijom za izdr\u017eljivu vodootpornost i udobnost u svim uvjetima.<\/p>\n<p>Izdr\u017eljiva ripstop i PU oja\u010danja na podru\u010djima najve\u0107eg optere\u0107enja (ramena, laktovi i podlaktice) za dodatnu izdr\u017eljivost.<\/p>\n<p>Unaprijed oblikovani rukavi s rastezljivim umetcima za ve\u0107u fleksibilnost.<\/p>\n<p>Pro\u0161ireni direktni zra\u010dni kanali za pove\u0107ani protok zraka.<\/p>\n<p>Uklonjiva termo podstava s dugim rukavima (100 g tijelo, 80 g rukavi) za potpunu za\u0161titu od vremenskih uvjeta.<\/p>\n<p>Ugra\u0111eni d\u017eepovi na prsima i le\u0111ima spremni za Nucleon PLASMA ili cellular \u0161titnike za le\u0111a\/prsa, dostupni kao dodatna oprema.<\/p>\n<p>Opremljen s vi\u0161e vodootpornih i vodootpornih d\u017eepova, uklju\u010duju\u0107i veliki vodootporni stra\u017enji d\u017eep i vodootporne d\u017eepove za prtljagu s integriranim d\u017eepom za brzi pristup, nude\u0107i dovoljno prostora za prakti\u010dna avanturisti\u010dka putovanja i potrebe putovanja na posao.<\/p>\n<p>Vodootporni VISLON\u00ae patentni zatvara\u010d za brzo zatvaranje sprijeda.<\/p>\n<p>Reflektiraju\u0107i umetci za bolju vidljivost voza\u010da u uvjetima slabog osvjetljenja.<\/p>\n<p>Tech-Air\u00ae Ready: Razvijen za no\u0161enje s Alpinestars Tech-Air\u00ae sustavima zra\u010dnih jastuka.<\/p>\n<p>CE razina 1 EN1621-1:2012 Nucleon Flex Plus \u0161titnici za ramena i laktove.<\/p>\n<p>&nbsp;<\/p>\n<p>Prema europskom zakonodavstvu, oznaka CE je uvjet sukladnosti za stavljanje ovog proizvoda na tr\u017ei\u0161te. Za ovaj proizvod primjenjuju se sljede\u0107i standardi:<\/p>\n<p>Potpuno CE certificirana motociklisti\u010dka odje\u0107a u skladu s CE standardom kategorije II EN17092-4: 2020 &#8211; Klasa A.<\/p>\n<p>&nbsp;<\/p>\n","protected":false},"excerpt":{"rendered":"<p>Jakna Andes v4 Drystar\u00ae kombinira naprednu funkcionalnost s elegantnim, suvremenim stilom koji \u0107e avanturisti\u010dki i svakodnevni&#8230;<\/p>\n","protected":false},"featured_media":167117,"comment_status":"open","ping_status":"closed","template":"","meta":{"_acf_changed":false},"brand":[2748],"gender":[],"product_brand":[],"product_cat":[2759,1356,2761],"product_tag":[],"class_list":{"0":"post-167083","1":"product","2":"type-product","3":"status-publish","4":"has-post-thumbnail","6":"brand-alpinestars-hr","7":"product_cat-jakne-hr","8":"product_cat-motociklisticka-oprema","9":"product_cat-tekstilne-jakne-hr","10":"pa_velikost-st-3xl-hr","11":"pa_velikost-st-4xl-hr","12":"pa_velikost-st-5xl-hr","13":"pa_velikost-st-l-hr","14":"pa_velikost-st-m-hr","15":"pa_velikost-st-s-hr","16":"pa_velikost-st-xl-hr","17":"pa_velikost-st-xxl-hr","19":"first","20":"onbackorder","21":"sale","22":"taxable","23":"shipping-taxable","24":"purchasable","25":"product-type-variable"},"acf":[],"_links":{"self":[{"href":"https:\/\/moto-oprema.com\/hr\/wp-json\/wp\/v2\/product\/167083","targetHints":{"allow":["GET"]}}],"collection":[{"href":"https:\/\/moto-oprema.com\/hr\/wp-json\/wp\/v2\/product"}],"about":[{"href":"https:\/\/moto-oprema.com\/hr\/wp-json\/wp\/v2\/types\/product"}],"replies":[{"embeddable":true,"href":"https:\/\/moto-oprema.com\/hr\/wp-json\/wp\/v2\/comments?post=167083"}],"wp:featuredmedia":[{"embeddable":true,"href":"https:\/\/moto-oprema.com\/hr\/wp-json\/wp\/v2\/media\/167117"}],"wp:attachment":[{"href":"https:\/\/moto-oprema.com\/hr\/wp-json\/wp\/v2\/media?parent=167083"}],"wp:term":[{"taxonomy":"brand","embeddable":true,"href":"https:\/\/moto-oprema.com\/hr\/wp-json\/wp\/v2\/brand?post=167083"},{"taxonomy":"gender","embeddable":true,"href":"https:\/\/moto-oprema.com\/hr\/wp-json\/wp\/v2\/gender?post=167083"},{"taxonomy":"product_brand","embeddable":true,"href":"https:\/\/moto-oprema.com\/hr\/wp-json\/wp\/v2\/product_brand?post=167083"},{"taxonomy":"product_cat","embeddable":true,"href":"https:\/\/moto-oprema.com\/hr\/wp-json\/wp\/v2\/product_cat?post=167083"},{"taxonomy":"product_tag","embeddable":true,"href":"https:\/\/moto-oprema.com\/hr\/wp-json\/wp\/v2\/product_tag?post=167083"}],"curies":[{"name":"wp","href":"https:\/\/api.w.org\/{rel}","templated":true}]}}