{"id":166682,"date":"2025-09-26T08:54:55","date_gmt":"2025-09-26T08:54:55","guid":{"rendered":"https:\/\/moto-oprema.com\/?post_type=product&#038;p=166682"},"modified":"2025-09-26T09:02:38","modified_gmt":"2025-09-26T09:02:38","slug":"alpinestars-nazca-3l-gore-tex-pro-jakna-tamno-srednje-siva-kopija","status":"publish","type":"product","link":"https:\/\/moto-oprema.com\/hr\/Artikel\/alpinestars-nazca-3l-gore-tex-pro-jakna-tamno-srednje-siva-kopija\/","title":{"rendered":"ALPINESTARS NAZCA 3L GORE-TEX PRO HLA\u010cE TAMNO SIVE CRNE"},"content":{"rendered":"<p>Hla\u010de Nazca GORE-TEX PRO, novi dodatak Alpinestarsovoj All Terra liniji, stvorene su za ekstremna avanturisti\u010dka putovanja. Dizajnirane za izdr\u017eljivost, otpornost na habanje i vrhunsku regulaciju temperature, ove hla\u010de se lako prilago\u0111avaju najte\u017eim uvjetima na cesti i izvan nje. <\/p>\n<p>S troslojnom GORE-TEX PRO laminiranom membranom, Superfabric\u00ae oja\u010danjima i naprednom ventilacijom, hla\u010de nude iznimnu za\u0161titu i udobnost u svim vremenskim uvjetima. Dizajnirane za mobilnost, funkcionalnost i prilago\u0111eno kroj za avanturu, hla\u010de Nazca nude prakti\u010dne zna\u010dajke poput magnetskih kop\u010di, podesivog volumena na bokovima, vodootpornih d\u017eepova i kompatibilnosti s ortozama za koljena. <\/p>\n<p>Opremljene Nucleon PLASMA Pro CE \u0161titnicima za koljena razine 2 i Nucleon Bio-Flex \u0161titnicima za bokove razine 1, koji pru\u017eaju u\u010dinkovitu za\u0161titu od udara, hla\u010de Nazca GORE-TEX dizajnirane su za izdr\u017eljive, robusne performanse i vrhunsku za\u0161titu u svim vremenskim uvjetima i na svim terenima, tako da mo\u017eete u\u017eivati \u200b\u200bu vo\u017enji. <\/p>\n<p>Laminirana GORE-TEX PRO 3L membrana pru\u017ea vodootpornost, otpornost na vjetar i prozra\u010dnost tijekom cijele godine, odr\u017eavaju\u0107i voza\u010de suhima i udobnima u svim vremenskim uvjetima. Visoko otporna i prozra\u010dna GORE-TEX PRO 3L membrana odbija ki\u0161u, a istovremeno omogu\u0107uje isparavanje znoja, sprje\u010davaju\u0107i hladno\u0107u od vjetra i odr\u017eavaju\u0107i voza\u010de udobnima u promjenjivim klimatskim uvjetima &#8211; \u010dak i po jakoj ki\u0161i, jakom vjetru i snje\u017enim uvjetima. <\/p>\n<p>Laminirana GORE-TEX PRO 3L membrana bez PFAS-a osigurava vodootpornost&gt; 28 km\/m i visoko disanje s RET koeficijentom&lt; 20m2Pa\/W, \u0161to osigurava maksimalnu udobnost u raznim klimatskim uvjetima.<\/p>\n<p>Sa strate\u0161ki postavljenim GORE-TEX 3L rastezljivim panelima na klju\u010dnim podru\u010djima kretanja (unutarnja strana bedara, stra\u017enja strana koljena i stra\u017enja strana nogu) za pove\u0107anu fleksibilnost i udobnost tijekom vo\u017enje. Projektirano s visokou\u010dinkovitim Superfabric\u00ae oja\u010danjima na klju\u010dnim podru\u010djima udara, uklju\u010duju\u0107i koljena i potkoljenice, za vrhunsku otpornost na habanje i izdr\u017eljivost. <\/p>\n<p>S velikim patentnim zatvara\u010dima na bedrima i stra\u017enjim otvorima, novi sustav izravne ventilacije hla\u010da poti\u010de stalan protok zraka za hla\u0111enje i ukupnu udobnost. Minimalisti\u010dka unutarnja konstrukcija hla\u010da dizajnirana je kako bi pru\u017eila laganu te\u017einu, pobolj\u0161anu pokretljivost i udobnost. <\/p>\n<p>Ergonomske zna\u010dajke uklju\u010duju podesivi volumen na laktovima, ko\u017ene unutarnje \u0161titnike za koljena i kompatibilnost s ortozama za koljena za optimalno pristajanje i funkcionalnost. Dva vodootporna d\u017eepa nude dovoljno prostora za pohranu avanturisti\u010dke opreme. Jakna ima tkane reflektiraju\u0107e detalje za pove\u0107anu vidljivost voza\u010da u uvjetima slabog osvjetljenja.  <\/p>\n<p>Podesivi Nucleon PLASMA Pro \u0161titnici za koljena razine 2 za visoku za\u0161titu od udara, s prakti\u010dnim unutarnjim d\u017eepovima za \u0161titnike za koljena s 3 polo\u017eaja u unutarnjoj podstavi za individualno prilago\u0111avanje; Nucleon Bio-Flex za\u0161tita na bokovima, \u0161titnici za koljena i bokove ve\u0107 su integrirani u hla\u010de.<\/p>\n<p>Nukleon PLASMA Pro \u0161titnici za koljena razvijeni su kori\u0161tenjem najsuvremenije tehnologije mapiranja tijela kako bi se postigla optimalna ravnote\u017ea izme\u0111u za\u0161tite i fleksibilnosti, te su anatomski dizajnirani za upotrebu s Alpinestars Adventure hla\u010dama.<\/p>\n<p>Kategorija II EN 1621-1:2012 Nucleon PLASMA Pro \u0161titnici razine 2 na koljenima i Nucleon Bio-Flex \u0161titnici razine 1 na kukovima za u\u010dinkovitu za\u0161titu od udara.<\/p>\n<p>Prema europskom zakonodavstvu, oznaka CE je uvjet sukladnosti za stavljanje ovog proizvoda na tr\u017ei\u0161te. Primjenjuju se sljede\u0107i standardi: Potpuno CE certificirana odje\u0107a za jahanje u skladu s CE standardom \u2013 Kategorija II EN17092-3: 2020 \u2013 Klasa AA.<\/p>\n","protected":false},"excerpt":{"rendered":"<p>Hla\u010de Nazca GORE-TEX PRO, novi dodatak Alpinestarsovoj All Terra liniji, stvorene su za ekstremna avanturisti\u010dka putovanja&#8230;.<\/p>\n","protected":false},"featured_media":166875,"comment_status":"open","ping_status":"closed","template":"","meta":{"_acf_changed":false},"brand":[2748],"gender":[2167],"product_brand":[],"product_cat":[2832,1356,2857],"product_tag":[],"class_list":{"0":"post-166682","1":"product","2":"type-product","3":"status-publish","4":"has-post-thumbnail","6":"brand-alpinestars-hr","7":"gender-moski-en","8":"product_cat-hlace-hr","9":"product_cat-motociklisticka-oprema","10":"product_cat-tekstilne-hlace-hr","11":"pa_size-3xl-hr","12":"pa_size-4xl-hr","13":"pa_size-5xl-hr","14":"pa_size-l-hr","15":"pa_size-m-hr","16":"pa_size-s-hr","17":"pa_size-xl-hr","18":"pa_size-xxl-hr","20":"first","21":"instock","22":"sale","23":"taxable","24":"shipping-taxable","25":"purchasable","26":"product-type-variable"},"acf":[],"_links":{"self":[{"href":"https:\/\/moto-oprema.com\/hr\/wp-json\/wp\/v2\/product\/166682","targetHints":{"allow":["GET"]}}],"collection":[{"href":"https:\/\/moto-oprema.com\/hr\/wp-json\/wp\/v2\/product"}],"about":[{"href":"https:\/\/moto-oprema.com\/hr\/wp-json\/wp\/v2\/types\/product"}],"replies":[{"embeddable":true,"href":"https:\/\/moto-oprema.com\/hr\/wp-json\/wp\/v2\/comments?post=166682"}],"wp:featuredmedia":[{"embeddable":true,"href":"https:\/\/moto-oprema.com\/hr\/wp-json\/wp\/v2\/media\/166875"}],"wp:attachment":[{"href":"https:\/\/moto-oprema.com\/hr\/wp-json\/wp\/v2\/media?parent=166682"}],"wp:term":[{"taxonomy":"brand","embeddable":true,"href":"https:\/\/moto-oprema.com\/hr\/wp-json\/wp\/v2\/brand?post=166682"},{"taxonomy":"gender","embeddable":true,"href":"https:\/\/moto-oprema.com\/hr\/wp-json\/wp\/v2\/gender?post=166682"},{"taxonomy":"product_brand","embeddable":true,"href":"https:\/\/moto-oprema.com\/hr\/wp-json\/wp\/v2\/product_brand?post=166682"},{"taxonomy":"product_cat","embeddable":true,"href":"https:\/\/moto-oprema.com\/hr\/wp-json\/wp\/v2\/product_cat?post=166682"},{"taxonomy":"product_tag","embeddable":true,"href":"https:\/\/moto-oprema.com\/hr\/wp-json\/wp\/v2\/product_tag?post=166682"}],"curies":[{"name":"wp","href":"https:\/\/api.w.org\/{rel}","templated":true}]}}