{"id":166567,"date":"2025-09-26T08:46:44","date_gmt":"2025-09-26T08:46:44","guid":{"rendered":"https:\/\/moto-oprema.com\/?post_type=product&#038;p=166567"},"modified":"2025-09-26T08:53:18","modified_gmt":"2025-09-26T08:53:18","slug":"alpinestars-nazca-3l-gore-tex-pro-jakna-smeda-kopija","status":"publish","type":"product","link":"https:\/\/moto-oprema.com\/hr\/Artikel\/alpinestars-nazca-3l-gore-tex-pro-jakna-smeda-kopija\/","title":{"rendered":"ALPINESTARS NAZCA 3L GORE-TEX PRO JAKNA TAMNO SREDNJE SIVA"},"content":{"rendered":"<p>Jakna Nazca GORE-TEX PRO, novi dodatak Alpinestarsovoj All Terra liniji, dizajnirana je za ekstremna avanturisti\u010dka putovanja. Razvijena za maksimalnu izdr\u017eljivost, otpornost na habanje i kontrolu klime, jakna Nazca lako se prilago\u0111ava najekstremnijim uvjetima vo\u017enje na cesti i izvan nje. S troslojnom GORE-TEX PRO laminiranom membranom, Superfabric\u00ae oja\u010danjima, velikim otvorima za izravnu ventilaciju i sredi\u0161njom plo\u010dom za protok zraka s patentnim zatvara\u010dem, jakna Nazca pru\u017ea robusnu za\u0161titu i vrhunsku udobnost. Inovativni ergonomski dizajn jakne, koji uklju\u010duje minimalisti\u010dku unutarnju konstrukciju i napredni sustav pode\u0161avanja volumena u 4 to\u010dke, nudi voza\u010dima prilago\u0111eno pristajanje i pobolj\u0161anu mobilnost. Opremljena ultrafleksibilnom Nucleon PLASMA Pro Level 2 za\u0161titom i Tech-Air\u00ae Ready tehnologijom, jakna Nazca nudi vrhunsku za\u0161titu u svim vremenskim uvjetima i na svim terenima. Ako tra\u017eite jaknu koja nudi robusne performanse i fleksibilnu funkcionalnost, Nazca GORE-TEX PRO je Alpinestarsova ultimativna avanturisti\u010dka jakna koja \u0107e vas odr\u017eati u vo\u017enji.     <\/p>\n<ul>\n<li>Izdr\u017eljivost spremna za avanturu: Razvijena za ekstremne uvjete vo\u017enje, Nazca jakna nudi iznimnu izdr\u017eljivost i otpornost na habanje.<\/li>\n<li>GORE-TEX PRO 3L laminatna konstrukcija: osigurava 100% vodootpornost, otpornost na vjetar i prozra\u010dnost, kao i dugotrajnu izdr\u017eljivost.<\/li>\n<li>Rastezljive GORE-TEX 3L plo\u010de: pove\u0107avaju fleksibilnost i udobnost vo\u017enje, a istovremeno osiguravaju 100% vodootpornost i prozra\u010dnost.<\/li>\n<li>Superfabric\u00ae oja\u010danja: pru\u017eaju vrhunsku otpornost na habanje i rezanje na kriti\u010dnim podru\u010djima kao \u0161to su ramena, bicepsi i laktovi.<\/li>\n<li>Napredni sustav ventilacije: ima \u0161est prednjih otvora za zrak s patentnim zatvara\u010dem i \u010detiri stra\u017enja otvora za optimalan protok zraka u sjede\u0107em i stoje\u0107em polo\u017eaju.<\/li>\n<li>Prednja plo\u010da Superairflow: osigurava kontinuirani protok zraka zahvaljuju\u0107i magnetskom prednjem poklopcu, koji omogu\u0107uje stalnu, neprekidnu prednju ventilaciju za optimalnu udobnost tijekom vo\u017enje.<\/li>\n<li>Ergonomski sustav pode\u0161avanja: Inovativni sustav pode\u0161avanja volumena u 4 to\u010dke pobolj\u0161ava pristajanje, usis i cirkulaciju zraka te ukupnu udobnost.<\/li>\n<li>Vrhunska za\u0161tita od udara: Opremljen visoko podesivim i ventiliranim, CE certificiranim Nucleon PLASMA Pro \u0161titnikom za ramena i laktove razine 2 te umetkom za za\u0161titu le\u0111a za vrhunsku za\u0161titu od udara.<\/li>\n<\/ul>\n<p>Kada kupite GORE-TEX proizvod s Alpinestarsovim obe\u0107anjem \u201eZajam\u010deno da \u0107ete ostati suhi\u201c, dobivate do\u017eivotno jamstvo na vodootpornost od WL Gore &amp; Associates bez dodatnih tro\u0161kova. Nazca GORE-TEX PRO jakna tako\u0111er uklju\u010duje Alpinestarsovo 5-godi\u0161nje produljeno jamstvo protiv nedostataka u izradi i materijalima, koje vrijedi od datuma kupnje uz registraciju i dokaz o kupnji. <\/p>\n<p>S laminiranom GORE-TEX PRO 3L membranom i GORE-TEX 3L rastezljivim panelima koji pru\u017eaju 100% vodootpornost, otpornost na vjetar i prozra\u010dnost, kao i neusporedivu izdr\u017eljivost, Nazca jakna dizajnirana je za dugotrajne performanse tijekom cijele godine u svim vremenskim uvjetima.<\/p>\n<p>Visoko izdr\u017eljiva i prozra\u010dna laminirana GORE-TEX PRO 3L membrana osigurava da voza\u010di ostanu suhi odbijaju\u0107i ki\u0161u i omogu\u0107uju\u0107i isparavanje znoja, sprje\u010davaju\u0107i hladno\u0107u od vjetra i pru\u017eaju\u0107i voza\u010dima udobnost u promjenjivim vremenskim uvjetima, uklju\u010duju\u0107i jake pljuskove i nepovoljne ili \u010dak snje\u017ene uvjete.<\/p>\n<p>Laminirana GORE-TEX PRO 3L membrana bez PFAS-a pru\u017ea za\u0161titu od vodenog stupca&gt; 28 km\/m i visoko disanje s RET koeficijentom&lt; 20m2Pa\/W za ve\u0107u udobnost.<\/p>\n<p>S sna\u017enim Superfabric\u00ae oja\u010danjima strate\u0161ki postavljenim na va\u017enim podru\u010djima udara (ramena, bicepsi i laktovi), jakna nudi optimalnu fleksibilnost, za\u0161titu od habanja i posjekotina te izdr\u017eljivost odje\u0107e.<\/p>\n<p>Novi Nazca sustav direktne ventilacije s velikim patentnim zatvara\u010dima na prednjim rukavima i bicepsima, zajedno sa stra\u017enjim otvorima za zrak, osigurava stalan protok zraka.<\/p>\n<p>Prednji dio Superairflow ima magnetsku kop\u010du koja osigurava kontinuiranu ventilaciju sprijeda za voza\u010da i maksimalnu udobnost.<\/p>\n<p>Minimalisti\u010dka unutarnja konstrukcija jakne dizajnirana je za lako\u0107u i pobolj\u0161anu pokretljivost, idealna za kombiniranje s Tech-Air\u00ae Off-Road ili Thermos slojevima za toplinu u hladnim uvjetima.<\/p>\n<p>Ergonomski dizajnirana Nazca jakna ima ugra\u0111eni sustav pode\u0161avanja u 4 to\u010dke i produ\u017eetke na le\u0111ima i ramenima za bolju slobodu kretanja i smanjeno naprezanje le\u0111a, osiguravaju\u0107i vrhunsku udobnost tijekom vo\u017enje.<\/p>\n<p>Jakna je opremljena s dva vodootporna bo\u010dna d\u017eepa, dva vodootporna d\u017eepa na prsima i dva unutarnja d\u017eepa koji vam omogu\u0107uju sigurno pohranjivanje va\u017enih predmeta.<\/p>\n<p>Jakna ima ugra\u0111ene reflektiraju\u0107e detalje za bolju vidljivost voza\u010da u uvjetima slabog osvjetljenja.<\/p>\n<p>Pripremljen za Tech-Air\u00ae i dizajniran za kompatibilnost s Tech-Air\u00ae Off-Road, Tech-Air\u00ae 5, Tech-Air\u00ae 5 PLASMA i samostalnim Tech-Air\u00ae 7x.<\/p>\n<p>Kategorija II EN 1621-1:2012 Razina 2 Nucleon PLASMA Pro za\u0161tita za ramena i laktove za u\u010dinkovitu za\u0161titu od udara.<\/p>\n<p>Prema europskom zakonodavstvu, oznaka CE je uvjet sukladnosti za stavljanje ovog proizvoda na tr\u017ei\u0161te. Primjenjuju se sljede\u0107i standardi:<\/p>\n<p>Potpuno CE certificirana odje\u0107a za jahanje u skladu s CE standardom &#8211; Kategorija II EN17092-3: 2020 &#8211; Klasa AA.<\/p>\n<p>&nbsp;<\/p>\n<p>&nbsp;<\/p>\n","protected":false},"excerpt":{"rendered":"<p>Jakna Nazca GORE-TEX PRO, novi dodatak Alpinestarsovoj All Terra liniji, dizajnirana je za ekstremna avanturisti\u010dka putovanja&#8230;.<\/p>\n","protected":false},"featured_media":166601,"comment_status":"open","ping_status":"closed","template":"","meta":{"_acf_changed":false},"brand":[2748],"gender":[2167],"product_brand":[],"product_cat":[2759,1356,2761],"product_tag":[],"class_list":{"0":"post-166567","1":"product","2":"type-product","3":"status-publish","4":"has-post-thumbnail","6":"brand-alpinestars-hr","7":"gender-moski-en","8":"product_cat-jakne-hr","9":"product_cat-motociklisticka-oprema","10":"product_cat-tekstilne-jakne-hr","11":"pa_size-3xl-hr","12":"pa_size-4xl-hr","13":"pa_size-5xl-hr","14":"pa_size-l-hr","15":"pa_size-m-hr","16":"pa_size-s-hr","17":"pa_size-xl-hr","18":"pa_size-xxl-hr","20":"first","21":"instock","22":"sale","23":"taxable","24":"shipping-taxable","25":"purchasable","26":"product-type-variable"},"acf":[],"_links":{"self":[{"href":"https:\/\/moto-oprema.com\/hr\/wp-json\/wp\/v2\/product\/166567","targetHints":{"allow":["GET"]}}],"collection":[{"href":"https:\/\/moto-oprema.com\/hr\/wp-json\/wp\/v2\/product"}],"about":[{"href":"https:\/\/moto-oprema.com\/hr\/wp-json\/wp\/v2\/types\/product"}],"replies":[{"embeddable":true,"href":"https:\/\/moto-oprema.com\/hr\/wp-json\/wp\/v2\/comments?post=166567"}],"wp:featuredmedia":[{"embeddable":true,"href":"https:\/\/moto-oprema.com\/hr\/wp-json\/wp\/v2\/media\/166601"}],"wp:attachment":[{"href":"https:\/\/moto-oprema.com\/hr\/wp-json\/wp\/v2\/media?parent=166567"}],"wp:term":[{"taxonomy":"brand","embeddable":true,"href":"https:\/\/moto-oprema.com\/hr\/wp-json\/wp\/v2\/brand?post=166567"},{"taxonomy":"gender","embeddable":true,"href":"https:\/\/moto-oprema.com\/hr\/wp-json\/wp\/v2\/gender?post=166567"},{"taxonomy":"product_brand","embeddable":true,"href":"https:\/\/moto-oprema.com\/hr\/wp-json\/wp\/v2\/product_brand?post=166567"},{"taxonomy":"product_cat","embeddable":true,"href":"https:\/\/moto-oprema.com\/hr\/wp-json\/wp\/v2\/product_cat?post=166567"},{"taxonomy":"product_tag","embeddable":true,"href":"https:\/\/moto-oprema.com\/hr\/wp-json\/wp\/v2\/product_tag?post=166567"}],"curies":[{"name":"wp","href":"https:\/\/api.w.org\/{rel}","templated":true}]}}