{"id":166054,"date":"2025-09-23T07:07:07","date_gmt":"2025-09-23T07:07:07","guid":{"rendered":"https:\/\/moto-oprema.com\/?post_type=product&#038;p=166054"},"modified":"2025-09-23T07:18:41","modified_gmt":"2025-09-23T07:18:41","slug":"hjc-rpha-91-sklopivna-kaciga-madal-crvena-mc1-kopija","status":"publish","type":"product","link":"https:\/\/moto-oprema.com\/hr\/Artikel\/hjc-rpha-91-sklopivna-kaciga-madal-crvena-mc1-kopija\/","title":{"rendered":"HJC RPHA 91 SKLOPIVNA KACIGA MADAL CRVENA MC3H"},"content":{"rendered":"<p>RPHA 91 je HJC-ova nova kaciga za putovanja na preklop dizajnirana za cjelodnevnu udobnost. Nova \u0161koljka Premium Integrated Matrix EVO (PIM EVO) nudi pobolj\u0161anu otpornost na udarce i posebno je lagana zahvaljuju\u0107i upotrebi oja\u010davaju\u0107ih materijala kao \u0161to su ugljikov aramid, karbonska vlakna, staklena vlakna, organski flis i lanena vlakna (prirodna vlakna). Novi HJ-37 vizir protiv izobli\u010denja i HJ-V17 vizir za sunce pru\u017eaju voza\u010du jasan i pobolj\u0161an periferni vid. Sustav zaklju\u010davanja \u0161titnika za bradu je usavr\u0161en i sada ima skrivenu to\u010dku zaklju\u010davanja, \u0161to omogu\u0107uje nje\u017ean kontakt i manji pritisak na podru\u010dje obraza. Buka je minimizirana 3D strojno obra\u0111enom tihom unutra\u0161njosti RPHA 91, koja je dizajnirana za zna\u010dajno smanjenje buke. To tako\u0111er uklju\u010duje sustav podstavka za vrat koji osigurava suzbijanje buke. EPS konstrukcija je prikladna za voza\u010de s nao\u010dalama. RPHA 91 je tako\u0111er kompatibilna s drugom generacijom HJC Smart Bluetooth sustava.       <\/p>\n<p>Zna\u010dajke:<\/p>\n<ul>\n<li>  Novi materijal \u0161koljke s uglji\u010dno-aramidnim vlaknima, uglji\u010dnim vlaknima, staklenim vlaknima, organskim netkanim materijalima i prirodnim lanenim vlaknima za pobolj\u0161anu otpornost na udarce te udobniju i lak\u0161u kacigu<\/li>\n<li>  Integrirani \u0161titnik za sunce: premaz protiv zamagljivanja sa zatamnjenim \u0161titnikom brzo se i jednostavno postavlja pomo\u0107u novog operativnog sustava. Novi mehanizam omogu\u0107uje vam pode\u0161avanje dubine u 3 razli\u010dita polo\u017eaja prema va\u0161oj morfologiji i preferencijama za optimalno pristajanje. <\/li>\n<li>  Sustav &#8220;push &amp; release&#8221;: Nova brava vizira je sigurnija i istovremeno lak\u0161a za otpu\u0161tanje<\/li>\n<li>  Visoko razvijena unutarnja podstava osigurava bolji prijenos vlage i brzo su\u0161enje<\/li>\n<li>  Pogodno za osobe koje nose nao\u010dale<\/li>\n<li>  3D oblikovani jastu\u010di\u0107i za obraze<\/li>\n<li>  Reflektiraju\u0107i materijal za sigurnost<\/li>\n<li>  Izmjenjivi jastu\u010di\u0107i za obraze svih veli\u010dina za individualno pode\u0161avanje<\/li>\n<li>  Periva udobna podloga i jastu\u010di\u0107i za obraze<\/li>\n<\/ul>\n<p>Tehni\u010dki podaci:<\/p>\n<ul>\n<li>  Materijal: PIM Evo Composite: ugljik, aramidna vlakna, staklena vlakna i netkane tkanine<\/li>\n<li>  Norma: 22,06<\/li>\n<li>  Zatvaranje: mikrometrijsko zatvaranje s \u010degrtaljkom na jedan dodir<\/li>\n<li>  Vrsta vizira: HJ-40, premaz protiv zamagljivanja<\/li>\n<li>  \u0160titnik za sunce: HJ-V12<\/li>\n<\/ul>\n<p>Prednji otvor za P&amp;J:<\/p>\n<ul>\n<li>  Mogu\u0107nost zaklju\u010davanja podbradnika ako \u017eelite voziti s njim u otvorenom polo\u017eaju za sigurniju vo\u017enju<\/li>\n<li>  Zavjesa za bradu se sklapa prema gore kada je kaciga otvorena radi lak\u0161eg stavljanja i smanjenja otpora vjetra<\/li>\n<li>  Donji sustav zatvaranja automatski se skriva u otvorenom polo\u017eaju kako bi se smanjila buka vjetra i otpor<\/li>\n<li>  Novi dvosmjerno rotiraju\u0107i podbradnik omogu\u0107uje da kaciga bude kompaktnija (ni\u017ea nego prije), a istovremeno otvorena kako bi se smanjila buka vjetra i otpor.<\/li>\n<\/ul>\n<p>Veli\u010dine:<\/p>\n<p>Veli\u010dina kacige\/\u0161titnika za obraze\/\u0161titnika za glavu:<br \/>\n XS (54-55 cm)\/40 mm\/9 mm<br \/>\n S (55-56 cm) \/ 35 mm \/ 12 mm<br \/>\n M (57-58 cm) \/ 35 mm \/ 9 mm<br \/>\n D (58-59 cm) \/ 35 mm \/ 12 mm<br \/>\n XL (60-61 cm)\/35 mm\/12 mm<br \/>\n XXL (62-63 cm)\/25 mm\/7 mm<\/p>\n<p>Uklju\u010deno:<\/p>\n<p>1x HJC RPHA 91 kaciga na preklop<br \/>\n 1x Pinlock<br \/>\n 1x torba za kacigu<\/p>\n","protected":false},"excerpt":{"rendered":"<p>Boja: MC3H<\/p>\n","protected":false},"featured_media":165900,"comment_status":"open","ping_status":"closed","template":"","meta":{"_acf_changed":false},"brand":[2130],"gender":[2172],"product_brand":[],"product_cat":[1358,1356,2753],"product_tag":[],"class_list":{"0":"post-166054","1":"product","2":"type-product","3":"status-publish","4":"has-post-thumbnail","6":"brand-hjc-hr","7":"gender-unisex-hr","8":"product_cat-kacige","9":"product_cat-motociklisticka-oprema","10":"product_cat-sklopivi","11":"pa_size-l-hr","12":"pa_size-m-hr","13":"pa_size-s-hr","14":"pa_size-xl-hr","15":"pa_size-xs-hr","16":"pa_size-xxl-hr","18":"first","19":"outofstock","20":"taxable","21":"shipping-taxable","22":"purchasable","23":"product-type-variable"},"acf":[],"_links":{"self":[{"href":"https:\/\/moto-oprema.com\/hr\/wp-json\/wp\/v2\/product\/166054","targetHints":{"allow":["GET"]}}],"collection":[{"href":"https:\/\/moto-oprema.com\/hr\/wp-json\/wp\/v2\/product"}],"about":[{"href":"https:\/\/moto-oprema.com\/hr\/wp-json\/wp\/v2\/types\/product"}],"replies":[{"embeddable":true,"href":"https:\/\/moto-oprema.com\/hr\/wp-json\/wp\/v2\/comments?post=166054"}],"wp:featuredmedia":[{"embeddable":true,"href":"https:\/\/moto-oprema.com\/hr\/wp-json\/wp\/v2\/media\/165900"}],"wp:attachment":[{"href":"https:\/\/moto-oprema.com\/hr\/wp-json\/wp\/v2\/media?parent=166054"}],"wp:term":[{"taxonomy":"brand","embeddable":true,"href":"https:\/\/moto-oprema.com\/hr\/wp-json\/wp\/v2\/brand?post=166054"},{"taxonomy":"gender","embeddable":true,"href":"https:\/\/moto-oprema.com\/hr\/wp-json\/wp\/v2\/gender?post=166054"},{"taxonomy":"product_brand","embeddable":true,"href":"https:\/\/moto-oprema.com\/hr\/wp-json\/wp\/v2\/product_brand?post=166054"},{"taxonomy":"product_cat","embeddable":true,"href":"https:\/\/moto-oprema.com\/hr\/wp-json\/wp\/v2\/product_cat?post=166054"},{"taxonomy":"product_tag","embeddable":true,"href":"https:\/\/moto-oprema.com\/hr\/wp-json\/wp\/v2\/product_tag?post=166054"}],"curies":[{"name":"wp","href":"https:\/\/api.w.org\/{rel}","templated":true}]}}