{"id":163726,"date":"2025-09-17T07:28:31","date_gmt":"2025-09-17T07:28:31","guid":{"rendered":"https:\/\/moto-oprema.com\/?post_type=product&#038;p=163726"},"modified":"2025-09-18T07:17:04","modified_gmt":"2025-09-18T07:17:04","slug":"alpinestars-1-dijni-gp-tech-kombinezon-v4-bw-kopija-kopija","status":"publish","type":"product","link":"https:\/\/moto-oprema.com\/hr\/Artikel\/alpinestars-1-dijni-gp-tech-kombinezon-v4-bw-kopija-kopija\/","title":{"rendered":"ALPINESTARS 1-DIJ. GP TECH V5 ODIJELO CRNO BIJELO CRVENO FLUO"},"content":{"rendered":"<div class=\"rte\">\n<p>Ko\u017eno odijelo GP Tech v5 1PC dizajnirano je i optimizirano za vrhunske aerodinami\u010dke performanse, s izuzetno niskim otporom i pove\u0107anom stabilno\u0161\u0107u, kako u trka\u0107em polo\u017eaju tako i kada je potpuno nagnuto u zavojima. S jakim naglaskom na ergonomiju i slobodu kretanja, ovo odijelo omogu\u0107uje voza\u010dima da se opuste i u potpunosti iskoriste potencijal modernih sportskih i trka\u0107ih motocikala. S nizom zna\u010dajki izravno izvedenih iz MotoGP-a, odijelo GP Tech v5 uklju\u010duje potpuno novu konstrukciju trka\u0107eg uzorka za pobolj\u0161ano, prilagodljivo pristajanje, a istovremeno pru\u017ea naprednu otpornost na habanje i za\u0161titu od udara.  <\/p>\n<p>Zna\u010dajke:<\/p>\n<ul>\n<li>Izra\u0111ena od mje\u0161avine klokanove ko\u017ee i trka\u0107e kravlje ko\u017ee za vrhunsku otpornost na habanje, s dvostrukim slojem ko\u017ee na svim podru\u010djima najizlo\u017eenijim habanju, uklju\u010duju\u0107i laktove, podlaktice, sjedalo, bo\u010dne strane i le\u0111a.<\/li>\n<li>Zalijepljena Kevlar\u00ae mre\u017ea pru\u017ea ve\u0107u otpornost na posjekotine, kidanje i habanje, a istovremeno zna\u010dajno smanjuje prijenos topline na tijelo voza\u010da uzrokovan trenjem prilikom klizanja po asfaltu.<\/li>\n<li>Pove\u0107ana rastezljiva Kevlar\u00ae plo\u010da u me\u0111uno\u017eju za pove\u0107anu pokretljivost voza\u010da, s optimiziranim dizajnom \u0161avova za visoku razinu udobnosti.<\/li>\n<li>Potpuno novi gornji dio ramena i vrata ima glatku liniju \u0161ava od vrata do gornjeg dijela ramena za maksimalnu pokretljivost voza\u010da i smanjeni pritisak na vrat kada je voza\u010d u trka\u0107em polo\u017eaju.<\/li>\n<li>Potpuno novi harmonika\u0161ki remen za pobolj\u0161anu ergonomiju i aerodinamiku. Ova plo\u010da je postavljena ni\u017ee radi bolje funkcionalnosti, ali bez dodatnog materijala, te ima inovativni 3D prednapeti dizajn s 3D krivuljom sa strane koja pobolj\u0161ava aerodinamiku uz smanjenje koli\u010dine materijala. <\/li>\n<li>Speed \u200b\u200bCrest je posebno dizajniran za kori\u0161tenje s Alpinestars S-R10 kacigom za maksimalne aerodinami\u010dke performanse kada se nose zajedno.<\/li>\n<li>Strate\u0161ki postavljeni silikonski grip flaster na unutarnjoj strani nogu za bolji prihvat i kontakt sa spremnikom motocikla.<\/li>\n<li>Opremljen Alpinestars GP Tech kliza\u010dem za koljeno. Optimiziran za kori\u0161tenje na stazi i anatomski dizajniran za optimalni kontakt, ravnomjernu raspodjelu tro\u0161enja i manju te\u017einu, njegov tanak profil s kop\u010dom i strate\u0161ki postavljenim V-izrezima omogu\u0107uje preciznije pristajanje na koljeno, a istovremeno sprje\u010dava nabiranje materijala, dodatno pobolj\u0161avaju\u0107i aerodinami\u010dke performanse. <\/li>\n<\/ul>\n<p>Konstrukcija:<\/p>\n<ul>\n<li>Uklju\u010duje trka\u0107i kroj za preciznije pristajanje.<\/li>\n<li>Izrada od trka\u0107e ko\u017ee za vrhunsku otpornost na habanje, dodatno oja\u010dana potpuno novim dizajnom ko\u017enih zakrpa strate\u0161ki postavljenih na unutarnjoj strani lakta.<\/li>\n<li>Opse\u017ene perforacije za optimalnu cirkulaciju zraka i prozra\u010dnost.<\/li>\n<li>Aerodinami\u010dki vezana podstava na gornjim rukavima i le\u0111ima zagla\u0111uje povr\u0161inu materijala, smanjuju\u0107i otpor zraka, a istovremeno pru\u017ea ve\u0107u otpornost na habanje i strukturnu \u010dvrsto\u0107u.<\/li>\n<li>Trostruko pro\u0161ivanje na vanjskoj strani \u010darapa uklju\u010duje ravni \u0161av s dvostrukim pro\u0161ivanjem du\u017e cijele duljine kombinezona za pove\u0107anu otpornost na habanje.<\/li>\n<li>Podstava kombinezona po cijeloj du\u017eini uklju\u010duje integrirano punjenje za dodatnu otpornost na udarce.<\/li>\n<li>Opse\u017eni umeci od rastezljive likre na strate\u0161kim mjestima omogu\u0107uju slobodu kretanja.<\/li>\n<li>Unaprijed oblikovani rukavi s fleksibilnim, su\u017eenim izrezom na zglobu za vrhunsku slobodu kretanja i kutnim patentnim zatvara\u010dem za minimalni pritisak na zglob.<\/li>\n<li>Lagana i prozra\u010dna rastezljiva tkanina na donjem dijelu nogavica omogu\u0107uje voza\u010dima no\u0161enje odijela preko ili ispod unutarnje \u010dizme Alpinestars Supertech R.<\/li>\n<li>Mre\u017easta podstava za pove\u0107anu prozra\u010dnost i udobnost.<\/li>\n<\/ul>\n<p>Za\u0161tita:<\/p>\n<ul>\n<li>CE kategorija II OZO Uredba (EU) 2016\/425 &#8211; klasa AAA.<\/li>\n<li>Nucleon PLASMA za\u0161tita razine 2 za ramena, laktove i koljena, s GP DFS (Dynamic Friction Shield) RR kompletom na laktovima, ramenima i laktovima, za za\u0161titu od udaraca i ogrebotina na razini utrka.<\/li>\n<li>SPREMAN ZA TECH-AIR\u00ae: GP Tech v5 kompatibilan je s Tech-Air\u00ae 7x i ima potpuno plutaju\u0107i kroj, s prednjim patentnim zatvara\u010dima. Tako\u0111er je optimiziran za upotrebu sa zra\u010dnim jastucima Tech-Air\u00ae 5 i Tech-Air\u00ae 10 za maksimalnu za\u0161titu voza\u010da. <\/li>\n<li>Kevlar\u00ae je za\u0161titni znak ili registrirani za\u0161titni znak tvrtke DuPont de Nemours, Inc., podru\u017enice tvrtke Alpinestars SpA, koji se koristi pod licencom.<\/li>\n<\/ul>\n<p>&nbsp;<\/p>\n<p>&nbsp;<\/p>\n<\/div>\n<div class=\"rte\">Sastav sirovine: 100% ko\u017ea<\/div>\n","protected":false},"excerpt":{"rendered":"<p>Boja: Crna i bijela<\/p>\n","protected":false},"featured_media":163776,"comment_status":"open","ping_status":"closed","template":"","meta":{"_acf_changed":false},"brand":[2748],"gender":[2168],"product_brand":[],"product_cat":[2879,1356],"product_tag":[],"class_list":{"0":"post-163726","1":"product","2":"type-product","3":"status-publish","4":"has-post-thumbnail","6":"brand-alpinestars-hr","7":"gender-moski-de","8":"product_cat-jednodijelni-kombinezoni","9":"product_cat-motociklisticka-oprema","10":"pa_size-44-hr","11":"pa_size-46-hr","12":"pa_size-48-hr","13":"pa_size-50-hr","14":"pa_size-52-hr","15":"pa_size-54-hr","16":"pa_size-56-hr","17":"pa_size-58-hr","19":"first","20":"instock","21":"sale","22":"taxable","23":"shipping-taxable","24":"purchasable","25":"product-type-variable"},"acf":[],"_links":{"self":[{"href":"https:\/\/moto-oprema.com\/hr\/wp-json\/wp\/v2\/product\/163726","targetHints":{"allow":["GET"]}}],"collection":[{"href":"https:\/\/moto-oprema.com\/hr\/wp-json\/wp\/v2\/product"}],"about":[{"href":"https:\/\/moto-oprema.com\/hr\/wp-json\/wp\/v2\/types\/product"}],"replies":[{"embeddable":true,"href":"https:\/\/moto-oprema.com\/hr\/wp-json\/wp\/v2\/comments?post=163726"}],"wp:featuredmedia":[{"embeddable":true,"href":"https:\/\/moto-oprema.com\/hr\/wp-json\/wp\/v2\/media\/163776"}],"wp:attachment":[{"href":"https:\/\/moto-oprema.com\/hr\/wp-json\/wp\/v2\/media?parent=163726"}],"wp:term":[{"taxonomy":"brand","embeddable":true,"href":"https:\/\/moto-oprema.com\/hr\/wp-json\/wp\/v2\/brand?post=163726"},{"taxonomy":"gender","embeddable":true,"href":"https:\/\/moto-oprema.com\/hr\/wp-json\/wp\/v2\/gender?post=163726"},{"taxonomy":"product_brand","embeddable":true,"href":"https:\/\/moto-oprema.com\/hr\/wp-json\/wp\/v2\/product_brand?post=163726"},{"taxonomy":"product_cat","embeddable":true,"href":"https:\/\/moto-oprema.com\/hr\/wp-json\/wp\/v2\/product_cat?post=163726"},{"taxonomy":"product_tag","embeddable":true,"href":"https:\/\/moto-oprema.com\/hr\/wp-json\/wp\/v2\/product_tag?post=163726"}],"curies":[{"name":"wp","href":"https:\/\/api.w.org\/{rel}","templated":true}]}}