{"id":163224,"date":"2025-09-08T09:54:09","date_gmt":"2025-09-08T09:54:09","guid":{"rendered":"https:\/\/moto-oprema.com\/?post_type=product&#038;p=163224"},"modified":"2025-09-08T10:02:25","modified_gmt":"2025-09-08T10:02:25","slug":"shad-ploca-za-montazu-gornjeg-kutija-kopija","status":"publish","type":"product","link":"https:\/\/moto-oprema.com\/hr\/Artikel\/shad-ploca-za-montazu-gornjeg-kutija-kopija\/","title":{"rendered":"SHAD ALUMINIJSKA MONTA\u017dNA PLO\u010cA ZA GORNJI KUTIJA SREBRNA"},"content":{"rendered":"<p>Shad aluminijska monta\u017ena plo\u010da za pri\u010dvr\u0161\u0107ivanje Terra kofera. Izra\u0111ena od punog aluminija debljine 5 mm i laserski rezana, \u0161to omogu\u0107uje inovativan i funkcionalan dizajn: bolju integraciju u motocikl i dodatne to\u010dke monta\u017ee za prijevoz dodatnog tereta. Dizajnirana i proizvedena u Barceloni. Pogodna za SHAD kofere iz Terra serije.   <\/p>\n<p>8 dodatnih to\u010daka pri\u010dvr\u0161\u0107ivanja za no\u0161enje dodatnog tereta kada kofer nije instaliran.<br \/>\n<strong>Monta\u017ena plo\u010da je kompatibilna s obitelji TERRA i obitelji SH (SH48, SH50, SH58X i SH59X).<\/strong><br \/>\nUklju\u010deno: svi potrebni dijelovi za ugradnju na ve\u0107inu SHAD Top Master nosa\u010da (provjerite kompatibilnost na shad.es) ili izravno na originalnu monta\u017enu plo\u010du motocikla.<\/p>\n","protected":false},"excerpt":{"rendered":"<p>Nosiva plo\u010da od aluminija debljine 5 mm, izrezana laserom, omogu\u0107uje inovativan i funkcionalan dizajn: bolju integraciju&#8230;<\/p>\n","protected":false},"featured_media":163232,"comment_status":"open","ping_status":"closed","template":"","meta":{"_acf_changed":false},"brand":[],"gender":[],"product_brand":[],"product_cat":[2730,2729],"product_tag":[],"class_list":{"0":"post-163224","1":"product","2":"type-product","3":"status-publish","4":"has-post-thumbnail","6":"product_cat-koferi-i-torbe","7":"product_cat-pribor","9":"first","10":"instock","11":"sale","12":"taxable","13":"shipping-taxable","14":"purchasable","15":"product-type-simple"},"acf":[],"_links":{"self":[{"href":"https:\/\/moto-oprema.com\/hr\/wp-json\/wp\/v2\/product\/163224","targetHints":{"allow":["GET"]}}],"collection":[{"href":"https:\/\/moto-oprema.com\/hr\/wp-json\/wp\/v2\/product"}],"about":[{"href":"https:\/\/moto-oprema.com\/hr\/wp-json\/wp\/v2\/types\/product"}],"replies":[{"embeddable":true,"href":"https:\/\/moto-oprema.com\/hr\/wp-json\/wp\/v2\/comments?post=163224"}],"wp:featuredmedia":[{"embeddable":true,"href":"https:\/\/moto-oprema.com\/hr\/wp-json\/wp\/v2\/media\/163232"}],"wp:attachment":[{"href":"https:\/\/moto-oprema.com\/hr\/wp-json\/wp\/v2\/media?parent=163224"}],"wp:term":[{"taxonomy":"brand","embeddable":true,"href":"https:\/\/moto-oprema.com\/hr\/wp-json\/wp\/v2\/brand?post=163224"},{"taxonomy":"gender","embeddable":true,"href":"https:\/\/moto-oprema.com\/hr\/wp-json\/wp\/v2\/gender?post=163224"},{"taxonomy":"product_brand","embeddable":true,"href":"https:\/\/moto-oprema.com\/hr\/wp-json\/wp\/v2\/product_brand?post=163224"},{"taxonomy":"product_cat","embeddable":true,"href":"https:\/\/moto-oprema.com\/hr\/wp-json\/wp\/v2\/product_cat?post=163224"},{"taxonomy":"product_tag","embeddable":true,"href":"https:\/\/moto-oprema.com\/hr\/wp-json\/wp\/v2\/product_tag?post=163224"}],"curies":[{"name":"wp","href":"https:\/\/api.w.org\/{rel}","templated":true}]}}